{"id":9275,"date":"2026-02-24T15:32:41","date_gmt":"2026-02-24T14:32:41","guid":{"rendered":"https:\/\/www.strzodowie.pl\/sklep\/?post_type=product&#038;p=9275"},"modified":"2026-02-24T15:32:41","modified_gmt":"2026-02-24T14:32:41","slug":"emporio-armani-ea4257u","status":"publish","type":"product","link":"https:\/\/www.strzodowie.pl\/sklep\/product\/emporio-armani-ea4257u\/","title":{"rendered":"Emporio Armani EA4257U"},"content":{"rendered":"<p data-start=\"0\" data-end=\"41\"><strong data-start=\"0\" data-end=\"41\"><span class=\"inline align-baseline\"><span class=\"whitespace-normal\"><span class=\"hover:entity-accent entity-underline cursor-pointer\">Emporio Armani EA4257U 500181<\/span><\/span><\/span><\/strong><\/p>\n<p data-start=\"43\" data-end=\"438\">Model EA4257-500181 to eleganckie okulary przeciws\u0142oneczne o klasycznym, prostok\u0105tnym kszta\u0142cie, kt\u00f3re \u0142\u0105cz\u0105 ponadczasowy styl z funkcjonalno\u015bci\u0105. Ich uniwersalna forma i przyciemnione soczewki z polaryzacj\u0105 sprawiaj\u0105, \u017ce \u015bwietnie sprawdzaj\u0105 si\u0119 w codziennych i miejskich stylizacjach, zapewniaj\u0105c komfort widzenia nawet przy intensywnym \u015bwietle s\u0142onecznym.<\/p>\n<p data-start=\"440\" data-end=\"662\"><strong data-start=\"440\" data-end=\"460\">Dane techniczne:<\/strong><br data-start=\"460\" data-end=\"463\" \/>\u2022 Soczewka: 57 mm<br data-start=\"480\" data-end=\"483\" \/>\u2022 Mostek: 17 mm<br data-start=\"498\" data-end=\"501\" \/>\u2022 Zausznik: 145 mm<br data-start=\"519\" data-end=\"522\" \/>\u2022 Materia\u0142: tworzywo sztuczne<br data-start=\"551\" data-end=\"554\" \/>\u2022 Rodzaj oprawy: pe\u0142na<br data-start=\"576\" data-end=\"579\" \/>\u2022 Soczewki: polaryzacyjne (redukuj\u0105 odblaski)<\/p>\n<p data-start=\"664\" data-end=\"873\"><strong data-start=\"664\" data-end=\"704\">Dlaczego warto wybra\u0107 EA4257-500181?<\/strong><br data-start=\"704\" data-end=\"707\" \/>\u2022 Klasyczna, elegancka forma idealna do wielu stylizacji<br data-start=\"763\" data-end=\"766\" \/>\u2022 Polaryzowane soczewki poprawiaj\u0105 komfort widzenia<br data-start=\"817\" data-end=\"820\" \/>\u2022 Lekka i trwa\u0142a konstrukcja zapewnia wygod\u0119 noszenia<\/p>\n","protected":false},"excerpt":{"rendered":"<p>Emporio Armani EA4257U 500181 Model EA4257-500181 to eleganckie okulary przeciws\u0142oneczne o klasycznym, prostok\u0105tnym kszta\u0142cie, kt\u00f3re \u0142\u0105cz\u0105 ponadczasowy styl z funkcjonalno\u015bci\u0105. Ich uniwersalna forma i przyciemnione soczewki z polaryzacj\u0105 sprawiaj\u0105, \u017ce \u015bwietnie sprawdzaj\u0105 si\u0119 w codziennych i miejskich stylizacjach, zapewniaj\u0105c komfort widzenia nawet przy intensywnym \u015bwietle s\u0142onecznym. Dane techniczne:\u2022 Soczewka: 57 mm\u2022 Mostek: 17 mm\u2022 Zausznik: [&hellip;]<\/p>\n","protected":false},"featured_media":9276,"comment_status":"open","ping_status":"closed","template":"","meta":{"_acf_changed":false},"product_brand":[561],"product_cat":[51],"product_tag":[542,214,544,553,541,227,570,569,378,204],"class_list":{"0":"post-9275","1":"product","2":"type-product","3":"status-publish","4":"has-post-thumbnail","6":"product_brand-emporio-armani","7":"product_cat-okulary-przeciwsloneczne","8":"product_tag-designerskie","9":"product_tag-eleganckie","10":"product_tag-komfortowe","11":"product_tag-miejskie","12":"product_tag-modne","13":"product_tag-pelna-oprawa","14":"product_tag-polaryzacyjne","15":"product_tag-trwale","16":"product_tag-unisex","17":"product_tag-uv400","19":"first","20":"onbackorder","21":"shipping-taxable","22":"purchasable","23":"product-type-simple"},"acf":[],"_links":{"self":[{"href":"https:\/\/www.strzodowie.pl\/sklep\/wp-json\/wp\/v2\/product\/9275","targetHints":{"allow":["GET"]}}],"collection":[{"href":"https:\/\/www.strzodowie.pl\/sklep\/wp-json\/wp\/v2\/product"}],"about":[{"href":"https:\/\/www.strzodowie.pl\/sklep\/wp-json\/wp\/v2\/types\/product"}],"replies":[{"embeddable":true,"href":"https:\/\/www.strzodowie.pl\/sklep\/wp-json\/wp\/v2\/comments?post=9275"}],"wp:featuredmedia":[{"embeddable":true,"href":"https:\/\/www.strzodowie.pl\/sklep\/wp-json\/wp\/v2\/media\/9276"}],"wp:attachment":[{"href":"https:\/\/www.strzodowie.pl\/sklep\/wp-json\/wp\/v2\/media?parent=9275"}],"wp:term":[{"taxonomy":"product_brand","embeddable":true,"href":"https:\/\/www.strzodowie.pl\/sklep\/wp-json\/wp\/v2\/product_brand?post=9275"},{"taxonomy":"product_cat","embeddable":true,"href":"https:\/\/www.strzodowie.pl\/sklep\/wp-json\/wp\/v2\/product_cat?post=9275"},{"taxonomy":"product_tag","embeddable":true,"href":"https:\/\/www.strzodowie.pl\/sklep\/wp-json\/wp\/v2\/product_tag?post=9275"}],"curies":[{"name":"wp","href":"https:\/\/api.w.org\/{rel}","templated":true}]}}