{"id":9267,"date":"2026-02-24T15:22:09","date_gmt":"2026-02-24T14:22:09","guid":{"rendered":"https:\/\/www.strzodowie.pl\/sklep\/?post_type=product&#038;p=9267"},"modified":"2026-02-24T15:22:09","modified_gmt":"2026-02-24T14:22:09","slug":"emporio-armani-ea4244u","status":"publish","type":"product","link":"https:\/\/www.strzodowie.pl\/sklep\/product\/emporio-armani-ea4244u\/","title":{"rendered":"Emporio Armani EA4244U"},"content":{"rendered":"<h3 class=\"western\"><strong>Emporio Armani EA4244U-50018G<\/strong><\/h3>\n<p>Model EA4244U 50018G to nowoczesne okulary przeciws\u0142oneczne o wyrazistym kszta\u0142cie, kt\u00f3re dodaj\u0105 charakteru ka\u017cdej stylizacji i zapewniaj\u0105 ochron\u0119 UV podczas s\u0142onecznych dni.<\/p>\n<p><strong>Dane techniczne:<\/strong><br \/>\n\u2022 Soczewka: 57 mm<br \/>\n\u2022 Mostek: 18 mm<br \/>\n\u2022 Zausznik: 145 mm<br \/>\n\u2022 Materia\u0142: tworzywo<br \/>\n\u2022 Rodzaj oprawy: pe\u0142na<\/p>\n<p><strong>Dlaczego warto wybra\u0107 EA4244U-50018G?<\/strong><br \/>\n\u2022 \u015amia\u0142e, modowe linie<br \/>\n\u2022 Uniwersalne dopasowanie<br \/>\n\u2022 Komfort u\u017cytkowania<\/p>\n","protected":false},"excerpt":{"rendered":"<p>Emporio Armani EA4244U-50018G Model EA4244U 50018G to nowoczesne okulary przeciws\u0142oneczne o wyrazistym kszta\u0142cie, kt\u00f3re dodaj\u0105 charakteru ka\u017cdej stylizacji i zapewniaj\u0105 ochron\u0119 UV podczas s\u0142onecznych dni. Dane techniczne: \u2022 Soczewka: 57 mm \u2022 Mostek: 18 mm \u2022 Zausznik: 145 mm \u2022 Materia\u0142: tworzywo \u2022 Rodzaj oprawy: pe\u0142na Dlaczego warto wybra\u0107 EA4244U-50018G? \u2022 \u015amia\u0142e, modowe linie \u2022 [&hellip;]<\/p>\n","protected":false},"featured_media":9268,"comment_status":"open","ping_status":"closed","template":"","meta":{"_acf_changed":false},"product_brand":[561],"product_cat":[51],"product_tag":[562,542,544,554,541,546,549,378,204,555],"class_list":{"0":"post-9267","1":"product","2":"type-product","3":"status-publish","4":"has-post-thumbnail","6":"product_brand-emporio-armani","7":"product_cat-okulary-przeciwsloneczne","8":"product_tag-codzienne","9":"product_tag-designerskie","10":"product_tag-komfortowe","11":"product_tag-letnie","12":"product_tag-modne","13":"product_tag-pelne","14":"product_tag-stylowe","15":"product_tag-unisex","16":"product_tag-uv400","17":"product_tag-wyraziste","19":"first","20":"onbackorder","21":"shipping-taxable","22":"purchasable","23":"product-type-simple"},"acf":[],"_links":{"self":[{"href":"https:\/\/www.strzodowie.pl\/sklep\/wp-json\/wp\/v2\/product\/9267","targetHints":{"allow":["GET"]}}],"collection":[{"href":"https:\/\/www.strzodowie.pl\/sklep\/wp-json\/wp\/v2\/product"}],"about":[{"href":"https:\/\/www.strzodowie.pl\/sklep\/wp-json\/wp\/v2\/types\/product"}],"replies":[{"embeddable":true,"href":"https:\/\/www.strzodowie.pl\/sklep\/wp-json\/wp\/v2\/comments?post=9267"}],"wp:featuredmedia":[{"embeddable":true,"href":"https:\/\/www.strzodowie.pl\/sklep\/wp-json\/wp\/v2\/media\/9268"}],"wp:attachment":[{"href":"https:\/\/www.strzodowie.pl\/sklep\/wp-json\/wp\/v2\/media?parent=9267"}],"wp:term":[{"taxonomy":"product_brand","embeddable":true,"href":"https:\/\/www.strzodowie.pl\/sklep\/wp-json\/wp\/v2\/product_brand?post=9267"},{"taxonomy":"product_cat","embeddable":true,"href":"https:\/\/www.strzodowie.pl\/sklep\/wp-json\/wp\/v2\/product_cat?post=9267"},{"taxonomy":"product_tag","embeddable":true,"href":"https:\/\/www.strzodowie.pl\/sklep\/wp-json\/wp\/v2\/product_tag?post=9267"}],"curies":[{"name":"wp","href":"https:\/\/api.w.org\/{rel}","templated":true}]}}