{"id":9261,"date":"2026-02-24T15:11:24","date_gmt":"2026-02-24T14:11:24","guid":{"rendered":"https:\/\/www.strzodowie.pl\/sklep\/?post_type=product&#038;p=9261"},"modified":"2026-02-24T15:11:24","modified_gmt":"2026-02-24T14:11:24","slug":"emporio-armani-ea2172d","status":"publish","type":"product","link":"https:\/\/www.strzodowie.pl\/sklep\/product\/emporio-armani-ea2172d\/","title":{"rendered":"Emporio Armani EA2172D"},"content":{"rendered":"<h3 data-start=\"3056\" data-end=\"3095\"><strong data-start=\"3060\" data-end=\"3093\">Emporio Armani EA2172D-300113<\/strong><\/h3>\n<p data-start=\"3096\" data-end=\"3313\">Model EA2172D 300113 to wyrafinowane okulary przeciws\u0142oneczne, kt\u00f3re \u0142\u0105cz\u0105 klasyk\u0119 z delikatnym akcentem stylu. Ich dopasowany kszta\u0142t sprawia, \u017ce sprawdz\u0105 si\u0119 zar\u00f3wno na co dzie\u0144, jak i w bardziej formalnych lookach.<\/p>\n<p data-start=\"3315\" data-end=\"3434\"><strong data-start=\"2028\" data-end=\"2048\">Dane techniczne:<\/strong><br data-start=\"2048\" data-end=\"2051\" \/>\u2022 Soczewka: 60 mm<br data-start=\"2068\" data-end=\"2071\" \/>\u2022 Mostek: 17 mm<br data-start=\"2086\" data-end=\"2089\" \/>\u2022 Zausznik: 150 mm<br data-start=\"3377\" data-end=\"3380\" \/>\u2022 Materia\u0142: metal<br data-start=\"3409\" data-end=\"3412\" \/>\u2022 Rodzaj oprawy: pe\u0142na<\/p>\n<p data-start=\"3436\" data-end=\"3569\"><strong data-start=\"3436\" data-end=\"3477\">Dlaczego warto wybra\u0107 EA2172D-300113?<\/strong><br data-start=\"3477\" data-end=\"3480\" \/>\u2022 Nowoczesna, subtelna forma<br data-start=\"3508\" data-end=\"3511\" \/>\u2022 Elegancja w ka\u017cdym detalu<br data-start=\"3538\" data-end=\"3541\" \/>\u2022 Ochrona oczu przed s\u0142o\u0144cem<\/p>\n","protected":false},"excerpt":{"rendered":"<p>Emporio Armani EA2172D-300113 Model EA2172D 300113 to wyrafinowane okulary przeciws\u0142oneczne, kt\u00f3re \u0142\u0105cz\u0105 klasyk\u0119 z delikatnym akcentem stylu. Ich dopasowany kszta\u0142t sprawia, \u017ce sprawdz\u0105 si\u0119 zar\u00f3wno na co dzie\u0144, jak i w bardziej formalnych lookach. Dane techniczne:\u2022 Soczewka: 60 mm\u2022 Mostek: 17 mm\u2022 Zausznik: 150 mm\u2022 Materia\u0142: metal\u2022 Rodzaj oprawy: pe\u0142na Dlaczego warto wybra\u0107 EA2172D-300113?\u2022 Nowoczesna, [&hellip;]<\/p>\n","protected":false},"featured_media":9262,"comment_status":"open","ping_status":"closed","template":"","meta":{"_acf_changed":false},"product_brand":[561],"product_cat":[51],"product_tag":[562,542,548,544,543,541,546,549,378,204],"class_list":{"0":"post-9261","1":"product","2":"type-product","3":"status-publish","4":"has-post-thumbnail","6":"product_brand-emporio-armani","7":"product_cat-okulary-przeciwsloneczne","8":"product_tag-codzienne","9":"product_tag-designerskie","10":"product_tag-klasyczne","11":"product_tag-komfortowe","12":"product_tag-lekkie","13":"product_tag-modne","14":"product_tag-pelne","15":"product_tag-stylowe","16":"product_tag-unisex","17":"product_tag-uv400","19":"first","20":"onbackorder","21":"shipping-taxable","22":"purchasable","23":"product-type-simple"},"acf":[],"_links":{"self":[{"href":"https:\/\/www.strzodowie.pl\/sklep\/wp-json\/wp\/v2\/product\/9261","targetHints":{"allow":["GET"]}}],"collection":[{"href":"https:\/\/www.strzodowie.pl\/sklep\/wp-json\/wp\/v2\/product"}],"about":[{"href":"https:\/\/www.strzodowie.pl\/sklep\/wp-json\/wp\/v2\/types\/product"}],"replies":[{"embeddable":true,"href":"https:\/\/www.strzodowie.pl\/sklep\/wp-json\/wp\/v2\/comments?post=9261"}],"wp:featuredmedia":[{"embeddable":true,"href":"https:\/\/www.strzodowie.pl\/sklep\/wp-json\/wp\/v2\/media\/9262"}],"wp:attachment":[{"href":"https:\/\/www.strzodowie.pl\/sklep\/wp-json\/wp\/v2\/media?parent=9261"}],"wp:term":[{"taxonomy":"product_brand","embeddable":true,"href":"https:\/\/www.strzodowie.pl\/sklep\/wp-json\/wp\/v2\/product_brand?post=9261"},{"taxonomy":"product_cat","embeddable":true,"href":"https:\/\/www.strzodowie.pl\/sklep\/wp-json\/wp\/v2\/product_cat?post=9261"},{"taxonomy":"product_tag","embeddable":true,"href":"https:\/\/www.strzodowie.pl\/sklep\/wp-json\/wp\/v2\/product_tag?post=9261"}],"curies":[{"name":"wp","href":"https:\/\/api.w.org\/{rel}","templated":true}]}}