{"id":9258,"date":"2026-02-24T14:57:03","date_gmt":"2026-02-24T13:57:03","guid":{"rendered":"https:\/\/www.strzodowie.pl\/sklep\/?post_type=product&#038;p=9258"},"modified":"2026-02-24T15:08:20","modified_gmt":"2026-02-24T14:08:20","slug":"9258","status":"publish","type":"product","link":"https:\/\/www.strzodowie.pl\/sklep\/product\/9258\/","title":{"rendered":"Emporio Armani EA2171"},"content":{"rendered":"<h3 data-start=\"2449\" data-end=\"2487\"><strong data-start=\"2453\" data-end=\"2485\">Emporio Armani EA2171-300213<\/strong><\/h3>\n<p data-start=\"2488\" data-end=\"2669\">Model EA2171 300213 to eleganckie okulary przeciws\u0142oneczne, kt\u00f3re wyr\u00f3\u017cniaj\u0105 si\u0119 subteln\u0105 lini\u0105 i nowoczesnym wyko\u0144czeniem. Idealne dla os\u00f3b, kt\u00f3re szukaj\u0105 modowego dodatku z klas\u0105.<\/p>\n<p data-start=\"2671\" data-end=\"2790\"><strong data-start=\"2028\" data-end=\"2048\">Dane techniczne:<\/strong><br data-start=\"2048\" data-end=\"2051\" \/>\u2022 Soczewka: 57 mm<br data-start=\"2068\" data-end=\"2071\" \/>\u2022 Mostek: 20 mm<br data-start=\"2086\" data-end=\"2089\" \/>\u2022 Zausznik: 145 mm<br data-start=\"2733\" data-end=\"2736\" \/>\u2022 Materia\u0142: tworzywo sztuczne<br data-start=\"2765\" data-end=\"2768\" \/>\u2022 Rodzaj oprawy: pe\u0142na<\/p>\n<p data-start=\"2792\" data-end=\"2945\"><strong data-start=\"2792\" data-end=\"2832\">Dlaczego warto wybra\u0107 EA2171-300213?<\/strong><br data-start=\"2832\" data-end=\"2835\" \/>\u2022 Elegancka, lekko zaokr\u0105glona forma<br data-start=\"2871\" data-end=\"2874\" \/>\u2022 Stylowy wygl\u0105d pasuj\u0105cy do r\u00f3\u017cnych stylizacji<br data-start=\"2921\" data-end=\"2924\" \/>\u2022 Komfortowe noszenie<\/p>\n","protected":false},"excerpt":{"rendered":"<p>Emporio Armani EA2171-300213 Model EA2171 300213 to eleganckie okulary przeciws\u0142oneczne, kt\u00f3re wyr\u00f3\u017cniaj\u0105 si\u0119 subteln\u0105 lini\u0105 i nowoczesnym wyko\u0144czeniem. Idealne dla os\u00f3b, kt\u00f3re szukaj\u0105 modowego dodatku z klas\u0105. Dane techniczne:\u2022 Soczewka: 57 mm\u2022 Mostek: 20 mm\u2022 Zausznik: 145 mm\u2022 Materia\u0142: tworzywo sztuczne\u2022 Rodzaj oprawy: pe\u0142na Dlaczego warto wybra\u0107 EA2171-300213?\u2022 Elegancka, lekko zaokr\u0105glona forma\u2022 Stylowy wygl\u0105d pasuj\u0105cy [&hellip;]<\/p>\n","protected":false},"featured_media":9259,"comment_status":"open","ping_status":"closed","template":"","meta":{"_acf_changed":false},"product_brand":[561],"product_cat":[51],"product_tag":[562,542,548,544,541,546,209,569,378,204],"class_list":{"0":"post-9258","1":"product","2":"type-product","3":"status-publish","4":"has-post-thumbnail","6":"product_brand-emporio-armani","7":"product_cat-okulary-przeciwsloneczne","8":"product_tag-codzienne","9":"product_tag-designerskie","10":"product_tag-klasyczne","11":"product_tag-komfortowe","12":"product_tag-modne","13":"product_tag-pelne","14":"product_tag-prostokatne","15":"product_tag-trwale","16":"product_tag-unisex","17":"product_tag-uv400","19":"first","20":"onbackorder","21":"shipping-taxable","22":"purchasable","23":"product-type-simple"},"acf":[],"_links":{"self":[{"href":"https:\/\/www.strzodowie.pl\/sklep\/wp-json\/wp\/v2\/product\/9258","targetHints":{"allow":["GET"]}}],"collection":[{"href":"https:\/\/www.strzodowie.pl\/sklep\/wp-json\/wp\/v2\/product"}],"about":[{"href":"https:\/\/www.strzodowie.pl\/sklep\/wp-json\/wp\/v2\/types\/product"}],"replies":[{"embeddable":true,"href":"https:\/\/www.strzodowie.pl\/sklep\/wp-json\/wp\/v2\/comments?post=9258"}],"wp:featuredmedia":[{"embeddable":true,"href":"https:\/\/www.strzodowie.pl\/sklep\/wp-json\/wp\/v2\/media\/9259"}],"wp:attachment":[{"href":"https:\/\/www.strzodowie.pl\/sklep\/wp-json\/wp\/v2\/media?parent=9258"}],"wp:term":[{"taxonomy":"product_brand","embeddable":true,"href":"https:\/\/www.strzodowie.pl\/sklep\/wp-json\/wp\/v2\/product_brand?post=9258"},{"taxonomy":"product_cat","embeddable":true,"href":"https:\/\/www.strzodowie.pl\/sklep\/wp-json\/wp\/v2\/product_cat?post=9258"},{"taxonomy":"product_tag","embeddable":true,"href":"https:\/\/www.strzodowie.pl\/sklep\/wp-json\/wp\/v2\/product_tag?post=9258"}],"curies":[{"name":"wp","href":"https:\/\/api.w.org\/{rel}","templated":true}]}}