{"id":9256,"date":"2026-02-24T14:53:44","date_gmt":"2026-02-24T13:53:44","guid":{"rendered":"https:\/\/www.strzodowie.pl\/sklep\/?post_type=product&#038;p=9256"},"modified":"2026-02-24T14:53:44","modified_gmt":"2026-02-24T13:53:44","slug":"emporio-armani-ea2169","status":"publish","type":"product","link":"https:\/\/www.strzodowie.pl\/sklep\/product\/emporio-armani-ea2169\/","title":{"rendered":"Emporio Armani EA2169"},"content":{"rendered":"<h3 data-start=\"1751\" data-end=\"1789\"><strong data-start=\"1755\" data-end=\"1787\">Emporio Armani EA2169-30018G<\/strong><\/h3>\n<p data-start=\"1790\" data-end=\"2026\">Model EA2169 30018G to ponadczasowa propozycja w formie prostok\u0105tnej oprawy, kt\u00f3ra harmonijnie \u0142\u0105czy klasyk\u0119 z nowoczesnym detalem. Dobrze dopasowany kszta\u0142t sprawdza si\u0119 przy r\u00f3\u017cnych typach twarzy.<\/p>\n<p data-start=\"2028\" data-end=\"2198\"><strong data-start=\"2028\" data-end=\"2048\">Dane techniczne:<\/strong><br data-start=\"2048\" data-end=\"2051\" \/>\u2022 Soczewka: 57 mm<br data-start=\"2068\" data-end=\"2071\" \/>\u2022 Mostek: 17 mm<br data-start=\"2086\" data-end=\"2089\" \/>\u2022 Zausznik: 145 mm<br data-start=\"2107\" data-end=\"2110\" \/>\u2022 Materia\u0142: metal\/plastik<br data-start=\"2135\" data-end=\"2138\" \/>\u2022 Rodzaj oprawy: pe\u0142na<\/p>\n<p data-start=\"2200\" data-end=\"2334\"><strong data-start=\"2200\" data-end=\"2240\">Dlaczego warto wybra\u0107 EA2169-30018G?<\/strong><br data-start=\"2240\" data-end=\"2243\" \/>\u2022 Klasyczna, elegancka forma<br data-start=\"2271\" data-end=\"2274\" \/>\u2022 Solidne wykonanie i ochrona UV<br data-start=\"2306\" data-end=\"2309\" \/>\u2022 Uniwersalne dopasowanie<\/p>\n","protected":false},"excerpt":{"rendered":"<p>Emporio Armani EA2169-30018G Model EA2169 30018G to ponadczasowa propozycja w formie prostok\u0105tnej oprawy, kt\u00f3ra harmonijnie \u0142\u0105czy klasyk\u0119 z nowoczesnym detalem. Dobrze dopasowany kszta\u0142t sprawdza si\u0119 przy r\u00f3\u017cnych typach twarzy. Dane techniczne:\u2022 Soczewka: 57 mm\u2022 Mostek: 17 mm\u2022 Zausznik: 145 mm\u2022 Materia\u0142: metal\/plastik\u2022 Rodzaj oprawy: pe\u0142na Dlaczego warto wybra\u0107 EA2169-30018G?\u2022 Klasyczna, elegancka forma\u2022 Solidne wykonanie i [&hellip;]<\/p>\n","protected":false},"featured_media":9257,"comment_status":"open","ping_status":"closed","template":"","meta":{"_acf_changed":false},"product_brand":[561],"product_cat":[51],"product_tag":[562,542,548,544,541,546,209,569,378,204],"class_list":{"0":"post-9256","1":"product","2":"type-product","3":"status-publish","4":"has-post-thumbnail","6":"product_brand-emporio-armani","7":"product_cat-okulary-przeciwsloneczne","8":"product_tag-codzienne","9":"product_tag-designerskie","10":"product_tag-klasyczne","11":"product_tag-komfortowe","12":"product_tag-modne","13":"product_tag-pelne","14":"product_tag-prostokatne","15":"product_tag-trwale","16":"product_tag-unisex","17":"product_tag-uv400","19":"first","20":"onbackorder","21":"shipping-taxable","22":"purchasable","23":"product-type-simple"},"acf":[],"_links":{"self":[{"href":"https:\/\/www.strzodowie.pl\/sklep\/wp-json\/wp\/v2\/product\/9256","targetHints":{"allow":["GET"]}}],"collection":[{"href":"https:\/\/www.strzodowie.pl\/sklep\/wp-json\/wp\/v2\/product"}],"about":[{"href":"https:\/\/www.strzodowie.pl\/sklep\/wp-json\/wp\/v2\/types\/product"}],"replies":[{"embeddable":true,"href":"https:\/\/www.strzodowie.pl\/sklep\/wp-json\/wp\/v2\/comments?post=9256"}],"wp:featuredmedia":[{"embeddable":true,"href":"https:\/\/www.strzodowie.pl\/sklep\/wp-json\/wp\/v2\/media\/9257"}],"wp:attachment":[{"href":"https:\/\/www.strzodowie.pl\/sklep\/wp-json\/wp\/v2\/media?parent=9256"}],"wp:term":[{"taxonomy":"product_brand","embeddable":true,"href":"https:\/\/www.strzodowie.pl\/sklep\/wp-json\/wp\/v2\/product_brand?post=9256"},{"taxonomy":"product_cat","embeddable":true,"href":"https:\/\/www.strzodowie.pl\/sklep\/wp-json\/wp\/v2\/product_cat?post=9256"},{"taxonomy":"product_tag","embeddable":true,"href":"https:\/\/www.strzodowie.pl\/sklep\/wp-json\/wp\/v2\/product_tag?post=9256"}],"curies":[{"name":"wp","href":"https:\/\/api.w.org\/{rel}","templated":true}]}}