{"id":9254,"date":"2026-02-24T14:52:07","date_gmt":"2026-02-24T13:52:07","guid":{"rendered":"https:\/\/www.strzodowie.pl\/sklep\/?post_type=product&#038;p=9254"},"modified":"2026-02-24T14:52:08","modified_gmt":"2026-02-24T13:52:08","slug":"emporio-armani-ea2147","status":"publish","type":"product","link":"https:\/\/www.strzodowie.pl\/sklep\/product\/emporio-armani-ea2147\/","title":{"rendered":"Emporio Armani EA2147"},"content":{"rendered":"<h3 data-start=\"1016\" data-end=\"1054\"><strong data-start=\"1020\" data-end=\"1052\">Emporio Armani EA2147-30017G<\/strong><\/h3>\n<p data-start=\"1055\" data-end=\"1319\">Model EA2147 30017G to modne okulary przeciws\u0142oneczne o charakterystycznych lustrzanych szk\u0142ach. Prosty, ale nowoczesny design \u015bwietnie podkre\u015bla styl i dodaje pewno\u015bci siebie w codziennych i bardziej eleganckich stylizacjach.<\/p>\n<p data-start=\"1321\" data-end=\"1495\"><strong data-start=\"1321\" data-end=\"1341\">Dane techniczne:<\/strong><br data-start=\"1341\" data-end=\"1344\" \/>\u2022 Soczewka: 58 mm<br data-start=\"1361\" data-end=\"1364\" \/>\u2022 Mostek: 16 mm<br data-start=\"1379\" data-end=\"1382\" \/>\u2022 Zausznik: 145 mm<br data-start=\"1400\" data-end=\"1403\" \/>\u2022 Materia\u0142: tworzywo sztuczne<br data-start=\"1432\" data-end=\"1435\" \/>\u2022 Rodzaj oprawy: pe\u0142na<\/p>\n<p data-start=\"1497\" data-end=\"1630\"><strong data-start=\"1497\" data-end=\"1537\">Dlaczego warto wybra\u0107 EA2147-30017G?<\/strong><br data-start=\"1537\" data-end=\"1540\" \/>\u2022 Lustrzane szk\u0142a o modnym efekcie<br data-start=\"1574\" data-end=\"1577\" \/>\u2022 Nowoczesny, stylowy kszta\u0142t<br data-start=\"1606\" data-end=\"1609\" \/>\u2022 Ochrona UV dla oczu<\/p>\n","protected":false},"excerpt":{"rendered":"<p>Emporio Armani EA2147-30017G Model EA2147 30017G to modne okulary przeciws\u0142oneczne o charakterystycznych lustrzanych szk\u0142ach. Prosty, ale nowoczesny design \u015bwietnie podkre\u015bla styl i dodaje pewno\u015bci siebie w codziennych i bardziej eleganckich stylizacjach. Dane techniczne:\u2022 Soczewka: 58 mm\u2022 Mostek: 16 mm\u2022 Zausznik: 145 mm\u2022 Materia\u0142: tworzywo sztuczne\u2022 Rodzaj oprawy: pe\u0142na Dlaczego warto wybra\u0107 EA2147-30017G?\u2022 Lustrzane szk\u0142a o [&hellip;]<\/p>\n","protected":false},"featured_media":9255,"comment_status":"open","ping_status":"closed","template":"","meta":{"_acf_changed":false},"product_brand":[561],"product_cat":[51],"product_tag":[542,560,543,566,541,227,568,378,567,550],"class_list":{"0":"post-9254","1":"product","2":"type-product","3":"status-publish","4":"has-post-thumbnail","6":"product_brand-emporio-armani","7":"product_cat-okulary-przeciwsloneczne","8":"product_tag-designerskie","9":"product_tag-everyday","10":"product_tag-lekkie","11":"product_tag-lustrzane","12":"product_tag-modne","13":"product_tag-pelna-oprawa","14":"product_tag-trendowe","15":"product_tag-unisex","16":"product_tag-uv-ochronne","17":"product_tag-wygodne","19":"first","20":"onbackorder","21":"shipping-taxable","22":"purchasable","23":"product-type-simple"},"acf":[],"_links":{"self":[{"href":"https:\/\/www.strzodowie.pl\/sklep\/wp-json\/wp\/v2\/product\/9254","targetHints":{"allow":["GET"]}}],"collection":[{"href":"https:\/\/www.strzodowie.pl\/sklep\/wp-json\/wp\/v2\/product"}],"about":[{"href":"https:\/\/www.strzodowie.pl\/sklep\/wp-json\/wp\/v2\/types\/product"}],"replies":[{"embeddable":true,"href":"https:\/\/www.strzodowie.pl\/sklep\/wp-json\/wp\/v2\/comments?post=9254"}],"wp:featuredmedia":[{"embeddable":true,"href":"https:\/\/www.strzodowie.pl\/sklep\/wp-json\/wp\/v2\/media\/9255"}],"wp:attachment":[{"href":"https:\/\/www.strzodowie.pl\/sklep\/wp-json\/wp\/v2\/media?parent=9254"}],"wp:term":[{"taxonomy":"product_brand","embeddable":true,"href":"https:\/\/www.strzodowie.pl\/sklep\/wp-json\/wp\/v2\/product_brand?post=9254"},{"taxonomy":"product_cat","embeddable":true,"href":"https:\/\/www.strzodowie.pl\/sklep\/wp-json\/wp\/v2\/product_cat?post=9254"},{"taxonomy":"product_tag","embeddable":true,"href":"https:\/\/www.strzodowie.pl\/sklep\/wp-json\/wp\/v2\/product_tag?post=9254"}],"curies":[{"name":"wp","href":"https:\/\/api.w.org\/{rel}","templated":true}]}}