{"id":9249,"date":"2026-02-24T13:23:44","date_gmt":"2026-02-24T12:23:44","guid":{"rendered":"https:\/\/www.strzodowie.pl\/sklep\/?post_type=product&#038;p=9249"},"modified":"2026-02-24T13:23:44","modified_gmt":"2026-02-24T12:23:44","slug":"emporio-armani-ea4235","status":"publish","type":"product","link":"https:\/\/www.strzodowie.pl\/sklep\/product\/emporio-armani-ea4235\/","title":{"rendered":"Emporio Armani EA4235"},"content":{"rendered":"<h3 data-start=\"5012\" data-end=\"5059\"><strong data-start=\"5016\" data-end=\"5059\"><span class=\"inline align-baseline\"><span class=\"whitespace-normal\"><span class=\"hover:entity-accent entity-underline cursor-pointer\">Emporio Armani EA4235 61851W<\/span><\/span><\/span><\/strong><\/h3>\n<p data-start=\"5061\" data-end=\"5327\">Model EA4235 50011W to elegancka i wszechstronna oprawa korekcyjna z magnetyczn\u0105 nak\u0142adk\u0105 przeciws\u0142oneczn\u0105. Subtelna forma i wywa\u017cone proporcje sprawiaj\u0105, \u017ce pasuje zar\u00f3wno do codziennych, jak i bardziej formalnych stylizacji.<\/p>\n<p data-start=\"5329\" data-end=\"5575\"><strong data-start=\"5329\" data-end=\"5349\">Dane techniczne:<\/strong><br data-start=\"5349\" data-end=\"5352\" \/>\u2022 Soczewka: <strong data-start=\"5364\" data-end=\"5381\">53 mm \/ 55 mm<\/strong><br data-start=\"5381\" data-end=\"5384\" \/>\u2022 Mostek: <strong data-start=\"5394\" data-end=\"5403\">18 mm<\/strong><br data-start=\"5403\" data-end=\"5406\" \/>\u2022 Zausznik: <strong data-start=\"5418\" data-end=\"5428\">145 mm<\/strong><br data-start=\"5428\" data-end=\"5431\" \/>\u2022 Materia\u0142: plastik<br data-start=\"5450\" data-end=\"5453\" \/>\u2022 Rodzaj oprawy: pe\u0142na<br data-start=\"5475\" data-end=\"5478\" \/>\u2022 Funkcja: okulary korekcyjne z nak\u0142adk\u0105 przeciws\u0142oneczn\u0105<\/p>\n<p data-start=\"5577\" data-end=\"5718\"><strong data-start=\"5577\" data-end=\"5617\">Dlaczego warto wybra\u0107 EA4235 50011W?<\/strong><br data-start=\"5617\" data-end=\"5620\" \/>\u2022 Elegancki i ponadczasowy design<br data-start=\"5653\" data-end=\"5656\" \/>\u2022 Komfort u\u017cytkowania<br data-start=\"5677\" data-end=\"5680\" \/>\u2022 Funkcjonalna ochrona przed s\u0142o\u0144cem<\/p>\n","protected":false},"excerpt":{"rendered":"<p>Emporio Armani EA4235 61851W Model EA4235 50011W to elegancka i wszechstronna oprawa korekcyjna z magnetyczn\u0105 nak\u0142adk\u0105 przeciws\u0142oneczn\u0105. Subtelna forma i wywa\u017cone proporcje sprawiaj\u0105, \u017ce pasuje zar\u00f3wno do codziennych, jak i bardziej formalnych stylizacji. Dane techniczne:\u2022 Soczewka: 53 mm \/ 55 mm\u2022 Mostek: 18 mm\u2022 Zausznik: 145 mm\u2022 Materia\u0142: plastik\u2022 Rodzaj oprawy: pe\u0142na\u2022 Funkcja: okulary korekcyjne [&hellip;]<\/p>\n","protected":false},"featured_media":9251,"comment_status":"open","ping_status":"closed","template":"","meta":{"_acf_changed":false},"product_brand":[561],"product_cat":[50],"product_tag":[559,562,542,544,388,541,227,549,378,547],"class_list":{"0":"post-9249","1":"product","2":"type-product","3":"status-publish","4":"has-post-thumbnail","6":"product_brand-emporio-armani","7":"product_cat-okulary-korekcyjne","8":"product_tag-clip-on","9":"product_tag-codzienne","10":"product_tag-designerskie","11":"product_tag-komfortowe","12":"product_tag-lekka-konstrukcja","13":"product_tag-modne","14":"product_tag-pelna-oprawa","15":"product_tag-stylowe","16":"product_tag-unisex","17":"product_tag-uv-ochrona","19":"first","20":"onbackorder","21":"shipping-taxable","22":"purchasable","23":"product-type-simple"},"acf":[],"_links":{"self":[{"href":"https:\/\/www.strzodowie.pl\/sklep\/wp-json\/wp\/v2\/product\/9249","targetHints":{"allow":["GET"]}}],"collection":[{"href":"https:\/\/www.strzodowie.pl\/sklep\/wp-json\/wp\/v2\/product"}],"about":[{"href":"https:\/\/www.strzodowie.pl\/sklep\/wp-json\/wp\/v2\/types\/product"}],"replies":[{"embeddable":true,"href":"https:\/\/www.strzodowie.pl\/sklep\/wp-json\/wp\/v2\/comments?post=9249"}],"wp:featuredmedia":[{"embeddable":true,"href":"https:\/\/www.strzodowie.pl\/sklep\/wp-json\/wp\/v2\/media\/9251"}],"wp:attachment":[{"href":"https:\/\/www.strzodowie.pl\/sklep\/wp-json\/wp\/v2\/media?parent=9249"}],"wp:term":[{"taxonomy":"product_brand","embeddable":true,"href":"https:\/\/www.strzodowie.pl\/sklep\/wp-json\/wp\/v2\/product_brand?post=9249"},{"taxonomy":"product_cat","embeddable":true,"href":"https:\/\/www.strzodowie.pl\/sklep\/wp-json\/wp\/v2\/product_cat?post=9249"},{"taxonomy":"product_tag","embeddable":true,"href":"https:\/\/www.strzodowie.pl\/sklep\/wp-json\/wp\/v2\/product_tag?post=9249"}],"curies":[{"name":"wp","href":"https:\/\/api.w.org\/{rel}","templated":true}]}}