{"id":9246,"date":"2026-02-24T13:22:13","date_gmt":"2026-02-24T12:22:13","guid":{"rendered":"https:\/\/www.strzodowie.pl\/sklep\/?post_type=product&#038;p=9246"},"modified":"2026-02-24T13:22:14","modified_gmt":"2026-02-24T12:22:14","slug":"emporio-armani-ea4189u","status":"publish","type":"product","link":"https:\/\/www.strzodowie.pl\/sklep\/product\/emporio-armani-ea4189u\/","title":{"rendered":"Emporio Armani EA4189U"},"content":{"rendered":"<h3 data-start=\"4216\" data-end=\"4263\"><strong data-start=\"4220\" data-end=\"4263\"><span class=\"inline align-baseline\"><span class=\"whitespace-normal\"><span class=\"hover:entity-accent entity-underline cursor-pointer\">Emporio Armani EA4189U 50011W<\/span><\/span><\/span><\/strong><\/h3>\n<p data-start=\"4265\" data-end=\"4502\">Model EA4189U 50011W to wyrazista oprawa korekcyjna z magnetyczn\u0105 nak\u0142adk\u0105 przeciws\u0142oneczn\u0105. Mocna linia i dobrze wywa\u017cony kszta\u0142t tworz\u0105 nowoczesny wygl\u0105d, kt\u00f3ry \u015bwietnie podkre\u015bla styl nosz\u0105cego.<\/p>\n<p data-start=\"4504\" data-end=\"4742\"><strong data-start=\"4504\" data-end=\"4524\">Dane techniczne:<\/strong><br data-start=\"4524\" data-end=\"4527\" \/>\u2022 Soczewka: <strong data-start=\"4539\" data-end=\"4548\">55 mm<\/strong><br data-start=\"4548\" data-end=\"4551\" \/>\u2022 Mostek: <strong data-start=\"4561\" data-end=\"4570\">17 mm<\/strong><br data-start=\"4570\" data-end=\"4573\" \/>\u2022 Zausznik: <strong data-start=\"4585\" data-end=\"4595\">145 mm<\/strong><br data-start=\"4595\" data-end=\"4598\" \/>\u2022 Materia\u0142: plastik<br data-start=\"4617\" data-end=\"4620\" \/>\u2022 Rodzaj oprawy: pe\u0142na<br data-start=\"4642\" data-end=\"4645\" \/>\u2022 Funkcja: okulary korekcyjne z nak\u0142adk\u0105 przeciws\u0142oneczn\u0105<\/p>\n<p data-start=\"4744\" data-end=\"4888\"><strong data-start=\"4744\" data-end=\"4785\">Dlaczego warto wybra\u0107 EA4189U 50011W?<\/strong><br data-start=\"4785\" data-end=\"4788\" \/>\u2022 Wyrazisty, nowoczesny charakter<br data-start=\"4821\" data-end=\"4824\" \/>\u2022 Funkcjonalna nak\u0142adka przeciw-s\u0142oneczna<br data-start=\"4865\" data-end=\"4868\" \/>\u2022 Komfort noszenia<\/p>\n","protected":false},"excerpt":{"rendered":"<p>Emporio Armani EA4189U 50011W Model EA4189U 50011W to wyrazista oprawa korekcyjna z magnetyczn\u0105 nak\u0142adk\u0105 przeciws\u0142oneczn\u0105. Mocna linia i dobrze wywa\u017cony kszta\u0142t tworz\u0105 nowoczesny wygl\u0105d, kt\u00f3ry \u015bwietnie podkre\u015bla styl nosz\u0105cego. Dane techniczne:\u2022 Soczewka: 55 mm\u2022 Mostek: 17 mm\u2022 Zausznik: 145 mm\u2022 Materia\u0142: plastik\u2022 Rodzaj oprawy: pe\u0142na\u2022 Funkcja: okulary korekcyjne z nak\u0142adk\u0105 przeciws\u0142oneczn\u0105 Dlaczego warto wybra\u0107 EA4189U [&hellip;]<\/p>\n","protected":false},"featured_media":9248,"comment_status":"open","ping_status":"closed","template":"","meta":{"_acf_changed":false},"product_brand":[561],"product_cat":[50],"product_tag":[559,542,560,544,553,541,227,549,378,547],"class_list":{"0":"post-9246","1":"product","2":"type-product","3":"status-publish","4":"has-post-thumbnail","6":"product_brand-emporio-armani","7":"product_cat-okulary-korekcyjne","8":"product_tag-clip-on","9":"product_tag-designerskie","10":"product_tag-everyday","11":"product_tag-komfortowe","12":"product_tag-miejskie","13":"product_tag-modne","14":"product_tag-pelna-oprawa","15":"product_tag-stylowe","16":"product_tag-unisex","17":"product_tag-uv-ochrona","19":"first","20":"onbackorder","21":"shipping-taxable","22":"purchasable","23":"product-type-simple"},"acf":[],"_links":{"self":[{"href":"https:\/\/www.strzodowie.pl\/sklep\/wp-json\/wp\/v2\/product\/9246","targetHints":{"allow":["GET"]}}],"collection":[{"href":"https:\/\/www.strzodowie.pl\/sklep\/wp-json\/wp\/v2\/product"}],"about":[{"href":"https:\/\/www.strzodowie.pl\/sklep\/wp-json\/wp\/v2\/types\/product"}],"replies":[{"embeddable":true,"href":"https:\/\/www.strzodowie.pl\/sklep\/wp-json\/wp\/v2\/comments?post=9246"}],"wp:featuredmedia":[{"embeddable":true,"href":"https:\/\/www.strzodowie.pl\/sklep\/wp-json\/wp\/v2\/media\/9248"}],"wp:attachment":[{"href":"https:\/\/www.strzodowie.pl\/sklep\/wp-json\/wp\/v2\/media?parent=9246"}],"wp:term":[{"taxonomy":"product_brand","embeddable":true,"href":"https:\/\/www.strzodowie.pl\/sklep\/wp-json\/wp\/v2\/product_brand?post=9246"},{"taxonomy":"product_cat","embeddable":true,"href":"https:\/\/www.strzodowie.pl\/sklep\/wp-json\/wp\/v2\/product_cat?post=9246"},{"taxonomy":"product_tag","embeddable":true,"href":"https:\/\/www.strzodowie.pl\/sklep\/wp-json\/wp\/v2\/product_tag?post=9246"}],"curies":[{"name":"wp","href":"https:\/\/api.w.org\/{rel}","templated":true}]}}