{"id":9240,"date":"2026-02-24T13:19:20","date_gmt":"2026-02-24T12:19:20","guid":{"rendered":"https:\/\/www.strzodowie.pl\/sklep\/?post_type=product&#038;p=9240"},"modified":"2026-02-24T13:19:20","modified_gmt":"2026-02-24T12:19:20","slug":"emporio-armani-ea4152","status":"publish","type":"product","link":"https:\/\/www.strzodowie.pl\/sklep\/product\/emporio-armani-ea4152\/","title":{"rendered":"Emporio Armani EA4152"},"content":{"rendered":"<h3 data-start=\"2560\" data-end=\"2605\"><strong data-start=\"2564\" data-end=\"2605\"><span class=\"inline align-baseline\"><span class=\"whitespace-normal\"><span class=\"hover:entity-accent entity-underline cursor-pointer\">Emporio Armani EA4152 58011W<\/span><\/span><\/span><\/strong><\/h3>\n<p data-start=\"2607\" data-end=\"2872\">Model EA4152 58011W to dynamiczna oprawa korekcyjna z magnetyczn\u0105 nak\u0142adk\u0105 przeciws\u0142oneczn\u0105. Charakterystyczna linia frontu i dopasowana konstrukcja daj\u0105 nowoczesny, wywa\u017cony efekt, idealny do codziennych i formalnych look\u00f3w.<\/p>\n<p data-start=\"2874\" data-end=\"3112\"><strong data-start=\"2874\" data-end=\"2894\">Dane techniczne:<\/strong><br data-start=\"2894\" data-end=\"2897\" \/>\u2022 Soczewka: <strong data-start=\"2909\" data-end=\"2918\">52 mm<\/strong><br data-start=\"2918\" data-end=\"2921\" \/>\u2022 Mostek: <strong data-start=\"2931\" data-end=\"2940\">21 mm<\/strong><br data-start=\"2940\" data-end=\"2943\" \/>\u2022 Zausznik: <strong data-start=\"2955\" data-end=\"2965\">145 mm<\/strong><br data-start=\"2965\" data-end=\"2968\" \/>\u2022 Materia\u0142: plastik<br data-start=\"2987\" data-end=\"2990\" \/>\u2022 Rodzaj oprawy: pe\u0142na<br data-start=\"3012\" data-end=\"3015\" \/>\u2022 Funkcja: okulary korekcyjne z nak\u0142adk\u0105 przeciws\u0142oneczn\u0105<\/p>\n<p data-start=\"3114\" data-end=\"3248\"><strong data-start=\"3114\" data-end=\"3154\">Dlaczego warto wybra\u0107 EA4152 58011W?<\/strong><br data-start=\"3154\" data-end=\"3157\" \/>\u2022 Nowoczesna, modowa forma<br data-start=\"3183\" data-end=\"3186\" \/>\u2022 Uniwersalne dopasowanie<br data-start=\"3211\" data-end=\"3214\" \/>\u2022 Funkcjonalna ochrona s\u0142oneczna<\/p>\n","protected":false},"excerpt":{"rendered":"<p>Emporio Armani EA4152 58011W Model EA4152 58011W to dynamiczna oprawa korekcyjna z magnetyczn\u0105 nak\u0142adk\u0105 przeciws\u0142oneczn\u0105. Charakterystyczna linia frontu i dopasowana konstrukcja daj\u0105 nowoczesny, wywa\u017cony efekt, idealny do codziennych i formalnych look\u00f3w. Dane techniczne:\u2022 Soczewka: 52 mm\u2022 Mostek: 21 mm\u2022 Zausznik: 145 mm\u2022 Materia\u0142: plastik\u2022 Rodzaj oprawy: pe\u0142na\u2022 Funkcja: okulary korekcyjne z nak\u0142adk\u0105 przeciws\u0142oneczn\u0105 Dlaczego warto [&hellip;]<\/p>\n","protected":false},"featured_media":9242,"comment_status":"open","ping_status":"closed","template":"","meta":{"_acf_changed":false},"product_brand":[561],"product_cat":[50],"product_tag":[564,559,542,560,544,388,541,227,378,547],"class_list":{"0":"post-9240","1":"product","2":"type-product","3":"status-publish","4":"has-post-thumbnail","6":"product_brand-emporio-armani","7":"product_cat-okulary-korekcyjne","8":"product_tag-city-style","9":"product_tag-clip-on","10":"product_tag-designerskie","11":"product_tag-everyday","12":"product_tag-komfortowe","13":"product_tag-lekka-konstrukcja","14":"product_tag-modne","15":"product_tag-pelna-oprawa","16":"product_tag-unisex","17":"product_tag-uv-ochrona","19":"first","20":"onbackorder","21":"shipping-taxable","22":"purchasable","23":"product-type-simple"},"acf":[],"_links":{"self":[{"href":"https:\/\/www.strzodowie.pl\/sklep\/wp-json\/wp\/v2\/product\/9240","targetHints":{"allow":["GET"]}}],"collection":[{"href":"https:\/\/www.strzodowie.pl\/sklep\/wp-json\/wp\/v2\/product"}],"about":[{"href":"https:\/\/www.strzodowie.pl\/sklep\/wp-json\/wp\/v2\/types\/product"}],"replies":[{"embeddable":true,"href":"https:\/\/www.strzodowie.pl\/sklep\/wp-json\/wp\/v2\/comments?post=9240"}],"wp:featuredmedia":[{"embeddable":true,"href":"https:\/\/www.strzodowie.pl\/sklep\/wp-json\/wp\/v2\/media\/9242"}],"wp:attachment":[{"href":"https:\/\/www.strzodowie.pl\/sklep\/wp-json\/wp\/v2\/media?parent=9240"}],"wp:term":[{"taxonomy":"product_brand","embeddable":true,"href":"https:\/\/www.strzodowie.pl\/sklep\/wp-json\/wp\/v2\/product_brand?post=9240"},{"taxonomy":"product_cat","embeddable":true,"href":"https:\/\/www.strzodowie.pl\/sklep\/wp-json\/wp\/v2\/product_cat?post=9240"},{"taxonomy":"product_tag","embeddable":true,"href":"https:\/\/www.strzodowie.pl\/sklep\/wp-json\/wp\/v2\/product_tag?post=9240"}],"curies":[{"name":"wp","href":"https:\/\/api.w.org\/{rel}","templated":true}]}}