{"id":9237,"date":"2026-02-24T13:17:33","date_gmt":"2026-02-24T12:17:33","guid":{"rendered":"https:\/\/www.strzodowie.pl\/sklep\/?post_type=product&#038;p=9237"},"modified":"2026-02-24T13:17:34","modified_gmt":"2026-02-24T12:17:34","slug":"emporio-armani-ea4115","status":"publish","type":"product","link":"https:\/\/www.strzodowie.pl\/sklep\/product\/emporio-armani-ea4115\/","title":{"rendered":"Emporio Armani EA4115"},"content":{"rendered":"<h3 data-start=\"1709\" data-end=\"1754\"><strong data-start=\"1713\" data-end=\"1754\"><span class=\"inline align-baseline\"><span class=\"whitespace-normal\"><span class=\"hover:entity-accent entity-underline cursor-pointer\">Emporio Armani EA4115 50421W<\/span><\/span><\/span><\/strong><\/h3>\n<p data-start=\"1756\" data-end=\"2029\">Model EA4115 50421W to elegancka oprawa korekcyjna z magnetyczn\u0105 nak\u0142adk\u0105 przeciws\u0142oneczn\u0105 w klasycznej, prostok\u0105tnej formie. Wywa\u017cona konstrukcja idealnie sprawdza si\u0119 w codziennych stylizacjach, \u0142\u0105cz\u0105c komfort z nowoczesnym designem.<\/p>\n<p data-start=\"2031\" data-end=\"2267\"><strong data-start=\"2031\" data-end=\"2051\">Dane techniczne:<\/strong><br data-start=\"2051\" data-end=\"2054\" \/>\u2022 Soczewka: <strong data-start=\"2066\" data-end=\"2075\">54 mm<\/strong><br data-start=\"2075\" data-end=\"2078\" \/>\u2022 Mostek: <strong data-start=\"2088\" data-end=\"2097\">18 mm<\/strong><br data-start=\"2097\" data-end=\"2100\" \/>\u2022 Zausznik: <strong data-start=\"2112\" data-end=\"2122\">145 mm<\/strong><br data-start=\"2122\" data-end=\"2125\" \/>\u2022 Materia\u0142: plastik<br data-start=\"2144\" data-end=\"2147\" \/>\u2022 Rodzaj oprawy: pe\u0142na<br data-start=\"2169\" data-end=\"2172\" \/>\u2022 Funkcja: okulary korekcyjne z nak\u0142adk\u0105 przeciws\u0142oneczn\u0105<\/p>\n<p data-start=\"2269\" data-end=\"2426\"><strong data-start=\"2269\" data-end=\"2309\">Dlaczego warto wybra\u0107 EA4115 50421W?<\/strong><br data-start=\"2309\" data-end=\"2312\" \/>\u2022 Klasyczna, uniwersalna forma<br data-start=\"2342\" data-end=\"2345\" \/>\u2022 Funkcjonalna nak\u0142adka przeciw-s\u0142oneczna<br data-start=\"2386\" data-end=\"2389\" \/>\u2022 Komfort noszenia przez ca\u0142y dzie\u0144<\/p>\n","protected":false},"excerpt":{"rendered":"<p>Emporio Armani EA4115 50421W Model EA4115 50421W to elegancka oprawa korekcyjna z magnetyczn\u0105 nak\u0142adk\u0105 przeciws\u0142oneczn\u0105 w klasycznej, prostok\u0105tnej formie. Wywa\u017cona konstrukcja idealnie sprawdza si\u0119 w codziennych stylizacjach, \u0142\u0105cz\u0105c komfort z nowoczesnym designem. Dane techniczne:\u2022 Soczewka: 54 mm\u2022 Mostek: 18 mm\u2022 Zausznik: 145 mm\u2022 Materia\u0142: plastik\u2022 Rodzaj oprawy: pe\u0142na\u2022 Funkcja: okulary korekcyjne z nak\u0142adk\u0105 przeciws\u0142oneczn\u0105 Dlaczego [&hellip;]<\/p>\n","protected":false},"featured_media":9239,"comment_status":"open","ping_status":"closed","template":"","meta":{"_acf_changed":false},"product_brand":[561],"product_cat":[50],"product_tag":[552,559,542,214,544,388,541,227,378,547],"class_list":{"0":"post-9237","1":"product","2":"type-product","3":"status-publish","4":"has-post-thumbnail","6":"product_brand-emporio-armani","7":"product_cat-okulary-korekcyjne","8":"product_tag-casual","9":"product_tag-clip-on","10":"product_tag-designerskie","11":"product_tag-eleganckie","12":"product_tag-komfortowe","13":"product_tag-lekka-konstrukcja","14":"product_tag-modne","15":"product_tag-pelna-oprawa","16":"product_tag-unisex","17":"product_tag-uv-ochrona","19":"first","20":"onbackorder","21":"shipping-taxable","22":"purchasable","23":"product-type-simple"},"acf":[],"_links":{"self":[{"href":"https:\/\/www.strzodowie.pl\/sklep\/wp-json\/wp\/v2\/product\/9237","targetHints":{"allow":["GET"]}}],"collection":[{"href":"https:\/\/www.strzodowie.pl\/sklep\/wp-json\/wp\/v2\/product"}],"about":[{"href":"https:\/\/www.strzodowie.pl\/sklep\/wp-json\/wp\/v2\/types\/product"}],"replies":[{"embeddable":true,"href":"https:\/\/www.strzodowie.pl\/sklep\/wp-json\/wp\/v2\/comments?post=9237"}],"wp:featuredmedia":[{"embeddable":true,"href":"https:\/\/www.strzodowie.pl\/sklep\/wp-json\/wp\/v2\/media\/9239"}],"wp:attachment":[{"href":"https:\/\/www.strzodowie.pl\/sklep\/wp-json\/wp\/v2\/media?parent=9237"}],"wp:term":[{"taxonomy":"product_brand","embeddable":true,"href":"https:\/\/www.strzodowie.pl\/sklep\/wp-json\/wp\/v2\/product_brand?post=9237"},{"taxonomy":"product_cat","embeddable":true,"href":"https:\/\/www.strzodowie.pl\/sklep\/wp-json\/wp\/v2\/product_cat?post=9237"},{"taxonomy":"product_tag","embeddable":true,"href":"https:\/\/www.strzodowie.pl\/sklep\/wp-json\/wp\/v2\/product_tag?post=9237"}],"curies":[{"name":"wp","href":"https:\/\/api.w.org\/{rel}","templated":true}]}}