{"id":9229,"date":"2026-02-24T12:02:20","date_gmt":"2026-02-24T11:02:20","guid":{"rendered":"https:\/\/www.strzodowie.pl\/sklep\/?post_type=product&#038;p=9229"},"modified":"2026-02-24T12:02:20","modified_gmt":"2026-02-24T11:02:20","slug":"dutz-ds-041","status":"publish","type":"product","link":"https:\/\/www.strzodowie.pl\/sklep\/product\/dutz-ds-041\/","title":{"rendered":"DUTZ DS 041"},"content":{"rendered":"<h3 data-start=\"2451\" data-end=\"2472\">DUTZ DS 041 C75<\/h3>\n<p data-start=\"2474\" data-end=\"2648\">Model DS 041 C75 to harmonijne po\u0142\u0105czenie klasycznej sylwetki z nowoczesnym detalem. Wywa\u017cone proporcje i subtelna linia sprawiaj\u0105, \u017ce oprawa jest uniwersalna i ponadczasowa.<\/p>\n<p data-start=\"2650\" data-end=\"2778\"><strong data-start=\"2650\" data-end=\"2670\">Dane techniczne:<\/strong><br data-start=\"2670\" data-end=\"2673\" \/>\u2022 Soczewka: 50 mm<br data-start=\"2690\" data-end=\"2693\" \/>\u2022 Mostek: 21 mm<br data-start=\"2708\" data-end=\"2711\" \/>\u2022 Zausznik: 145 mm<br data-start=\"2729\" data-end=\"2732\" \/>\u2022 Materia\u0142: acetate<br data-start=\"2751\" data-end=\"2754\" \/>\u2022 Rodzaj oprawy: pe\u0142na<\/p>\n<p data-start=\"2780\" data-end=\"2909\"><strong data-start=\"2780\" data-end=\"2817\">Dlaczego warto wybra\u0107 DS 041 C75?<\/strong><br data-start=\"2817\" data-end=\"2820\" \/>\u2022 Ponadczasowa, elegancka forma<br data-start=\"2851\" data-end=\"2854\" \/>\u2022 Uniwersalne dopasowanie<br data-start=\"2879\" data-end=\"2882\" \/>\u2022 Wygoda przez ca\u0142y dzie\u0144<\/p>\n","protected":false},"excerpt":{"rendered":"<p>DUTZ DS 041 C75 Model DS 041 C75 to harmonijne po\u0142\u0105czenie klasycznej sylwetki z nowoczesnym detalem. Wywa\u017cone proporcje i subtelna linia sprawiaj\u0105, \u017ce oprawa jest uniwersalna i ponadczasowa. Dane techniczne:\u2022 Soczewka: 50 mm\u2022 Mostek: 21 mm\u2022 Zausznik: 145 mm\u2022 Materia\u0142: acetate\u2022 Rodzaj oprawy: pe\u0142na Dlaczego warto wybra\u0107 DS 041 C75?\u2022 Ponadczasowa, elegancka forma\u2022 Uniwersalne dopasowanie\u2022 [&hellip;]<\/p>\n","protected":false},"featured_media":9230,"comment_status":"open","ping_status":"closed","template":"","meta":{"_acf_changed":false},"product_brand":[514],"product_cat":[51],"product_tag":[539,214,548,544,543,541,538,227,378,204],"class_list":{"0":"post-9229","1":"product","2":"type-product","3":"status-publish","4":"has-post-thumbnail","6":"product_brand-dutz","7":"product_cat-okulary-przeciwsloneczne","8":"product_tag-acetate","9":"product_tag-eleganckie","10":"product_tag-klasyczne","11":"product_tag-komfortowe","12":"product_tag-lekkie","13":"product_tag-modne","14":"product_tag-okulary-sloneczne","15":"product_tag-pelna-oprawa","16":"product_tag-unisex","17":"product_tag-uv400","19":"first","20":"onbackorder","21":"shipping-taxable","22":"purchasable","23":"product-type-simple"},"acf":[],"_links":{"self":[{"href":"https:\/\/www.strzodowie.pl\/sklep\/wp-json\/wp\/v2\/product\/9229","targetHints":{"allow":["GET"]}}],"collection":[{"href":"https:\/\/www.strzodowie.pl\/sklep\/wp-json\/wp\/v2\/product"}],"about":[{"href":"https:\/\/www.strzodowie.pl\/sklep\/wp-json\/wp\/v2\/types\/product"}],"replies":[{"embeddable":true,"href":"https:\/\/www.strzodowie.pl\/sklep\/wp-json\/wp\/v2\/comments?post=9229"}],"wp:featuredmedia":[{"embeddable":true,"href":"https:\/\/www.strzodowie.pl\/sklep\/wp-json\/wp\/v2\/media\/9230"}],"wp:attachment":[{"href":"https:\/\/www.strzodowie.pl\/sklep\/wp-json\/wp\/v2\/media?parent=9229"}],"wp:term":[{"taxonomy":"product_brand","embeddable":true,"href":"https:\/\/www.strzodowie.pl\/sklep\/wp-json\/wp\/v2\/product_brand?post=9229"},{"taxonomy":"product_cat","embeddable":true,"href":"https:\/\/www.strzodowie.pl\/sklep\/wp-json\/wp\/v2\/product_cat?post=9229"},{"taxonomy":"product_tag","embeddable":true,"href":"https:\/\/www.strzodowie.pl\/sklep\/wp-json\/wp\/v2\/product_tag?post=9229"}],"curies":[{"name":"wp","href":"https:\/\/api.w.org\/{rel}","templated":true}]}}