{"id":9225,"date":"2026-02-24T12:00:00","date_gmt":"2026-02-24T11:00:00","guid":{"rendered":"https:\/\/www.strzodowie.pl\/sklep\/?post_type=product&#038;p=9225"},"modified":"2026-02-24T12:00:00","modified_gmt":"2026-02-24T11:00:00","slug":"dutz-ds-039","status":"publish","type":"product","link":"https:\/\/www.strzodowie.pl\/sklep\/product\/dutz-ds-039\/","title":{"rendered":"DUTZ DS 039"},"content":{"rendered":"<h3 data-start=\"1306\" data-end=\"1327\">DUTZ DS 039 C76<\/h3>\n<p data-start=\"1329\" data-end=\"1493\">Model DS 039 C76 wyr\u00f3\u017cnia si\u0119 delikatnie zaokr\u0105glonym kszta\u0142tem i nowoczesnym charakterem. To propozycja dla os\u00f3b ceni\u0105cych subteln\u0105 elegancj\u0119 w codziennym wydaniu.<\/p>\n<p data-start=\"1495\" data-end=\"1623\"><strong data-start=\"1495\" data-end=\"1515\">Dane techniczne:<\/strong><br data-start=\"1515\" data-end=\"1518\" \/>\u2022 Soczewka: 53 mm<br data-start=\"1535\" data-end=\"1538\" \/>\u2022 Mostek: 17 mm<br data-start=\"1553\" data-end=\"1556\" \/>\u2022 Zausznik: 145 mm<br data-start=\"1574\" data-end=\"1577\" \/>\u2022 Materia\u0142: acetate<br data-start=\"1596\" data-end=\"1599\" \/>\u2022 Rodzaj oprawy: pe\u0142na<\/p>\n<p data-start=\"1625\" data-end=\"1752\"><strong data-start=\"1625\" data-end=\"1662\">Dlaczego warto wybra\u0107 DS 039 C76?<\/strong><br data-start=\"1662\" data-end=\"1665\" \/>\u2022 Nowoczesny, lekki design<br data-start=\"1691\" data-end=\"1694\" \/>\u2022 Dobrze wywa\u017cone proporcje<br data-start=\"1721\" data-end=\"1724\" \/>\u2022 Komfort przez ca\u0142y dzie\u0144<\/p>\n","protected":false},"excerpt":{"rendered":"<p>DUTZ DS 039 C76 Model DS 039 C76 wyr\u00f3\u017cnia si\u0119 delikatnie zaokr\u0105glonym kszta\u0142tem i nowoczesnym charakterem. To propozycja dla os\u00f3b ceni\u0105cych subteln\u0105 elegancj\u0119 w codziennym wydaniu. Dane techniczne:\u2022 Soczewka: 53 mm\u2022 Mostek: 17 mm\u2022 Zausznik: 145 mm\u2022 Materia\u0142: acetate\u2022 Rodzaj oprawy: pe\u0142na Dlaczego warto wybra\u0107 DS 039 C76?\u2022 Nowoczesny, lekki design\u2022 Dobrze wywa\u017cone proporcje\u2022 Komfort [&hellip;]<\/p>\n","protected":false},"featured_media":9226,"comment_status":"open","ping_status":"closed","template":"","meta":{"_acf_changed":false},"product_brand":[514],"product_cat":[51],"product_tag":[539,542,544,543,556,541,538,227,378,204],"class_list":{"0":"post-9225","1":"product","2":"type-product","3":"status-publish","4":"has-post-thumbnail","6":"product_brand-dutz","7":"product_cat-okulary-przeciwsloneczne","8":"product_tag-acetate","9":"product_tag-designerskie","10":"product_tag-komfortowe","11":"product_tag-lekkie","12":"product_tag-minimalistyczne","13":"product_tag-modne","14":"product_tag-okulary-sloneczne","15":"product_tag-pelna-oprawa","16":"product_tag-unisex","17":"product_tag-uv400","19":"first","20":"onbackorder","21":"shipping-taxable","22":"purchasable","23":"product-type-simple"},"acf":[],"_links":{"self":[{"href":"https:\/\/www.strzodowie.pl\/sklep\/wp-json\/wp\/v2\/product\/9225","targetHints":{"allow":["GET"]}}],"collection":[{"href":"https:\/\/www.strzodowie.pl\/sklep\/wp-json\/wp\/v2\/product"}],"about":[{"href":"https:\/\/www.strzodowie.pl\/sklep\/wp-json\/wp\/v2\/types\/product"}],"replies":[{"embeddable":true,"href":"https:\/\/www.strzodowie.pl\/sklep\/wp-json\/wp\/v2\/comments?post=9225"}],"wp:featuredmedia":[{"embeddable":true,"href":"https:\/\/www.strzodowie.pl\/sklep\/wp-json\/wp\/v2\/media\/9226"}],"wp:attachment":[{"href":"https:\/\/www.strzodowie.pl\/sklep\/wp-json\/wp\/v2\/media?parent=9225"}],"wp:term":[{"taxonomy":"product_brand","embeddable":true,"href":"https:\/\/www.strzodowie.pl\/sklep\/wp-json\/wp\/v2\/product_brand?post=9225"},{"taxonomy":"product_cat","embeddable":true,"href":"https:\/\/www.strzodowie.pl\/sklep\/wp-json\/wp\/v2\/product_cat?post=9225"},{"taxonomy":"product_tag","embeddable":true,"href":"https:\/\/www.strzodowie.pl\/sklep\/wp-json\/wp\/v2\/product_tag?post=9225"}],"curies":[{"name":"wp","href":"https:\/\/api.w.org\/{rel}","templated":true}]}}