{"id":9223,"date":"2026-02-24T11:58:56","date_gmt":"2026-02-24T10:58:56","guid":{"rendered":"https:\/\/www.strzodowie.pl\/sklep\/?post_type=product&#038;p=9223"},"modified":"2026-02-24T11:58:56","modified_gmt":"2026-02-24T10:58:56","slug":"dutz-ds-038","status":"publish","type":"product","link":"https:\/\/www.strzodowie.pl\/sklep\/product\/dutz-ds-038\/","title":{"rendered":"DUTZ DS 038"},"content":{"rendered":"<h3 data-start=\"745\" data-end=\"766\">DUTZ DS 038 C75<\/h3>\n<p data-start=\"768\" data-end=\"917\">Model DS 038 C75 \u0142\u0105czy klasyczn\u0105 estetyk\u0119 z nowoczesnym wyko\u0144czeniem. Prosta linia frontu sprawia, \u017ce oprawa jest ponadczasowa i \u0142atwa do stylizacji.<\/p>\n<p data-start=\"919\" data-end=\"1047\"><strong data-start=\"919\" data-end=\"939\">Dane techniczne:<\/strong><br data-start=\"939\" data-end=\"942\" \/>\u2022 Soczewka: 51 mm<br data-start=\"959\" data-end=\"962\" \/>\u2022 Mostek: 18 mm<br data-start=\"977\" data-end=\"980\" \/>\u2022 Zausznik: 145 mm<br data-start=\"998\" data-end=\"1001\" \/>\u2022 Materia\u0142: acetate<br data-start=\"1020\" data-end=\"1023\" \/>\u2022 Rodzaj oprawy: pe\u0142na<\/p>\n<p data-start=\"1049\" data-end=\"1175\"><strong data-start=\"1049\" data-end=\"1086\">Dlaczego warto wybra\u0107 DS 038 C75?<\/strong><br data-start=\"1086\" data-end=\"1089\" \/>\u2022 Klasyczna, elegancka forma<br data-start=\"1117\" data-end=\"1120\" \/>\u2022 Stabilne dopasowanie<br data-start=\"1142\" data-end=\"1145\" \/>\u2022 Wysoki komfort u\u017cytkowania<\/p>\n","protected":false},"excerpt":{"rendered":"<p>DUTZ DS 038 C75 Model DS 038 C75 \u0142\u0105czy klasyczn\u0105 estetyk\u0119 z nowoczesnym wyko\u0144czeniem. Prosta linia frontu sprawia, \u017ce oprawa jest ponadczasowa i \u0142atwa do stylizacji. Dane techniczne:\u2022 Soczewka: 51 mm\u2022 Mostek: 18 mm\u2022 Zausznik: 145 mm\u2022 Materia\u0142: acetate\u2022 Rodzaj oprawy: pe\u0142na Dlaczego warto wybra\u0107 DS 038 C75?\u2022 Klasyczna, elegancka forma\u2022 Stabilne dopasowanie\u2022 Wysoki komfort [&hellip;]<\/p>\n","protected":false},"featured_media":9224,"comment_status":"open","ping_status":"closed","template":"","meta":{"_acf_changed":false},"product_brand":[514],"product_cat":[51],"product_tag":[539,542,548,541,150,546,549,378,547,550],"class_list":{"0":"post-9223","1":"product","2":"type-product","3":"status-publish","4":"has-post-thumbnail","6":"product_brand-dutz","7":"product_cat-okulary-przeciwsloneczne","8":"product_tag-acetate","9":"product_tag-designerskie","10":"product_tag-klasyczne","11":"product_tag-modne","12":"product_tag-okulary-przeciwsloneczne","13":"product_tag-pelne","14":"product_tag-stylowe","15":"product_tag-unisex","16":"product_tag-uv-ochrona","17":"product_tag-wygodne","19":"first","20":"onbackorder","21":"shipping-taxable","22":"purchasable","23":"product-type-simple"},"acf":[],"_links":{"self":[{"href":"https:\/\/www.strzodowie.pl\/sklep\/wp-json\/wp\/v2\/product\/9223","targetHints":{"allow":["GET"]}}],"collection":[{"href":"https:\/\/www.strzodowie.pl\/sklep\/wp-json\/wp\/v2\/product"}],"about":[{"href":"https:\/\/www.strzodowie.pl\/sklep\/wp-json\/wp\/v2\/types\/product"}],"replies":[{"embeddable":true,"href":"https:\/\/www.strzodowie.pl\/sklep\/wp-json\/wp\/v2\/comments?post=9223"}],"wp:featuredmedia":[{"embeddable":true,"href":"https:\/\/www.strzodowie.pl\/sklep\/wp-json\/wp\/v2\/media\/9224"}],"wp:attachment":[{"href":"https:\/\/www.strzodowie.pl\/sklep\/wp-json\/wp\/v2\/media?parent=9223"}],"wp:term":[{"taxonomy":"product_brand","embeddable":true,"href":"https:\/\/www.strzodowie.pl\/sklep\/wp-json\/wp\/v2\/product_brand?post=9223"},{"taxonomy":"product_cat","embeddable":true,"href":"https:\/\/www.strzodowie.pl\/sklep\/wp-json\/wp\/v2\/product_cat?post=9223"},{"taxonomy":"product_tag","embeddable":true,"href":"https:\/\/www.strzodowie.pl\/sklep\/wp-json\/wp\/v2\/product_tag?post=9223"}],"curies":[{"name":"wp","href":"https:\/\/api.w.org\/{rel}","templated":true}]}}