{"id":9221,"date":"2026-02-24T11:57:52","date_gmt":"2026-02-24T10:57:52","guid":{"rendered":"https:\/\/www.strzodowie.pl\/sklep\/?post_type=product&#038;p=9221"},"modified":"2026-02-24T11:57:52","modified_gmt":"2026-02-24T10:57:52","slug":"dutz-ds-037","status":"publish","type":"product","link":"https:\/\/www.strzodowie.pl\/sklep\/product\/dutz-ds-037\/","title":{"rendered":"DUTZ DS 037"},"content":{"rendered":"<h3 data-start=\"144\" data-end=\"165\">DUTZ DS 037 C76<\/h3>\n<p data-start=\"167\" data-end=\"362\">Model DS 037 C76 to nowoczesna oprawa o mi\u0119kko zarysowanej linii i wywa\u017conych proporcjach. Subtelnie zaokr\u0105glony front nadaje lekko\u015bci, a dopracowana konstrukcja zapewnia wygod\u0119 przez ca\u0142y dzie\u0144.<\/p>\n<p data-start=\"364\" data-end=\"492\"><strong data-start=\"364\" data-end=\"384\">Dane techniczne:<\/strong><br data-start=\"384\" data-end=\"387\" \/>\u2022 Soczewka: 51 mm<br data-start=\"404\" data-end=\"407\" \/>\u2022 Mostek: 19 mm<br data-start=\"422\" data-end=\"425\" \/>\u2022 Zausznik: 145 mm<br data-start=\"443\" data-end=\"446\" \/>\u2022 Materia\u0142: acetate<br data-start=\"465\" data-end=\"468\" \/>\u2022 Rodzaj oprawy: pe\u0142na<\/p>\n<p data-start=\"494\" data-end=\"622\"><strong data-start=\"494\" data-end=\"531\">Dlaczego warto wybra\u0107 DS 037 C76?<\/strong><br data-start=\"531\" data-end=\"534\" \/>\u2022 Lekka, harmonijna forma<br data-start=\"559\" data-end=\"562\" \/>\u2022 Uniwersalne dopasowanie<br data-start=\"587\" data-end=\"590\" \/>\u2022 Komfort codziennego noszenia<\/p>\n","protected":false},"excerpt":{"rendered":"<p>DUTZ DS 037 C76 Model DS 037 C76 to nowoczesna oprawa o mi\u0119kko zarysowanej linii i wywa\u017conych proporcjach. Subtelnie zaokr\u0105glony front nadaje lekko\u015bci, a dopracowana konstrukcja zapewnia wygod\u0119 przez ca\u0142y dzie\u0144. Dane techniczne:\u2022 Soczewka: 51 mm\u2022 Mostek: 19 mm\u2022 Zausznik: 145 mm\u2022 Materia\u0142: acetate\u2022 Rodzaj oprawy: pe\u0142na Dlaczego warto wybra\u0107 DS 037 C76?\u2022 Lekka, harmonijna [&hellip;]<\/p>\n","protected":false},"featured_media":9222,"comment_status":"open","ping_status":"closed","template":"","meta":{"_acf_changed":false},"product_brand":[514],"product_cat":[51],"product_tag":[539,542,543,541,538,227,549,378,204,550],"class_list":{"0":"post-9221","1":"product","2":"type-product","3":"status-publish","4":"has-post-thumbnail","6":"product_brand-dutz","7":"product_cat-okulary-przeciwsloneczne","8":"product_tag-acetate","9":"product_tag-designerskie","10":"product_tag-lekkie","11":"product_tag-modne","12":"product_tag-okulary-sloneczne","13":"product_tag-pelna-oprawa","14":"product_tag-stylowe","15":"product_tag-unisex","16":"product_tag-uv400","17":"product_tag-wygodne","19":"first","20":"onbackorder","21":"shipping-taxable","22":"purchasable","23":"product-type-simple"},"acf":[],"_links":{"self":[{"href":"https:\/\/www.strzodowie.pl\/sklep\/wp-json\/wp\/v2\/product\/9221","targetHints":{"allow":["GET"]}}],"collection":[{"href":"https:\/\/www.strzodowie.pl\/sklep\/wp-json\/wp\/v2\/product"}],"about":[{"href":"https:\/\/www.strzodowie.pl\/sklep\/wp-json\/wp\/v2\/types\/product"}],"replies":[{"embeddable":true,"href":"https:\/\/www.strzodowie.pl\/sklep\/wp-json\/wp\/v2\/comments?post=9221"}],"wp:featuredmedia":[{"embeddable":true,"href":"https:\/\/www.strzodowie.pl\/sklep\/wp-json\/wp\/v2\/media\/9222"}],"wp:attachment":[{"href":"https:\/\/www.strzodowie.pl\/sklep\/wp-json\/wp\/v2\/media?parent=9221"}],"wp:term":[{"taxonomy":"product_brand","embeddable":true,"href":"https:\/\/www.strzodowie.pl\/sklep\/wp-json\/wp\/v2\/product_brand?post=9221"},{"taxonomy":"product_cat","embeddable":true,"href":"https:\/\/www.strzodowie.pl\/sklep\/wp-json\/wp\/v2\/product_cat?post=9221"},{"taxonomy":"product_tag","embeddable":true,"href":"https:\/\/www.strzodowie.pl\/sklep\/wp-json\/wp\/v2\/product_tag?post=9221"}],"curies":[{"name":"wp","href":"https:\/\/api.w.org\/{rel}","templated":true}]}}