{"id":9213,"date":"2026-02-24T11:49:22","date_gmt":"2026-02-24T10:49:22","guid":{"rendered":"https:\/\/www.strzodowie.pl\/sklep\/?post_type=product&#038;p=9213"},"modified":"2026-02-24T11:49:22","modified_gmt":"2026-02-24T10:49:22","slug":"dutz-ds-033","status":"publish","type":"product","link":"https:\/\/www.strzodowie.pl\/sklep\/product\/dutz-ds-033\/","title":{"rendered":"DUTZ DS 033"},"content":{"rendered":"<h3 data-start=\"2923\" data-end=\"2944\">DUTZ DS 033 C55<\/h3>\n<p data-start=\"2946\" data-end=\"3093\">Model DS 033 C55 wyr\u00f3\u017cnia si\u0119 subtelnie kwadratow\u0105 form\u0105 i eleganckim wyko\u0144czeniem. To propozycja dla os\u00f3b ceni\u0105cych klasyk\u0119 w nowoczesnym wydaniu.<\/p>\n<p data-start=\"3095\" data-end=\"3223\"><strong data-start=\"3095\" data-end=\"3115\">Dane techniczne:<\/strong><br data-start=\"3115\" data-end=\"3118\" \/>\u2022 Soczewka: 55 mm<br data-start=\"3135\" data-end=\"3138\" \/>\u2022 Mostek: 19 mm<br data-start=\"3153\" data-end=\"3156\" \/>\u2022 Zausznik: 150 mm<br data-start=\"3174\" data-end=\"3177\" \/>\u2022 Materia\u0142: acetate<br data-start=\"3196\" data-end=\"3199\" \/>\u2022 Rodzaj oprawy: pe\u0142na<\/p>\n<p data-start=\"3225\" data-end=\"3346\"><strong data-start=\"3225\" data-end=\"3262\">Dlaczego warto wybra\u0107 DS 033 C55?<\/strong><br data-start=\"3262\" data-end=\"3265\" \/>\u2022 Klasyczna, stylowa forma<br data-start=\"3291\" data-end=\"3294\" \/>\u2022 Uniwersalny charakter<br data-start=\"3317\" data-end=\"3320\" \/>\u2022 Komfortowe u\u017cytkowanie<\/p>\n","protected":false},"excerpt":{"rendered":"<p>DUTZ DS 033 C55 Model DS 033 C55 wyr\u00f3\u017cnia si\u0119 subtelnie kwadratow\u0105 form\u0105 i eleganckim wyko\u0144czeniem. To propozycja dla os\u00f3b ceni\u0105cych klasyk\u0119 w nowoczesnym wydaniu. Dane techniczne:\u2022 Soczewka: 55 mm\u2022 Mostek: 19 mm\u2022 Zausznik: 150 mm\u2022 Materia\u0142: acetate\u2022 Rodzaj oprawy: pe\u0142na Dlaczego warto wybra\u0107 DS 033 C55?\u2022 Klasyczna, stylowa forma\u2022 Uniwersalny charakter\u2022 Komfortowe u\u017cytkowanie<\/p>\n","protected":false},"featured_media":9214,"comment_status":"open","ping_status":"closed","template":"","meta":{"_acf_changed":false},"product_brand":[514],"product_cat":[51],"product_tag":[539,542,214,548,541,150,546,378,547,550],"class_list":{"0":"post-9213","1":"product","2":"type-product","3":"status-publish","4":"has-post-thumbnail","6":"product_brand-dutz","7":"product_cat-okulary-przeciwsloneczne","8":"product_tag-acetate","9":"product_tag-designerskie","10":"product_tag-eleganckie","11":"product_tag-klasyczne","12":"product_tag-modne","13":"product_tag-okulary-przeciwsloneczne","14":"product_tag-pelne","15":"product_tag-unisex","16":"product_tag-uv-ochrona","17":"product_tag-wygodne","19":"first","20":"onbackorder","21":"shipping-taxable","22":"purchasable","23":"product-type-simple"},"acf":[],"_links":{"self":[{"href":"https:\/\/www.strzodowie.pl\/sklep\/wp-json\/wp\/v2\/product\/9213","targetHints":{"allow":["GET"]}}],"collection":[{"href":"https:\/\/www.strzodowie.pl\/sklep\/wp-json\/wp\/v2\/product"}],"about":[{"href":"https:\/\/www.strzodowie.pl\/sklep\/wp-json\/wp\/v2\/types\/product"}],"replies":[{"embeddable":true,"href":"https:\/\/www.strzodowie.pl\/sklep\/wp-json\/wp\/v2\/comments?post=9213"}],"wp:featuredmedia":[{"embeddable":true,"href":"https:\/\/www.strzodowie.pl\/sklep\/wp-json\/wp\/v2\/media\/9214"}],"wp:attachment":[{"href":"https:\/\/www.strzodowie.pl\/sklep\/wp-json\/wp\/v2\/media?parent=9213"}],"wp:term":[{"taxonomy":"product_brand","embeddable":true,"href":"https:\/\/www.strzodowie.pl\/sklep\/wp-json\/wp\/v2\/product_brand?post=9213"},{"taxonomy":"product_cat","embeddable":true,"href":"https:\/\/www.strzodowie.pl\/sklep\/wp-json\/wp\/v2\/product_cat?post=9213"},{"taxonomy":"product_tag","embeddable":true,"href":"https:\/\/www.strzodowie.pl\/sklep\/wp-json\/wp\/v2\/product_tag?post=9213"}],"curies":[{"name":"wp","href":"https:\/\/api.w.org\/{rel}","templated":true}]}}