{"id":9209,"date":"2026-02-24T11:46:35","date_gmt":"2026-02-24T10:46:35","guid":{"rendered":"https:\/\/www.strzodowie.pl\/sklep\/?post_type=product&#038;p=9209"},"modified":"2026-02-24T11:46:35","modified_gmt":"2026-02-24T10:46:35","slug":"dutz-ds-031","status":"publish","type":"product","link":"https:\/\/www.strzodowie.pl\/sklep\/product\/dutz-ds-031\/","title":{"rendered":"DUTZ DS 031"},"content":{"rendered":"<h3 data-start=\"1831\" data-end=\"1852\">DUTZ DS 031 C55<\/h3>\n<p data-start=\"1854\" data-end=\"1995\">Model DS 031 C55 \u0142\u0105czy klasyczne proporcje z nowoczesnym detalem. Lekko zaokr\u0105glona forma sprawia, \u017ce oprawa jest uniwersalna i ponadczasowa.<\/p>\n<p data-start=\"1997\" data-end=\"2125\"><strong data-start=\"1997\" data-end=\"2017\">Dane techniczne:<\/strong><br data-start=\"2017\" data-end=\"2020\" \/>\u2022 Soczewka: 54 mm<br data-start=\"2037\" data-end=\"2040\" \/>\u2022 Mostek: 17 mm<br data-start=\"2055\" data-end=\"2058\" \/>\u2022 Zausznik: 150 mm<br data-start=\"2076\" data-end=\"2079\" \/>\u2022 Materia\u0142: acetate<br data-start=\"2098\" data-end=\"2101\" \/>\u2022 Rodzaj oprawy: pe\u0142na<\/p>\n<p data-start=\"2127\" data-end=\"2246\"><strong data-start=\"2127\" data-end=\"2164\">Dlaczego warto wybra\u0107 DS 031 C55?<\/strong><br data-start=\"2164\" data-end=\"2167\" \/>\u2022 Harmonijna, wywa\u017cona forma<br data-start=\"2195\" data-end=\"2198\" \/>\u2022 Uniwersalne dopasowanie<br data-start=\"2223\" data-end=\"2226\" \/>\u2022 Komfort noszenia<\/p>\n","protected":false},"excerpt":{"rendered":"<p>DUTZ DS 031 C55 Model DS 031 C55 \u0142\u0105czy klasyczne proporcje z nowoczesnym detalem. Lekko zaokr\u0105glona forma sprawia, \u017ce oprawa jest uniwersalna i ponadczasowa. Dane techniczne:\u2022 Soczewka: 54 mm\u2022 Mostek: 17 mm\u2022 Zausznik: 150 mm\u2022 Materia\u0142: acetate\u2022 Rodzaj oprawy: pe\u0142na Dlaczego warto wybra\u0107 DS 031 C55?\u2022 Harmonijna, wywa\u017cona forma\u2022 Uniwersalne dopasowanie\u2022 Komfort noszenia<\/p>\n","protected":false},"featured_media":9210,"comment_status":"open","ping_status":"closed","template":"","meta":{"_acf_changed":false},"product_brand":[514],"product_cat":[51],"product_tag":[539,548,554,541,150,546,549,378,547,550],"class_list":{"0":"post-9209","1":"product","2":"type-product","3":"status-publish","4":"has-post-thumbnail","6":"product_brand-dutz","7":"product_cat-okulary-przeciwsloneczne","8":"product_tag-acetate","9":"product_tag-klasyczne","10":"product_tag-letnie","11":"product_tag-modne","12":"product_tag-okulary-przeciwsloneczne","13":"product_tag-pelne","14":"product_tag-stylowe","15":"product_tag-unisex","16":"product_tag-uv-ochrona","17":"product_tag-wygodne","19":"first","20":"onbackorder","21":"shipping-taxable","22":"purchasable","23":"product-type-simple"},"acf":[],"_links":{"self":[{"href":"https:\/\/www.strzodowie.pl\/sklep\/wp-json\/wp\/v2\/product\/9209","targetHints":{"allow":["GET"]}}],"collection":[{"href":"https:\/\/www.strzodowie.pl\/sklep\/wp-json\/wp\/v2\/product"}],"about":[{"href":"https:\/\/www.strzodowie.pl\/sklep\/wp-json\/wp\/v2\/types\/product"}],"replies":[{"embeddable":true,"href":"https:\/\/www.strzodowie.pl\/sklep\/wp-json\/wp\/v2\/comments?post=9209"}],"wp:featuredmedia":[{"embeddable":true,"href":"https:\/\/www.strzodowie.pl\/sklep\/wp-json\/wp\/v2\/media\/9210"}],"wp:attachment":[{"href":"https:\/\/www.strzodowie.pl\/sklep\/wp-json\/wp\/v2\/media?parent=9209"}],"wp:term":[{"taxonomy":"product_brand","embeddable":true,"href":"https:\/\/www.strzodowie.pl\/sklep\/wp-json\/wp\/v2\/product_brand?post=9209"},{"taxonomy":"product_cat","embeddable":true,"href":"https:\/\/www.strzodowie.pl\/sklep\/wp-json\/wp\/v2\/product_cat?post=9209"},{"taxonomy":"product_tag","embeddable":true,"href":"https:\/\/www.strzodowie.pl\/sklep\/wp-json\/wp\/v2\/product_tag?post=9209"}],"curies":[{"name":"wp","href":"https:\/\/api.w.org\/{rel}","templated":true}]}}