{"id":9207,"date":"2026-02-24T11:45:34","date_gmt":"2026-02-24T10:45:34","guid":{"rendered":"https:\/\/www.strzodowie.pl\/sklep\/?post_type=product&#038;p=9207"},"modified":"2026-02-24T11:45:34","modified_gmt":"2026-02-24T10:45:34","slug":"dutz-ds-029","status":"publish","type":"product","link":"https:\/\/www.strzodowie.pl\/sklep\/product\/dutz-ds-029\/","title":{"rendered":"DUTZ DS 029"},"content":{"rendered":"<h3 data-start=\"1280\" data-end=\"1301\">DUTZ DS 029 C85<\/h3>\n<p data-start=\"1303\" data-end=\"1456\">Model DS 029 C85 to kompaktowa, nowoczesna oprawa o wyra\u017anie zarysowanym froncie. Proporcje modelu zapewniaj\u0105 wygodne dopasowanie i estetyczn\u0105 r\u00f3wnowag\u0119.<\/p>\n<p data-start=\"1458\" data-end=\"1586\"><strong data-start=\"1458\" data-end=\"1478\">Dane techniczne:<\/strong><br data-start=\"1478\" data-end=\"1481\" \/>\u2022 Soczewka: 51 mm<br data-start=\"1498\" data-end=\"1501\" \/>\u2022 Mostek: 17 mm<br data-start=\"1516\" data-end=\"1519\" \/>\u2022 Zausznik: 145 mm<br data-start=\"1537\" data-end=\"1540\" \/>\u2022 Materia\u0142: acetate<br data-start=\"1559\" data-end=\"1562\" \/>\u2022 Rodzaj oprawy: pe\u0142na<\/p>\n<p data-start=\"1588\" data-end=\"1710\"><strong data-start=\"1588\" data-end=\"1625\">Dlaczego warto wybra\u0107 DS 029 C85?<\/strong><br data-start=\"1625\" data-end=\"1628\" \/>\u2022 Wyrazista linia frontu<br data-start=\"1652\" data-end=\"1655\" \/>\u2022 Komfortowe dopasowanie<br data-start=\"1679\" data-end=\"1682\" \/>\u2022 Modny, miejski charakter<\/p>\n","protected":false},"excerpt":{"rendered":"<p>DUTZ DS 029 C85 Model DS 029 C85 to kompaktowa, nowoczesna oprawa o wyra\u017anie zarysowanym froncie. Proporcje modelu zapewniaj\u0105 wygodne dopasowanie i estetyczn\u0105 r\u00f3wnowag\u0119. Dane techniczne:\u2022 Soczewka: 51 mm\u2022 Mostek: 17 mm\u2022 Zausznik: 145 mm\u2022 Materia\u0142: acetate\u2022 Rodzaj oprawy: pe\u0142na Dlaczego warto wybra\u0107 DS 029 C85?\u2022 Wyrazista linia frontu\u2022 Komfortowe dopasowanie\u2022 Modny, miejski charakter<\/p>\n","protected":false},"featured_media":9208,"comment_status":"open","ping_status":"closed","template":"","meta":{"_acf_changed":false},"product_brand":[514],"product_cat":[51],"product_tag":[539,542,553,541,557,538,546,378,204,550],"class_list":{"0":"post-9207","1":"product","2":"type-product","3":"status-publish","4":"has-post-thumbnail","6":"product_brand-dutz","7":"product_cat-okulary-przeciwsloneczne","8":"product_tag-acetate","9":"product_tag-designerskie","10":"product_tag-miejskie","11":"product_tag-modne","12":"product_tag-nowoczesne","13":"product_tag-okulary-sloneczne","14":"product_tag-pelne","15":"product_tag-unisex","16":"product_tag-uv400","17":"product_tag-wygodne","19":"first","20":"onbackorder","21":"shipping-taxable","22":"purchasable","23":"product-type-simple"},"acf":[],"_links":{"self":[{"href":"https:\/\/www.strzodowie.pl\/sklep\/wp-json\/wp\/v2\/product\/9207","targetHints":{"allow":["GET"]}}],"collection":[{"href":"https:\/\/www.strzodowie.pl\/sklep\/wp-json\/wp\/v2\/product"}],"about":[{"href":"https:\/\/www.strzodowie.pl\/sklep\/wp-json\/wp\/v2\/types\/product"}],"replies":[{"embeddable":true,"href":"https:\/\/www.strzodowie.pl\/sklep\/wp-json\/wp\/v2\/comments?post=9207"}],"wp:featuredmedia":[{"embeddable":true,"href":"https:\/\/www.strzodowie.pl\/sklep\/wp-json\/wp\/v2\/media\/9208"}],"wp:attachment":[{"href":"https:\/\/www.strzodowie.pl\/sklep\/wp-json\/wp\/v2\/media?parent=9207"}],"wp:term":[{"taxonomy":"product_brand","embeddable":true,"href":"https:\/\/www.strzodowie.pl\/sklep\/wp-json\/wp\/v2\/product_brand?post=9207"},{"taxonomy":"product_cat","embeddable":true,"href":"https:\/\/www.strzodowie.pl\/sklep\/wp-json\/wp\/v2\/product_cat?post=9207"},{"taxonomy":"product_tag","embeddable":true,"href":"https:\/\/www.strzodowie.pl\/sklep\/wp-json\/wp\/v2\/product_tag?post=9207"}],"curies":[{"name":"wp","href":"https:\/\/api.w.org\/{rel}","templated":true}]}}