{"id":9203,"date":"2026-02-24T11:41:38","date_gmt":"2026-02-24T10:41:38","guid":{"rendered":"https:\/\/www.strzodowie.pl\/sklep\/?post_type=product&#038;p=9203"},"modified":"2026-02-24T11:41:38","modified_gmt":"2026-02-24T10:41:38","slug":"dutz-ds-026","status":"publish","type":"product","link":"https:\/\/www.strzodowie.pl\/sklep\/product\/dutz-ds-026\/","title":{"rendered":"DUTZ DS 026"},"content":{"rendered":"<h3 data-start=\"132\" data-end=\"153\">DUTZ DS 026 C55<\/h3>\n<p data-start=\"155\" data-end=\"333\">Model DS 026 C55 to wyrazista, nowoczesna forma o lekko wyd\u0142u\u017conej linii frontu. Dynamiczny charakter oprawy podkre\u015bla rysy twarzy, zachowuj\u0105c przy tym wygod\u0119 i lekko\u015b\u0107 noszenia.<\/p>\n<p data-start=\"335\" data-end=\"463\"><strong data-start=\"335\" data-end=\"355\">Dane techniczne:<\/strong><br data-start=\"355\" data-end=\"358\" \/>\u2022 Soczewka: 55 mm<br data-start=\"375\" data-end=\"378\" \/>\u2022 Mostek: 19 mm<br data-start=\"393\" data-end=\"396\" \/>\u2022 Zausznik: 150 mm<br data-start=\"414\" data-end=\"417\" \/>\u2022 Materia\u0142: acetate<br data-start=\"436\" data-end=\"439\" \/>\u2022 Rodzaj oprawy: pe\u0142na<\/p>\n<p data-start=\"465\" data-end=\"593\"><strong data-start=\"465\" data-end=\"502\">Dlaczego warto wybra\u0107 DS 026 C55?<\/strong><br data-start=\"502\" data-end=\"505\" \/>\u2022 Dynamiczny, nowoczesny kszta\u0142t<br data-start=\"537\" data-end=\"540\" \/>\u2022 Stabilne dopasowanie<br data-start=\"562\" data-end=\"565\" \/>\u2022 Komfort przez ca\u0142y dzie\u0144<\/p>\n","protected":false},"excerpt":{"rendered":"<p>DUTZ DS 026 C55 Model DS 026 C55 to wyrazista, nowoczesna forma o lekko wyd\u0142u\u017conej linii frontu. Dynamiczny charakter oprawy podkre\u015bla rysy twarzy, zachowuj\u0105c przy tym wygod\u0119 i lekko\u015b\u0107 noszenia. Dane techniczne:\u2022 Soczewka: 55 mm\u2022 Mostek: 19 mm\u2022 Zausznik: 150 mm\u2022 Materia\u0142: acetate\u2022 Rodzaj oprawy: pe\u0142na Dlaczego warto wybra\u0107 DS 026 C55?\u2022 Dynamiczny, nowoczesny kszta\u0142t\u2022 [&hellip;]<\/p>\n","protected":false},"featured_media":9204,"comment_status":"open","ping_status":"closed","template":"","meta":{"_acf_changed":false},"product_brand":[514],"product_cat":[51],"product_tag":[539,542,544,543,541,538,546,378,204,555],"class_list":{"0":"post-9203","1":"product","2":"type-product","3":"status-publish","4":"has-post-thumbnail","6":"product_brand-dutz","7":"product_cat-okulary-przeciwsloneczne","8":"product_tag-acetate","9":"product_tag-designerskie","10":"product_tag-komfortowe","11":"product_tag-lekkie","12":"product_tag-modne","13":"product_tag-okulary-sloneczne","14":"product_tag-pelne","15":"product_tag-unisex","16":"product_tag-uv400","17":"product_tag-wyraziste","19":"first","20":"onbackorder","21":"shipping-taxable","22":"purchasable","23":"product-type-simple"},"acf":[],"_links":{"self":[{"href":"https:\/\/www.strzodowie.pl\/sklep\/wp-json\/wp\/v2\/product\/9203","targetHints":{"allow":["GET"]}}],"collection":[{"href":"https:\/\/www.strzodowie.pl\/sklep\/wp-json\/wp\/v2\/product"}],"about":[{"href":"https:\/\/www.strzodowie.pl\/sklep\/wp-json\/wp\/v2\/types\/product"}],"replies":[{"embeddable":true,"href":"https:\/\/www.strzodowie.pl\/sklep\/wp-json\/wp\/v2\/comments?post=9203"}],"wp:featuredmedia":[{"embeddable":true,"href":"https:\/\/www.strzodowie.pl\/sklep\/wp-json\/wp\/v2\/media\/9204"}],"wp:attachment":[{"href":"https:\/\/www.strzodowie.pl\/sklep\/wp-json\/wp\/v2\/media?parent=9203"}],"wp:term":[{"taxonomy":"product_brand","embeddable":true,"href":"https:\/\/www.strzodowie.pl\/sklep\/wp-json\/wp\/v2\/product_brand?post=9203"},{"taxonomy":"product_cat","embeddable":true,"href":"https:\/\/www.strzodowie.pl\/sklep\/wp-json\/wp\/v2\/product_cat?post=9203"},{"taxonomy":"product_tag","embeddable":true,"href":"https:\/\/www.strzodowie.pl\/sklep\/wp-json\/wp\/v2\/product_tag?post=9203"}],"curies":[{"name":"wp","href":"https:\/\/api.w.org\/{rel}","templated":true}]}}