{"id":9199,"date":"2026-02-24T11:36:48","date_gmt":"2026-02-24T10:36:48","guid":{"rendered":"https:\/\/www.strzodowie.pl\/sklep\/?post_type=product&#038;p=9199"},"modified":"2026-02-24T11:37:35","modified_gmt":"2026-02-24T10:37:35","slug":"dutz-ds-023-c76","status":"publish","type":"product","link":"https:\/\/www.strzodowie.pl\/sklep\/product\/dutz-ds-023-c76\/","title":{"rendered":"DUTZ DS 023"},"content":{"rendered":"<h3 data-start=\"1929\" data-end=\"1950\">DUTZ DS 023 C76<\/h3>\n<p data-start=\"1952\" data-end=\"2076\">Model DS 023 C76 wyr\u00f3\u017cnia si\u0119 nowoczesnym, mi\u0119kko zaokr\u0105glonym frontem. To propozycja dla os\u00f3b ceni\u0105cych swobodn\u0105 elegancj\u0119.<\/p>\n<p data-start=\"2078\" data-end=\"2206\"><strong data-start=\"2078\" data-end=\"2098\">Dane techniczne:<\/strong><br data-start=\"2098\" data-end=\"2101\" \/>\u2022 Soczewka: 51 mm<br data-start=\"2118\" data-end=\"2121\" \/>\u2022 Mostek: 22 mm<br data-start=\"2136\" data-end=\"2139\" \/>\u2022 Zausznik: 145 mm<br data-start=\"2157\" data-end=\"2160\" \/>\u2022 Materia\u0142: acetate<br data-start=\"2179\" data-end=\"2182\" \/>\u2022 Rodzaj oprawy: pe\u0142na<\/p>\n<p data-start=\"2208\" data-end=\"2342\"><strong data-start=\"2208\" data-end=\"2245\">Dlaczego warto wybra\u0107 DS 023 C76?<\/strong><br data-start=\"2245\" data-end=\"2248\" \/>\u2022 Nowoczesny, lekki design<br data-start=\"2274\" data-end=\"2277\" \/>\u2022 Dobrze wywa\u017cone proporcje<br data-start=\"2304\" data-end=\"2307\" \/>\u2022 Komfort codziennego u\u017cytkowania<\/p>\n","protected":false},"excerpt":{"rendered":"<p>DUTZ DS 023 C76 Model DS 023 C76 wyr\u00f3\u017cnia si\u0119 nowoczesnym, mi\u0119kko zaokr\u0105glonym frontem. To propozycja dla os\u00f3b ceni\u0105cych swobodn\u0105 elegancj\u0119. Dane techniczne:\u2022 Soczewka: 51 mm\u2022 Mostek: 22 mm\u2022 Zausznik: 145 mm\u2022 Materia\u0142: acetate\u2022 Rodzaj oprawy: pe\u0142na Dlaczego warto wybra\u0107 DS 023 C76?\u2022 Nowoczesny, lekki design\u2022 Dobrze wywa\u017cone proporcje\u2022 Komfort codziennego u\u017cytkowania<\/p>\n","protected":false},"featured_media":9200,"comment_status":"open","ping_status":"closed","template":"","meta":{"_acf_changed":false},"product_brand":[514],"product_cat":[51],"product_tag":[539,554,553,541,150,546,549,378,547,550],"class_list":{"0":"post-9199","1":"product","2":"type-product","3":"status-publish","4":"has-post-thumbnail","6":"product_brand-dutz","7":"product_cat-okulary-przeciwsloneczne","8":"product_tag-acetate","9":"product_tag-letnie","10":"product_tag-miejskie","11":"product_tag-modne","12":"product_tag-okulary-przeciwsloneczne","13":"product_tag-pelne","14":"product_tag-stylowe","15":"product_tag-unisex","16":"product_tag-uv-ochrona","17":"product_tag-wygodne","19":"first","20":"onbackorder","21":"shipping-taxable","22":"purchasable","23":"product-type-simple"},"acf":[],"_links":{"self":[{"href":"https:\/\/www.strzodowie.pl\/sklep\/wp-json\/wp\/v2\/product\/9199","targetHints":{"allow":["GET"]}}],"collection":[{"href":"https:\/\/www.strzodowie.pl\/sklep\/wp-json\/wp\/v2\/product"}],"about":[{"href":"https:\/\/www.strzodowie.pl\/sklep\/wp-json\/wp\/v2\/types\/product"}],"replies":[{"embeddable":true,"href":"https:\/\/www.strzodowie.pl\/sklep\/wp-json\/wp\/v2\/comments?post=9199"}],"wp:featuredmedia":[{"embeddable":true,"href":"https:\/\/www.strzodowie.pl\/sklep\/wp-json\/wp\/v2\/media\/9200"}],"wp:attachment":[{"href":"https:\/\/www.strzodowie.pl\/sklep\/wp-json\/wp\/v2\/media?parent=9199"}],"wp:term":[{"taxonomy":"product_brand","embeddable":true,"href":"https:\/\/www.strzodowie.pl\/sklep\/wp-json\/wp\/v2\/product_brand?post=9199"},{"taxonomy":"product_cat","embeddable":true,"href":"https:\/\/www.strzodowie.pl\/sklep\/wp-json\/wp\/v2\/product_cat?post=9199"},{"taxonomy":"product_tag","embeddable":true,"href":"https:\/\/www.strzodowie.pl\/sklep\/wp-json\/wp\/v2\/product_tag?post=9199"}],"curies":[{"name":"wp","href":"https:\/\/api.w.org\/{rel}","templated":true}]}}