{"id":9197,"date":"2026-02-24T11:30:12","date_gmt":"2026-02-24T10:30:12","guid":{"rendered":"https:\/\/www.strzodowie.pl\/sklep\/?post_type=product&#038;p=9197"},"modified":"2026-02-24T11:37:44","modified_gmt":"2026-02-24T10:37:44","slug":"dutz-ds-022-c65","status":"publish","type":"product","link":"https:\/\/www.strzodowie.pl\/sklep\/product\/dutz-ds-022-c65\/","title":{"rendered":"DUTZ DS 022"},"content":{"rendered":"<h3 data-start=\"1398\" data-end=\"1419\">DUTZ DS 022 C65<\/h3>\n<p data-start=\"1421\" data-end=\"1550\">Model DS 022 C65 to subtelne po\u0142\u0105czenie inspiracji retro z nowoczesnym minimalizmem. Zaokr\u0105glona forma nadaje lekko\u015bci i swobody.<\/p>\n<p data-start=\"1552\" data-end=\"1680\"><strong data-start=\"1552\" data-end=\"1572\">Dane techniczne:<\/strong><br data-start=\"1572\" data-end=\"1575\" \/>\u2022 Soczewka: 51 mm<br data-start=\"1592\" data-end=\"1595\" \/>\u2022 Mostek: 21 mm<br data-start=\"1610\" data-end=\"1613\" \/>\u2022 Zausznik: 145 mm<br data-start=\"1631\" data-end=\"1634\" \/>\u2022 Materia\u0142: acetate<br data-start=\"1653\" data-end=\"1656\" \/>\u2022 Rodzaj oprawy: pe\u0142na<\/p>\n<p data-start=\"1682\" data-end=\"1809\"><strong data-start=\"1682\" data-end=\"1719\">Dlaczego warto wybra\u0107 DS 022 C65?<\/strong><br data-start=\"1719\" data-end=\"1722\" \/>\u2022 Delikatnie zaokr\u0105glony kszta\u0142t<br data-start=\"1754\" data-end=\"1757\" \/>\u2022 Uniwersalny styl<br data-start=\"1775\" data-end=\"1778\" \/>\u2022 Lekkie i wygodne w noszeniu<\/p>\n","protected":false},"excerpt":{"rendered":"<p>DUTZ DS 022 C65 Model DS 022 C65 to subtelne po\u0142\u0105czenie inspiracji retro z nowoczesnym minimalizmem. Zaokr\u0105glona forma nadaje lekko\u015bci i swobody. Dane techniczne:\u2022 Soczewka: 51 mm\u2022 Mostek: 21 mm\u2022 Zausznik: 145 mm\u2022 Materia\u0142: acetate\u2022 Rodzaj oprawy: pe\u0142na Dlaczego warto wybra\u0107 DS 022 C65?\u2022 Delikatnie zaokr\u0105glony kszta\u0142t\u2022 Uniwersalny styl\u2022 Lekkie i wygodne w noszeniu<\/p>\n","protected":false},"featured_media":9198,"comment_status":"open","ping_status":"closed","template":"","meta":{"_acf_changed":false},"product_brand":[514],"product_cat":[51],"product_tag":[539,552,542,543,541,538,227,551,378,204],"class_list":{"0":"post-9197","1":"product","2":"type-product","3":"status-publish","4":"has-post-thumbnail","6":"product_brand-dutz","7":"product_cat-okulary-przeciwsloneczne","8":"product_tag-acetate","9":"product_tag-casual","10":"product_tag-designerskie","11":"product_tag-lekkie","12":"product_tag-modne","13":"product_tag-okulary-sloneczne","14":"product_tag-pelna-oprawa","15":"product_tag-retro","16":"product_tag-unisex","17":"product_tag-uv400","19":"first","20":"onbackorder","21":"shipping-taxable","22":"purchasable","23":"product-type-simple"},"acf":[],"_links":{"self":[{"href":"https:\/\/www.strzodowie.pl\/sklep\/wp-json\/wp\/v2\/product\/9197","targetHints":{"allow":["GET"]}}],"collection":[{"href":"https:\/\/www.strzodowie.pl\/sklep\/wp-json\/wp\/v2\/product"}],"about":[{"href":"https:\/\/www.strzodowie.pl\/sklep\/wp-json\/wp\/v2\/types\/product"}],"replies":[{"embeddable":true,"href":"https:\/\/www.strzodowie.pl\/sklep\/wp-json\/wp\/v2\/comments?post=9197"}],"wp:featuredmedia":[{"embeddable":true,"href":"https:\/\/www.strzodowie.pl\/sklep\/wp-json\/wp\/v2\/media\/9198"}],"wp:attachment":[{"href":"https:\/\/www.strzodowie.pl\/sklep\/wp-json\/wp\/v2\/media?parent=9197"}],"wp:term":[{"taxonomy":"product_brand","embeddable":true,"href":"https:\/\/www.strzodowie.pl\/sklep\/wp-json\/wp\/v2\/product_brand?post=9197"},{"taxonomy":"product_cat","embeddable":true,"href":"https:\/\/www.strzodowie.pl\/sklep\/wp-json\/wp\/v2\/product_cat?post=9197"},{"taxonomy":"product_tag","embeddable":true,"href":"https:\/\/www.strzodowie.pl\/sklep\/wp-json\/wp\/v2\/product_tag?post=9197"}],"curies":[{"name":"wp","href":"https:\/\/api.w.org\/{rel}","templated":true}]}}