{"id":9195,"date":"2026-02-24T11:28:45","date_gmt":"2026-02-24T10:28:45","guid":{"rendered":"https:\/\/www.strzodowie.pl\/sklep\/?post_type=product&#038;p=9195"},"modified":"2026-02-24T11:37:53","modified_gmt":"2026-02-24T10:37:53","slug":"dutz-ds-018-c55","status":"publish","type":"product","link":"https:\/\/www.strzodowie.pl\/sklep\/product\/dutz-ds-018-c55\/","title":{"rendered":"DUTZ DS 018"},"content":{"rendered":"<h3 data-start=\"832\" data-end=\"853\">DUTZ DS 018 C55<\/h3>\n<p data-start=\"855\" data-end=\"1008\">Model DS 018 C55 \u0142\u0105czy klasyczn\u0105 kwadratow\u0105 form\u0119 z nowoczesnym wyko\u0144czeniem. Mocniejsza linia frontu podkre\u015bla rysy twarzy, zachowuj\u0105c elegancki balans.<\/p>\n<p data-start=\"1010\" data-end=\"1138\"><strong data-start=\"1010\" data-end=\"1030\">Dane techniczne:<\/strong><br data-start=\"1030\" data-end=\"1033\" \/>\u2022 Soczewka: 48 mm<br data-start=\"1050\" data-end=\"1053\" \/>\u2022 Mostek: 23 mm<br data-start=\"1068\" data-end=\"1071\" \/>\u2022 Zausznik: 150 mm<br data-start=\"1089\" data-end=\"1092\" \/>\u2022 Materia\u0142: acetate<br data-start=\"1111\" data-end=\"1114\" \/>\u2022 Rodzaj oprawy: pe\u0142na<\/p>\n<p data-start=\"1140\" data-end=\"1269\"><strong data-start=\"1140\" data-end=\"1177\">Dlaczego warto wybra\u0107 DS 018 C55?<\/strong><br data-start=\"1177\" data-end=\"1180\" \/>\u2022 Klasyczny, ponadczasowy fason<br data-start=\"1211\" data-end=\"1214\" \/>\u2022 Wyra\u017ana, stylowa linia<br data-start=\"1238\" data-end=\"1241\" \/>\u2022 Komfort przez ca\u0142y dzie\u0144<\/p>\n","protected":false},"excerpt":{"rendered":"<p>DUTZ DS 018 C55 Model DS 018 C55 \u0142\u0105czy klasyczn\u0105 kwadratow\u0105 form\u0119 z nowoczesnym wyko\u0144czeniem. Mocniejsza linia frontu podkre\u015bla rysy twarzy, zachowuj\u0105c elegancki balans. Dane techniczne:\u2022 Soczewka: 48 mm\u2022 Mostek: 23 mm\u2022 Zausznik: 150 mm\u2022 Materia\u0142: acetate\u2022 Rodzaj oprawy: pe\u0142na Dlaczego warto wybra\u0107 DS 018 C55?\u2022 Klasyczny, ponadczasowy fason\u2022 Wyra\u017ana, stylowa linia\u2022 Komfort przez ca\u0142y [&hellip;]<\/p>\n","protected":false},"featured_media":9196,"comment_status":"open","ping_status":"closed","template":"","meta":{"_acf_changed":false},"product_brand":[514],"product_cat":[51],"product_tag":[539,548,545,541,150,546,549,378,547,550],"class_list":{"0":"post-9195","1":"product","2":"type-product","3":"status-publish","4":"has-post-thumbnail","6":"product_brand-dutz","7":"product_cat-okulary-przeciwsloneczne","8":"product_tag-acetate","9":"product_tag-klasyczne","10":"product_tag-kwadratowe","11":"product_tag-modne","12":"product_tag-okulary-przeciwsloneczne","13":"product_tag-pelne","14":"product_tag-stylowe","15":"product_tag-unisex","16":"product_tag-uv-ochrona","17":"product_tag-wygodne","19":"first","20":"onbackorder","21":"shipping-taxable","22":"purchasable","23":"product-type-simple"},"acf":[],"_links":{"self":[{"href":"https:\/\/www.strzodowie.pl\/sklep\/wp-json\/wp\/v2\/product\/9195","targetHints":{"allow":["GET"]}}],"collection":[{"href":"https:\/\/www.strzodowie.pl\/sklep\/wp-json\/wp\/v2\/product"}],"about":[{"href":"https:\/\/www.strzodowie.pl\/sklep\/wp-json\/wp\/v2\/types\/product"}],"replies":[{"embeddable":true,"href":"https:\/\/www.strzodowie.pl\/sklep\/wp-json\/wp\/v2\/comments?post=9195"}],"wp:featuredmedia":[{"embeddable":true,"href":"https:\/\/www.strzodowie.pl\/sklep\/wp-json\/wp\/v2\/media\/9196"}],"wp:attachment":[{"href":"https:\/\/www.strzodowie.pl\/sklep\/wp-json\/wp\/v2\/media?parent=9195"}],"wp:term":[{"taxonomy":"product_brand","embeddable":true,"href":"https:\/\/www.strzodowie.pl\/sklep\/wp-json\/wp\/v2\/product_brand?post=9195"},{"taxonomy":"product_cat","embeddable":true,"href":"https:\/\/www.strzodowie.pl\/sklep\/wp-json\/wp\/v2\/product_cat?post=9195"},{"taxonomy":"product_tag","embeddable":true,"href":"https:\/\/www.strzodowie.pl\/sklep\/wp-json\/wp\/v2\/product_tag?post=9195"}],"curies":[{"name":"wp","href":"https:\/\/api.w.org\/{rel}","templated":true}]}}