{"id":9193,"date":"2026-02-24T11:27:13","date_gmt":"2026-02-24T10:27:13","guid":{"rendered":"https:\/\/www.strzodowie.pl\/sklep\/?post_type=product&#038;p=9193"},"modified":"2026-02-24T11:38:03","modified_gmt":"2026-02-24T10:38:03","slug":"dutz-ds-013-c25","status":"publish","type":"product","link":"https:\/\/www.strzodowie.pl\/sklep\/product\/dutz-ds-013-c25\/","title":{"rendered":"DUTZ DS 013"},"content":{"rendered":"<h3 data-start=\"200\" data-end=\"221\">DUTZ DS 013 C25<\/h3>\n<p data-start=\"223\" data-end=\"426\">Model DS 013 C25 to nowoczesne okulary przeciws\u0142oneczne o geometrycznej, wyrazistej formie. Subtelnie zaznaczone kraw\u0119dzie nadaj\u0105 charakteru, a dopracowane proporcje zapewniaj\u0105 wygod\u0119 i lekko\u015b\u0107 noszenia.<\/p>\n<p data-start=\"428\" data-end=\"556\"><strong data-start=\"428\" data-end=\"448\">Dane techniczne:<\/strong><br data-start=\"448\" data-end=\"451\" \/>\u2022 Soczewka: 48 mm<br data-start=\"468\" data-end=\"471\" \/>\u2022 Mostek: 23 mm<br data-start=\"486\" data-end=\"489\" \/>\u2022 Zausznik: 145 mm<br data-start=\"507\" data-end=\"510\" \/>\u2022 Materia\u0142: acetate<br data-start=\"529\" data-end=\"532\" \/>\u2022 Rodzaj oprawy: pe\u0142na<\/p>\n<p data-start=\"558\" data-end=\"701\"><strong data-start=\"558\" data-end=\"595\">Dlaczego warto wybra\u0107 DS 013 C25?<\/strong><br data-start=\"595\" data-end=\"598\" \/>\u2022 Modny, geometryczny kszta\u0142t<br data-start=\"627\" data-end=\"630\" \/>\u2022 Stabilne i wygodne dopasowanie<br data-start=\"662\" data-end=\"665\" \/>\u2022 Wyrazisty, designerski charakter<\/p>\n","protected":false},"excerpt":{"rendered":"<p>DUTZ DS 013 C25 Model DS 013 C25 to nowoczesne okulary przeciws\u0142oneczne o geometrycznej, wyrazistej formie. Subtelnie zaznaczone kraw\u0119dzie nadaj\u0105 charakteru, a dopracowane proporcje zapewniaj\u0105 wygod\u0119 i lekko\u015b\u0107 noszenia. Dane techniczne:\u2022 Soczewka: 48 mm\u2022 Mostek: 23 mm\u2022 Zausznik: 145 mm\u2022 Materia\u0142: acetate\u2022 Rodzaj oprawy: pe\u0142na Dlaczego warto wybra\u0107 DS 013 C25?\u2022 Modny, geometryczny kszta\u0142t\u2022 Stabilne [&hellip;]<\/p>\n","protected":false},"featured_media":9194,"comment_status":"open","ping_status":"closed","template":"","meta":{"_acf_changed":false},"product_brand":[514],"product_cat":[51],"product_tag":[539,542,540,544,543,541,538,227,378,204],"class_list":{"0":"post-9193","1":"product","2":"type-product","3":"status-publish","4":"has-post-thumbnail","6":"product_brand-dutz","7":"product_cat-okulary-przeciwsloneczne","8":"product_tag-acetate","9":"product_tag-designerskie","10":"product_tag-geometryczne","11":"product_tag-komfortowe","12":"product_tag-lekkie","13":"product_tag-modne","14":"product_tag-okulary-sloneczne","15":"product_tag-pelna-oprawa","16":"product_tag-unisex","17":"product_tag-uv400","19":"first","20":"onbackorder","21":"shipping-taxable","22":"purchasable","23":"product-type-simple"},"acf":[],"_links":{"self":[{"href":"https:\/\/www.strzodowie.pl\/sklep\/wp-json\/wp\/v2\/product\/9193","targetHints":{"allow":["GET"]}}],"collection":[{"href":"https:\/\/www.strzodowie.pl\/sklep\/wp-json\/wp\/v2\/product"}],"about":[{"href":"https:\/\/www.strzodowie.pl\/sklep\/wp-json\/wp\/v2\/types\/product"}],"replies":[{"embeddable":true,"href":"https:\/\/www.strzodowie.pl\/sklep\/wp-json\/wp\/v2\/comments?post=9193"}],"wp:featuredmedia":[{"embeddable":true,"href":"https:\/\/www.strzodowie.pl\/sklep\/wp-json\/wp\/v2\/media\/9194"}],"wp:attachment":[{"href":"https:\/\/www.strzodowie.pl\/sklep\/wp-json\/wp\/v2\/media?parent=9193"}],"wp:term":[{"taxonomy":"product_brand","embeddable":true,"href":"https:\/\/www.strzodowie.pl\/sklep\/wp-json\/wp\/v2\/product_brand?post=9193"},{"taxonomy":"product_cat","embeddable":true,"href":"https:\/\/www.strzodowie.pl\/sklep\/wp-json\/wp\/v2\/product_cat?post=9193"},{"taxonomy":"product_tag","embeddable":true,"href":"https:\/\/www.strzodowie.pl\/sklep\/wp-json\/wp\/v2\/product_tag?post=9193"}],"curies":[{"name":"wp","href":"https:\/\/api.w.org\/{rel}","templated":true}]}}