{"id":8819,"date":"2026-01-09T12:55:50","date_gmt":"2026-01-09T11:55:50","guid":{"rendered":"https:\/\/www.strzodowie.pl\/sklep\/?post_type=product&#038;p=8819"},"modified":"2026-02-04T12:45:54","modified_gmt":"2026-02-04T11:45:54","slug":"dz2349","status":"publish","type":"product","link":"https:\/\/www.strzodowie.pl\/sklep\/product\/dz2349\/","title":{"rendered":"DZ2349"},"content":{"rendered":"<h2 data-start=\"2240\" data-end=\"2260\">DUTZ DZ2349 c95<\/h2>\n<p data-start=\"2261\" data-end=\"2285\"><strong data-start=\"2261\" data-end=\"2273\">Rozmiar:<\/strong> 54\u00d717\u00d7150<\/p>\n<p data-start=\"2287\" data-end=\"2456\">Model <strong data-start=\"2293\" data-end=\"2307\">DZ2349 c95<\/strong> to nowoczesne oprawy o smuk\u0142ym, eleganckim profilu. W\u0119\u017cszy mostek oraz wi\u0119ksza soczewka tworz\u0105 dynamiczny balans pomi\u0119dzy lekko\u015bci\u0105 a wyrazisto\u015bci\u0105.<\/p>\n<p data-start=\"2458\" data-end=\"2585\"><strong data-start=\"2458\" data-end=\"2478\">Dane techniczne:<\/strong><br data-start=\"2478\" data-end=\"2481\" \/>\u2022 Soczewka: 54 mm<br data-start=\"2498\" data-end=\"2501\" \/>\u2022 Mostek: 17 mm<br data-start=\"2516\" data-end=\"2519\" \/>\u2022 Zausznik: 150 mm<br data-start=\"2537\" data-end=\"2540\" \/>\u2022 Materia\u0142: acetat<br data-start=\"2558\" data-end=\"2561\" \/>\u2022 Rodzaj oprawy: pe\u0142na<\/p>\n<p data-start=\"2587\" data-end=\"2721\"><strong data-start=\"2587\" data-end=\"2624\">Dlaczego warto wybra\u0107 DZ2349 c95?<\/strong><br data-start=\"2624\" data-end=\"2627\" \/>\u2022 Smuk\u0142a, nowoczesna forma<br data-start=\"2653\" data-end=\"2656\" \/>\u2022 Idealne do wi\u0119kszych twarzy<br data-start=\"2685\" data-end=\"2688\" \/>\u2022 Stylowa elegancja na co dzie\u0144<\/p>\n","protected":false},"excerpt":{"rendered":"<p>DUTZ DZ2349 c95 Rozmiar: 54\u00d717\u00d7150 Model DZ2349 c95 to nowoczesne oprawy o smuk\u0142ym, eleganckim profilu. W\u0119\u017cszy mostek oraz wi\u0119ksza soczewka tworz\u0105 dynamiczny balans pomi\u0119dzy lekko\u015bci\u0105 a wyrazisto\u015bci\u0105. Dane techniczne:\u2022 Soczewka: 54 mm\u2022 Mostek: 17 mm\u2022 Zausznik: 150 mm\u2022 Materia\u0142: acetat\u2022 Rodzaj oprawy: pe\u0142na Dlaczego warto wybra\u0107 DZ2349 c95?\u2022 Smuk\u0142a, nowoczesna forma\u2022 Idealne do wi\u0119kszych twarzy\u2022 [&hellip;]<\/p>\n","protected":false},"featured_media":9072,"comment_status":"open","ping_status":"closed","template":"","meta":{"_acf_changed":false},"product_brand":[514],"product_cat":[50],"product_tag":[530,182,356,458,516,155,517,515,227,531],"class_list":{"0":"post-8819","1":"product","2":"type-product","3":"status-publish","4":"has-post-thumbnail","6":"product_brand-dutz","7":"product_cat-okulary-korekcyjne","8":"product_tag-duza-soczewka","9":"product_tag-elegancki-design","10":"product_tag-komfortowe-okulary","11":"product_tag-nowoczesne-oprawki","12":"product_tag-okulary-dutz","13":"product_tag-okulary-unisex","14":"product_tag-oprawki-acetatowe","15":"product_tag-oprawy-korekcyjne","16":"product_tag-pelna-oprawa","17":"product_tag-smukly-mostek","19":"first","20":"instock","21":"shipping-taxable","22":"purchasable","23":"product-type-simple"},"acf":[],"_links":{"self":[{"href":"https:\/\/www.strzodowie.pl\/sklep\/wp-json\/wp\/v2\/product\/8819","targetHints":{"allow":["GET"]}}],"collection":[{"href":"https:\/\/www.strzodowie.pl\/sklep\/wp-json\/wp\/v2\/product"}],"about":[{"href":"https:\/\/www.strzodowie.pl\/sklep\/wp-json\/wp\/v2\/types\/product"}],"replies":[{"embeddable":true,"href":"https:\/\/www.strzodowie.pl\/sklep\/wp-json\/wp\/v2\/comments?post=8819"}],"wp:featuredmedia":[{"embeddable":true,"href":"https:\/\/www.strzodowie.pl\/sklep\/wp-json\/wp\/v2\/media\/9072"}],"wp:attachment":[{"href":"https:\/\/www.strzodowie.pl\/sklep\/wp-json\/wp\/v2\/media?parent=8819"}],"wp:term":[{"taxonomy":"product_brand","embeddable":true,"href":"https:\/\/www.strzodowie.pl\/sklep\/wp-json\/wp\/v2\/product_brand?post=8819"},{"taxonomy":"product_cat","embeddable":true,"href":"https:\/\/www.strzodowie.pl\/sklep\/wp-json\/wp\/v2\/product_cat?post=8819"},{"taxonomy":"product_tag","embeddable":true,"href":"https:\/\/www.strzodowie.pl\/sklep\/wp-json\/wp\/v2\/product_tag?post=8819"}],"curies":[{"name":"wp","href":"https:\/\/api.w.org\/{rel}","templated":true}]}}