{"id":8816,"date":"2026-01-09T12:45:42","date_gmt":"2026-01-09T11:45:42","guid":{"rendered":"https:\/\/www.strzodowie.pl\/sklep\/?post_type=product&#038;p=8816"},"modified":"2026-02-04T12:46:25","modified_gmt":"2026-02-04T11:46:25","slug":"dz884","status":"publish","type":"product","link":"https:\/\/www.strzodowie.pl\/sklep\/product\/dz884\/","title":{"rendered":"DZ884"},"content":{"rendered":"<h2 data-start=\"1578\" data-end=\"1597\">DUTZ DZ884 c85<\/h2>\n<p data-start=\"1624\" data-end=\"1813\">Model <strong data-start=\"1630\" data-end=\"1643\">DZ884 c85<\/strong> to oprawy o bardziej zdecydowanej formie, zaprojektowane dla os\u00f3b, kt\u00f3re lubi\u0105 podkre\u015bla\u0107 sw\u00f3j styl. Wi\u0119ksza soczewka nadaje ca\u0142o\u015bci nowoczesnego i dynamicznego wygl\u0105du.<\/p>\n<p data-start=\"1815\" data-end=\"1942\"><strong data-start=\"1815\" data-end=\"1835\">Dane techniczne:<\/strong><br data-start=\"1835\" data-end=\"1838\" \/>\u2022 Soczewka: 53 mm<br data-start=\"1855\" data-end=\"1858\" \/>\u2022 Mostek: 18 mm<br data-start=\"1873\" data-end=\"1876\" \/>\u2022 Zausznik: 150 mm<br data-start=\"1894\" data-end=\"1897\" \/>\u2022 Materia\u0142: metal<br data-start=\"1915\" data-end=\"1918\" \/>\u2022 Rodzaj oprawy: pe\u0142na<\/p>\n<p data-start=\"1944\" data-end=\"2051\"><strong data-start=\"1944\" data-end=\"1980\">Dlaczego warto wybra\u0107 DZ884 c85?<\/strong><br data-start=\"1980\" data-end=\"1983\" \/>\u2022 Wyrazista sylwetka<br data-start=\"2003\" data-end=\"2006\" \/>\u2022 Nowoczesna estetyka<br data-start=\"2027\" data-end=\"2030\" \/>\u2022 Solidne wykonanie<\/p>\n","protected":false},"excerpt":{"rendered":"<p>DUTZ DZ884 c85 Model DZ884 c85 to oprawy o bardziej zdecydowanej formie, zaprojektowane dla os\u00f3b, kt\u00f3re lubi\u0105 podkre\u015bla\u0107 sw\u00f3j styl. Wi\u0119ksza soczewka nadaje ca\u0142o\u015bci nowoczesnego i dynamicznego wygl\u0105du. Dane techniczne:\u2022 Soczewka: 53 mm\u2022 Mostek: 18 mm\u2022 Zausznik: 150 mm\u2022 Materia\u0142: metal\u2022 Rodzaj oprawy: pe\u0142na Dlaczego warto wybra\u0107 DZ884 c85?\u2022 Wyrazista sylwetka\u2022 Nowoczesna estetyka\u2022 Solidne wykonanie<\/p>\n","protected":false},"featured_media":9073,"comment_status":"open","ping_status":"closed","template":"","meta":{"_acf_changed":false},"product_brand":[514],"product_cat":[50],"product_tag":[330,332,170,379,516,521,155,515,522],"class_list":{"0":"post-8816","1":"product","2":"type-product","3":"status-publish","4":"has-post-thumbnail","6":"product_brand-dutz","7":"product_cat-okulary-korekcyjne","8":"product_tag-duze-oprawki","9":"product_tag-komfort-noszenia","10":"product_tag-modny-design","11":"product_tag-nowoczesny-styl","12":"product_tag-okulary-dutz","13":"product_tag-okulary-pelne","14":"product_tag-okulary-unisex","15":"product_tag-oprawy-korekcyjne","16":"product_tag-stabilna-konstrukcja","18":"first","19":"instock","20":"shipping-taxable","21":"purchasable","22":"product-type-simple"},"acf":[],"_links":{"self":[{"href":"https:\/\/www.strzodowie.pl\/sklep\/wp-json\/wp\/v2\/product\/8816","targetHints":{"allow":["GET"]}}],"collection":[{"href":"https:\/\/www.strzodowie.pl\/sklep\/wp-json\/wp\/v2\/product"}],"about":[{"href":"https:\/\/www.strzodowie.pl\/sklep\/wp-json\/wp\/v2\/types\/product"}],"replies":[{"embeddable":true,"href":"https:\/\/www.strzodowie.pl\/sklep\/wp-json\/wp\/v2\/comments?post=8816"}],"wp:featuredmedia":[{"embeddable":true,"href":"https:\/\/www.strzodowie.pl\/sklep\/wp-json\/wp\/v2\/media\/9073"}],"wp:attachment":[{"href":"https:\/\/www.strzodowie.pl\/sklep\/wp-json\/wp\/v2\/media?parent=8816"}],"wp:term":[{"taxonomy":"product_brand","embeddable":true,"href":"https:\/\/www.strzodowie.pl\/sklep\/wp-json\/wp\/v2\/product_brand?post=8816"},{"taxonomy":"product_cat","embeddable":true,"href":"https:\/\/www.strzodowie.pl\/sklep\/wp-json\/wp\/v2\/product_cat?post=8816"},{"taxonomy":"product_tag","embeddable":true,"href":"https:\/\/www.strzodowie.pl\/sklep\/wp-json\/wp\/v2\/product_tag?post=8816"}],"curies":[{"name":"wp","href":"https:\/\/api.w.org\/{rel}","templated":true}]}}