{"id":8813,"date":"2026-01-09T12:29:55","date_gmt":"2026-01-09T11:29:55","guid":{"rendered":"https:\/\/www.strzodowie.pl\/sklep\/?post_type=product&#038;p=8813"},"modified":"2026-02-04T12:46:50","modified_gmt":"2026-02-04T11:46:50","slug":"dz2359","status":"publish","type":"product","link":"https:\/\/www.strzodowie.pl\/sklep\/product\/dz2359\/","title":{"rendered":"DZ2359"},"content":{"rendered":"<h2 data-start=\"879\" data-end=\"899\">DUTZ DZ2359 c46<\/h2>\n<p data-start=\"926\" data-end=\"1124\">Model <strong data-start=\"932\" data-end=\"946\">DZ2359 c46<\/strong> wyr\u00f3\u017cnia si\u0119 mi\u0119kkim, lekko zaokr\u0105glonym kszta\u0142tem oraz szerszym mostkiem, kt\u00f3ry zapewnia stabilno\u015b\u0107 i wygod\u0119. To propozycja dla os\u00f3b ceni\u0105cych styl retro w nowoczesnym wydaniu.<\/p>\n<p data-start=\"1126\" data-end=\"1253\"><strong data-start=\"1126\" data-end=\"1146\">Dane techniczne:<\/strong><br data-start=\"1146\" data-end=\"1149\" \/>\u2022 Soczewka: 47 mm<br data-start=\"1166\" data-end=\"1169\" \/>\u2022 Mostek: 22 mm<br data-start=\"1184\" data-end=\"1187\" \/>\u2022 Zausznik: 150 mm<br data-start=\"1205\" data-end=\"1208\" \/>\u2022 Materia\u0142: acetat<br data-start=\"1226\" data-end=\"1229\" \/>\u2022 Rodzaj oprawy: pe\u0142na<\/p>\n<p data-start=\"1255\" data-end=\"1390\"><strong data-start=\"1255\" data-end=\"1292\">Dlaczego warto wybra\u0107 DZ2359 c46?<\/strong><br data-start=\"1292\" data-end=\"1295\" \/>\u2022 Styl inspirowany klasyk\u0105<br data-start=\"1321\" data-end=\"1324\" \/>\u2022 Wysoki komfort noszenia<br data-start=\"1349\" data-end=\"1352\" \/>\u2022 Wyrazisty, ale stonowany charakter<\/p>\n","protected":false},"excerpt":{"rendered":"<p>DUTZ DZ2359 c46 Model DZ2359 c46 wyr\u00f3\u017cnia si\u0119 mi\u0119kkim, lekko zaokr\u0105glonym kszta\u0142tem oraz szerszym mostkiem, kt\u00f3ry zapewnia stabilno\u015b\u0107 i wygod\u0119. To propozycja dla os\u00f3b ceni\u0105cych styl retro w nowoczesnym wydaniu. Dane techniczne:\u2022 Soczewka: 47 mm\u2022 Mostek: 22 mm\u2022 Zausznik: 150 mm\u2022 Materia\u0142: acetat\u2022 Rodzaj oprawy: pe\u0142na Dlaczego warto wybra\u0107 DZ2359 c46?\u2022 Styl inspirowany klasyk\u0105\u2022 Wysoki [&hellip;]<\/p>\n","protected":false},"featured_media":9074,"comment_status":"open","ping_status":"closed","template":"","meta":{"_acf_changed":false},"product_brand":[514],"product_cat":[50],"product_tag":[529,369,516,155,517,528,515,482,355,376],"class_list":{"0":"post-8813","1":"product","2":"type-product","3":"status-publish","4":"has-post-thumbnail","6":"product_brand-dutz","7":"product_cat-okulary-korekcyjne","8":"product_tag-codzienne-oprawki","9":"product_tag-klasyczny-design","10":"product_tag-okulary-dutz","11":"product_tag-okulary-unisex","12":"product_tag-oprawki-acetatowe","13":"product_tag-oprawki-retro","14":"product_tag-oprawy-korekcyjne","15":"product_tag-styl-vintage","16":"product_tag-szeroki-mostek","17":"product_tag-wygodne-okulary","19":"first","20":"instock","21":"shipping-taxable","22":"purchasable","23":"product-type-simple"},"acf":[],"_links":{"self":[{"href":"https:\/\/www.strzodowie.pl\/sklep\/wp-json\/wp\/v2\/product\/8813","targetHints":{"allow":["GET"]}}],"collection":[{"href":"https:\/\/www.strzodowie.pl\/sklep\/wp-json\/wp\/v2\/product"}],"about":[{"href":"https:\/\/www.strzodowie.pl\/sklep\/wp-json\/wp\/v2\/types\/product"}],"replies":[{"embeddable":true,"href":"https:\/\/www.strzodowie.pl\/sklep\/wp-json\/wp\/v2\/comments?post=8813"}],"wp:featuredmedia":[{"embeddable":true,"href":"https:\/\/www.strzodowie.pl\/sklep\/wp-json\/wp\/v2\/media\/9074"}],"wp:attachment":[{"href":"https:\/\/www.strzodowie.pl\/sklep\/wp-json\/wp\/v2\/media?parent=8813"}],"wp:term":[{"taxonomy":"product_brand","embeddable":true,"href":"https:\/\/www.strzodowie.pl\/sklep\/wp-json\/wp\/v2\/product_brand?post=8813"},{"taxonomy":"product_cat","embeddable":true,"href":"https:\/\/www.strzodowie.pl\/sklep\/wp-json\/wp\/v2\/product_cat?post=8813"},{"taxonomy":"product_tag","embeddable":true,"href":"https:\/\/www.strzodowie.pl\/sklep\/wp-json\/wp\/v2\/product_tag?post=8813"}],"curies":[{"name":"wp","href":"https:\/\/api.w.org\/{rel}","templated":true}]}}