{"id":8810,"date":"2026-01-09T12:19:55","date_gmt":"2026-01-09T11:19:55","guid":{"rendered":"https:\/\/www.strzodowie.pl\/sklep\/?post_type=product&#038;p=8810"},"modified":"2026-02-04T12:47:12","modified_gmt":"2026-02-04T11:47:12","slug":"dz2357","status":"publish","type":"product","link":"https:\/\/www.strzodowie.pl\/sklep\/product\/dz2357\/","title":{"rendered":"DZ2357"},"content":{"rendered":"<h2 data-start=\"187\" data-end=\"207\">DUTZ DZ2357 c35<\/h2>\n<p data-start=\"234\" data-end=\"440\">Model <strong data-start=\"240\" data-end=\"254\">DZ2357 c35<\/strong> to eleganckie oprawy o harmonijnych proporcjach, kt\u00f3re doskonale \u0142\u0105cz\u0105 klasyczn\u0105 form\u0119 z nowoczesn\u0105 estetyk\u0105. Subtelna linia sprawia, \u017ce model pasuje do wielu typ\u00f3w twarzy i stylizacji.<\/p>\n<p data-start=\"442\" data-end=\"569\"><strong data-start=\"442\" data-end=\"462\">Dane techniczne:<\/strong><br data-start=\"462\" data-end=\"465\" \/>\u2022 Soczewka: 50 mm<br data-start=\"482\" data-end=\"485\" \/>\u2022 Mostek: 18 mm<br data-start=\"500\" data-end=\"503\" \/>\u2022 Zausznik: 145 mm<br data-start=\"521\" data-end=\"524\" \/>\u2022 Materia\u0142: acetat<br data-start=\"542\" data-end=\"545\" \/>\u2022 Rodzaj oprawy: pe\u0142na<\/p>\n<p data-start=\"571\" data-end=\"687\"><strong data-start=\"571\" data-end=\"608\">Dlaczego warto wybra\u0107 DZ2357 c35?<\/strong><br data-start=\"608\" data-end=\"611\" \/>\u2022 Ponadczasowy design<br data-start=\"632\" data-end=\"635\" \/>\u2022 Komfortowe dopasowanie<br data-start=\"659\" data-end=\"662\" \/>\u2022 Stylowa uniwersalno\u015b\u0107<\/p>\n","protected":false},"excerpt":{"rendered":"<p>DUTZ DZ2357 c35 Model DZ2357 c35 to eleganckie oprawy o harmonijnych proporcjach, kt\u00f3re doskonale \u0142\u0105cz\u0105 klasyczn\u0105 form\u0119 z nowoczesn\u0105 estetyk\u0105. Subtelna linia sprawia, \u017ce model pasuje do wielu typ\u00f3w twarzy i stylizacji. Dane techniczne:\u2022 Soczewka: 50 mm\u2022 Mostek: 18 mm\u2022 Zausznik: 145 mm\u2022 Materia\u0142: acetat\u2022 Rodzaj oprawy: pe\u0142na Dlaczego warto wybra\u0107 DZ2357 c35?\u2022 Ponadczasowy design\u2022 [&hellip;]<\/p>\n","protected":false},"featured_media":9075,"comment_status":"open","ping_status":"closed","template":"","meta":{"_acf_changed":false},"product_brand":[514],"product_cat":[50],"product_tag":[343,362,245,332,226,516,155,517,515,227],"class_list":{"0":"post-8810","1":"product","2":"type-product","3":"status-publish","4":"has-post-thumbnail","6":"product_brand-dutz","7":"product_cat-okulary-korekcyjne","8":"product_tag-codzienne-okulary","9":"product_tag-eleganckie-oprawki","10":"product_tag-klasyczny-styl","11":"product_tag-komfort-noszenia","12":"product_tag-lekkie-oprawki","13":"product_tag-okulary-dutz","14":"product_tag-okulary-unisex","15":"product_tag-oprawki-acetatowe","16":"product_tag-oprawy-korekcyjne","17":"product_tag-pelna-oprawa","19":"first","20":"instock","21":"shipping-taxable","22":"purchasable","23":"product-type-simple"},"acf":[],"_links":{"self":[{"href":"https:\/\/www.strzodowie.pl\/sklep\/wp-json\/wp\/v2\/product\/8810","targetHints":{"allow":["GET"]}}],"collection":[{"href":"https:\/\/www.strzodowie.pl\/sklep\/wp-json\/wp\/v2\/product"}],"about":[{"href":"https:\/\/www.strzodowie.pl\/sklep\/wp-json\/wp\/v2\/types\/product"}],"replies":[{"embeddable":true,"href":"https:\/\/www.strzodowie.pl\/sklep\/wp-json\/wp\/v2\/comments?post=8810"}],"wp:featuredmedia":[{"embeddable":true,"href":"https:\/\/www.strzodowie.pl\/sklep\/wp-json\/wp\/v2\/media\/9075"}],"wp:attachment":[{"href":"https:\/\/www.strzodowie.pl\/sklep\/wp-json\/wp\/v2\/media?parent=8810"}],"wp:term":[{"taxonomy":"product_brand","embeddable":true,"href":"https:\/\/www.strzodowie.pl\/sklep\/wp-json\/wp\/v2\/product_brand?post=8810"},{"taxonomy":"product_cat","embeddable":true,"href":"https:\/\/www.strzodowie.pl\/sklep\/wp-json\/wp\/v2\/product_cat?post=8810"},{"taxonomy":"product_tag","embeddable":true,"href":"https:\/\/www.strzodowie.pl\/sklep\/wp-json\/wp\/v2\/product_tag?post=8810"}],"curies":[{"name":"wp","href":"https:\/\/api.w.org\/{rel}","templated":true}]}}