{"id":8804,"date":"2026-01-09T11:41:33","date_gmt":"2026-01-09T10:41:33","guid":{"rendered":"https:\/\/www.strzodowie.pl\/sklep\/?post_type=product&#038;p=8804"},"modified":"2026-02-04T12:50:44","modified_gmt":"2026-02-04T11:50:44","slug":"dz892","status":"publish","type":"product","link":"https:\/\/www.strzodowie.pl\/sklep\/product\/dz892\/","title":{"rendered":"DZ892"},"content":{"rendered":"<h2 data-start=\"2299\" data-end=\"2318\">DUTZ DZ892 c45<\/h2>\n<p data-start=\"2345\" data-end=\"2514\">Model <strong data-start=\"2351\" data-end=\"2364\">DZ892 c45<\/strong> to oprawy o bardziej mi\u0119kkim, klasycznym konturze. Szerszy mostek zapewnia komfort noszenia i stabilno\u015b\u0107, a ca\u0142o\u015b\u0107 prezentuje si\u0119 bardzo harmonijnie.<\/p>\n<p data-start=\"2516\" data-end=\"2643\"><strong data-start=\"2516\" data-end=\"2536\">Dane techniczne:<\/strong><br data-start=\"2536\" data-end=\"2539\" \/>\u2022 Soczewka: 49 mm<br data-start=\"2556\" data-end=\"2559\" \/>\u2022 Mostek: 21 mm<br data-start=\"2574\" data-end=\"2577\" \/>\u2022 Zausznik: 150 mm<br data-start=\"2595\" data-end=\"2598\" \/>\u2022 Materia\u0142: mrtal<br data-start=\"2616\" data-end=\"2619\" \/>\u2022 Rodzaj oprawy: pe\u0142na<\/p>\n<p data-start=\"2645\" data-end=\"2779\"><strong data-start=\"2645\" data-end=\"2681\">Dlaczego warto wybra\u0107 DZ892 c45?<\/strong><br data-start=\"2681\" data-end=\"2684\" \/>\u2022 Wysoki komfort noszenia<br data-start=\"2709\" data-end=\"2712\" \/>\u2022 Klasyczna elegancja<br data-start=\"2733\" data-end=\"2736\" \/>\u2022 Uniwersalny model<\/p>\n<hr data-start=\"2781\" data-end=\"2784\" \/>\n","protected":false},"excerpt":{"rendered":"<p>DUTZ DZ892 c45 Model DZ892 c45 to oprawy o bardziej mi\u0119kkim, klasycznym konturze. Szerszy mostek zapewnia komfort noszenia i stabilno\u015b\u0107, a ca\u0142o\u015b\u0107 prezentuje si\u0119 bardzo harmonijnie. Dane techniczne:\u2022 Soczewka: 49 mm\u2022 Mostek: 21 mm\u2022 Zausznik: 150 mm\u2022 Materia\u0142: mrtal\u2022 Rodzaj oprawy: pe\u0142na Dlaczego warto wybra\u0107 DZ892 c45?\u2022 Wysoki komfort noszenia\u2022 Klasyczna elegancja\u2022 Uniwersalny model<\/p>\n","protected":false},"featured_media":9077,"comment_status":"open","ping_status":"closed","template":"","meta":{"_acf_changed":false},"product_brand":[514],"product_cat":[50],"product_tag":[186,385,332,526,527,516,155,515,355],"class_list":{"0":"post-8804","1":"product","2":"type-product","3":"status-publish","4":"has-post-thumbnail","6":"product_brand-dutz","7":"product_cat-okulary-korekcyjne","8":"product_tag-elegancki-styl","9":"product_tag-klasyczne-oprawki","10":"product_tag-komfort-noszenia","11":"product_tag-miekki-ksztalt","12":"product_tag-okulary-codzienne","13":"product_tag-okulary-dutz","14":"product_tag-okulary-unisex","15":"product_tag-oprawy-korekcyjne","16":"product_tag-szeroki-mostek","18":"first","19":"instock","20":"shipping-taxable","21":"purchasable","22":"product-type-simple"},"acf":[],"_links":{"self":[{"href":"https:\/\/www.strzodowie.pl\/sklep\/wp-json\/wp\/v2\/product\/8804","targetHints":{"allow":["GET"]}}],"collection":[{"href":"https:\/\/www.strzodowie.pl\/sklep\/wp-json\/wp\/v2\/product"}],"about":[{"href":"https:\/\/www.strzodowie.pl\/sklep\/wp-json\/wp\/v2\/types\/product"}],"replies":[{"embeddable":true,"href":"https:\/\/www.strzodowie.pl\/sklep\/wp-json\/wp\/v2\/comments?post=8804"}],"wp:featuredmedia":[{"embeddable":true,"href":"https:\/\/www.strzodowie.pl\/sklep\/wp-json\/wp\/v2\/media\/9077"}],"wp:attachment":[{"href":"https:\/\/www.strzodowie.pl\/sklep\/wp-json\/wp\/v2\/media?parent=8804"}],"wp:term":[{"taxonomy":"product_brand","embeddable":true,"href":"https:\/\/www.strzodowie.pl\/sklep\/wp-json\/wp\/v2\/product_brand?post=8804"},{"taxonomy":"product_cat","embeddable":true,"href":"https:\/\/www.strzodowie.pl\/sklep\/wp-json\/wp\/v2\/product_cat?post=8804"},{"taxonomy":"product_tag","embeddable":true,"href":"https:\/\/www.strzodowie.pl\/sklep\/wp-json\/wp\/v2\/product_tag?post=8804"}],"curies":[{"name":"wp","href":"https:\/\/api.w.org\/{rel}","templated":true}]}}