{"id":8801,"date":"2026-01-09T11:35:47","date_gmt":"2026-01-09T10:35:47","guid":{"rendered":"https:\/\/www.strzodowie.pl\/sklep\/?post_type=product&#038;p=8801"},"modified":"2026-02-04T12:51:10","modified_gmt":"2026-02-04T11:51:10","slug":"dz2370","status":"publish","type":"product","link":"https:\/\/www.strzodowie.pl\/sklep\/product\/dz2370\/","title":{"rendered":"DZ2370"},"content":{"rendered":"<h2 data-start=\"1814\" data-end=\"1834\">DUTZ DZ2370 c55<\/h2>\n<p data-start=\"1861\" data-end=\"2015\">Model <strong data-start=\"1867\" data-end=\"1881\">DZ2370 c55<\/strong> wyr\u00f3\u017cnia si\u0119 smuk\u0142\u0105 lini\u0105 i bardziej dynamicznym charakterem. W\u0119\u017cszy mostek nadaje oprawom nowoczesnej lekko\u015bci i optycznej harmonii.<\/p>\n<p data-start=\"2017\" data-end=\"2144\"><strong data-start=\"2017\" data-end=\"2037\">Dane techniczne:<\/strong><br data-start=\"2037\" data-end=\"2040\" \/>\u2022 Soczewka: 52 mm<br data-start=\"2057\" data-end=\"2060\" \/>\u2022 Mostek: 17 mm<br data-start=\"2075\" data-end=\"2078\" \/>\u2022 Zausznik: 145 mm<br data-start=\"2096\" data-end=\"2099\" \/>\u2022 Materia\u0142: acetat<br data-start=\"2117\" data-end=\"2120\" \/>\u2022 Rodzaj oprawy: pe\u0142na<\/p>\n<p data-start=\"2146\" data-end=\"2292\"><strong data-start=\"2146\" data-end=\"2183\">Dlaczego warto wybra\u0107 DZ2370 c55?<\/strong><br data-start=\"2183\" data-end=\"2186\" \/>\u2022 Nowoczesna sylwetka<br data-start=\"2207\" data-end=\"2210\" \/>\u2022 Idealne proporcje dla \u015brednich twarzy<br data-start=\"2249\" data-end=\"2252\" \/>\u2022 Stylowy wyb\u00f3r na co dzie\u0144 i do pracy<\/p>\n","protected":false},"excerpt":{"rendered":"<p>DUTZ DZ2370 c55 Model DZ2370 c55 wyr\u00f3\u017cnia si\u0119 smuk\u0142\u0105 lini\u0105 i bardziej dynamicznym charakterem. W\u0119\u017cszy mostek nadaje oprawom nowoczesnej lekko\u015bci i optycznej harmonii. Dane techniczne:\u2022 Soczewka: 52 mm\u2022 Mostek: 17 mm\u2022 Zausznik: 145 mm\u2022 Materia\u0142: acetat\u2022 Rodzaj oprawy: pe\u0142na Dlaczego warto wybra\u0107 DZ2370 c55?\u2022 Nowoczesna sylwetka\u2022 Idealne proporcje dla \u015brednich twarzy\u2022 Stylowy wyb\u00f3r na co [&hellip;]<\/p>\n","protected":false},"featured_media":9078,"comment_status":"open","ping_status":"closed","template":"","meta":{"_acf_changed":false},"product_brand":[514],"product_cat":[50],"product_tag":[356,458,228,516,521,517,400,515,524,525],"class_list":{"0":"post-8801","1":"product","2":"type-product","3":"status-publish","4":"has-post-thumbnail","6":"product_brand-dutz","7":"product_cat-okulary-korekcyjne","8":"product_tag-komfortowe-okulary","9":"product_tag-nowoczesne-oprawki","10":"product_tag-okulary-do-pracy","11":"product_tag-okulary-dutz","12":"product_tag-okulary-pelne","13":"product_tag-oprawki-acetatowe","14":"product_tag-oprawki-unisex","15":"product_tag-oprawy-korekcyjne","16":"product_tag-smukly-ksztalt","17":"product_tag-styl-miejski","19":"first","20":"instock","21":"shipping-taxable","22":"purchasable","23":"product-type-simple"},"acf":[],"_links":{"self":[{"href":"https:\/\/www.strzodowie.pl\/sklep\/wp-json\/wp\/v2\/product\/8801","targetHints":{"allow":["GET"]}}],"collection":[{"href":"https:\/\/www.strzodowie.pl\/sklep\/wp-json\/wp\/v2\/product"}],"about":[{"href":"https:\/\/www.strzodowie.pl\/sklep\/wp-json\/wp\/v2\/types\/product"}],"replies":[{"embeddable":true,"href":"https:\/\/www.strzodowie.pl\/sklep\/wp-json\/wp\/v2\/comments?post=8801"}],"wp:featuredmedia":[{"embeddable":true,"href":"https:\/\/www.strzodowie.pl\/sklep\/wp-json\/wp\/v2\/media\/9078"}],"wp:attachment":[{"href":"https:\/\/www.strzodowie.pl\/sklep\/wp-json\/wp\/v2\/media?parent=8801"}],"wp:term":[{"taxonomy":"product_brand","embeddable":true,"href":"https:\/\/www.strzodowie.pl\/sklep\/wp-json\/wp\/v2\/product_brand?post=8801"},{"taxonomy":"product_cat","embeddable":true,"href":"https:\/\/www.strzodowie.pl\/sklep\/wp-json\/wp\/v2\/product_cat?post=8801"},{"taxonomy":"product_tag","embeddable":true,"href":"https:\/\/www.strzodowie.pl\/sklep\/wp-json\/wp\/v2\/product_tag?post=8801"}],"curies":[{"name":"wp","href":"https:\/\/api.w.org\/{rel}","templated":true}]}}