{"id":8798,"date":"2026-01-09T11:20:48","date_gmt":"2026-01-09T10:20:48","guid":{"rendered":"https:\/\/www.strzodowie.pl\/sklep\/?post_type=product&#038;p=8798"},"modified":"2026-02-04T12:51:31","modified_gmt":"2026-02-04T11:51:31","slug":"dz2373","status":"publish","type":"product","link":"https:\/\/www.strzodowie.pl\/sklep\/product\/dz2373\/","title":{"rendered":"DZ2373"},"content":{"rendered":"<h2 data-start=\"1322\" data-end=\"1342\">DUTZ DZ2373 c45<\/h2>\n<p data-start=\"1369\" data-end=\"1536\">Model <strong data-start=\"1375\" data-end=\"1389\">DZ2373 c45<\/strong> \u0142\u0105czy klasyk\u0119 z nowoczesnym akcentem. Proporcjonalny kszta\u0142t i wyra\u017ana linia oprawy podkre\u015blaj\u0105 rysy twarzy, zachowuj\u0105c przy tym elegancki balans.<\/p>\n<p data-start=\"1538\" data-end=\"1665\"><strong data-start=\"1538\" data-end=\"1558\">Dane techniczne:<\/strong><br data-start=\"1558\" data-end=\"1561\" \/>\u2022 Soczewka: 51 mm<br data-start=\"1578\" data-end=\"1581\" \/>\u2022 Mostek: 20 mm<br data-start=\"1596\" data-end=\"1599\" \/>\u2022 Zausznik: 150 mm<br data-start=\"1617\" data-end=\"1620\" \/>\u2022 Materia\u0142: acetat<br data-start=\"1638\" data-end=\"1641\" \/>\u2022 Rodzaj oprawy: pe\u0142na<\/p>\n<p data-start=\"1667\" data-end=\"1807\"><strong data-start=\"1667\" data-end=\"1704\">Dlaczego warto wybra\u0107 DZ2373 c45?<\/strong><br data-start=\"1704\" data-end=\"1707\" \/>\u2022 Wyrazista, ale elegancka forma<br data-start=\"1739\" data-end=\"1742\" \/>\u2022 Stabilna konstrukcja<br data-start=\"1764\" data-end=\"1767\" \/>\u2022 Doskona\u0142e do codziennego u\u017cytkowania<\/p>\n","protected":false},"excerpt":{"rendered":"<p>DUTZ DZ2373 c45 Model DZ2373 c45 \u0142\u0105czy klasyk\u0119 z nowoczesnym akcentem. Proporcjonalny kszta\u0142t i wyra\u017ana linia oprawy podkre\u015blaj\u0105 rysy twarzy, zachowuj\u0105c przy tym elegancki balans. Dane techniczne:\u2022 Soczewka: 51 mm\u2022 Mostek: 20 mm\u2022 Zausznik: 150 mm\u2022 Materia\u0142: acetat\u2022 Rodzaj oprawy: pe\u0142na Dlaczego warto wybra\u0107 DZ2373 c45?\u2022 Wyrazista, ale elegancka forma\u2022 Stabilna konstrukcja\u2022 Doskona\u0142e do codziennego [&hellip;]<\/p>\n","protected":false},"featured_media":9079,"comment_status":"open","ping_status":"closed","template":"","meta":{"_acf_changed":false},"product_brand":[514],"product_cat":[50],"product_tag":[362,520,332,516,521,155,517,515,522,523],"class_list":{"0":"post-8798","1":"product","2":"type-product","3":"status-publish","4":"has-post-thumbnail","6":"product_brand-dutz","7":"product_cat-okulary-korekcyjne","8":"product_tag-eleganckie-oprawki","9":"product_tag-klasyczno-nowoczesny-styl","10":"product_tag-komfort-noszenia","11":"product_tag-okulary-dutz","12":"product_tag-okulary-pelne","13":"product_tag-okulary-unisex","14":"product_tag-oprawki-acetatowe","15":"product_tag-oprawy-korekcyjne","16":"product_tag-stabilna-konstrukcja","17":"product_tag-styl-biznesowy","19":"first","20":"instock","21":"shipping-taxable","22":"purchasable","23":"product-type-simple"},"acf":[],"_links":{"self":[{"href":"https:\/\/www.strzodowie.pl\/sklep\/wp-json\/wp\/v2\/product\/8798","targetHints":{"allow":["GET"]}}],"collection":[{"href":"https:\/\/www.strzodowie.pl\/sklep\/wp-json\/wp\/v2\/product"}],"about":[{"href":"https:\/\/www.strzodowie.pl\/sklep\/wp-json\/wp\/v2\/types\/product"}],"replies":[{"embeddable":true,"href":"https:\/\/www.strzodowie.pl\/sklep\/wp-json\/wp\/v2\/comments?post=8798"}],"wp:featuredmedia":[{"embeddable":true,"href":"https:\/\/www.strzodowie.pl\/sklep\/wp-json\/wp\/v2\/media\/9079"}],"wp:attachment":[{"href":"https:\/\/www.strzodowie.pl\/sklep\/wp-json\/wp\/v2\/media?parent=8798"}],"wp:term":[{"taxonomy":"product_brand","embeddable":true,"href":"https:\/\/www.strzodowie.pl\/sklep\/wp-json\/wp\/v2\/product_brand?post=8798"},{"taxonomy":"product_cat","embeddable":true,"href":"https:\/\/www.strzodowie.pl\/sklep\/wp-json\/wp\/v2\/product_cat?post=8798"},{"taxonomy":"product_tag","embeddable":true,"href":"https:\/\/www.strzodowie.pl\/sklep\/wp-json\/wp\/v2\/product_tag?post=8798"}],"curies":[{"name":"wp","href":"https:\/\/api.w.org\/{rel}","templated":true}]}}