{"id":8795,"date":"2026-01-09T11:05:10","date_gmt":"2026-01-09T10:05:10","guid":{"rendered":"https:\/\/www.strzodowie.pl\/sklep\/?post_type=product&#038;p=8795"},"modified":"2026-02-04T12:51:53","modified_gmt":"2026-02-04T11:51:53","slug":"dz2374","status":"publish","type":"product","link":"https:\/\/www.strzodowie.pl\/sklep\/product\/dz2374\/","title":{"rendered":"DZ2374"},"content":{"rendered":"<h2 data-start=\"801\" data-end=\"821\">DUTZ DZ2374 c15<\/h2>\n<p data-start=\"848\" data-end=\"1029\">Model <strong data-start=\"854\" data-end=\"868\">DZ2374 c15<\/strong> to propozycja dla os\u00f3b ceni\u0105cych delikatniejsze, bardziej kompaktowe oprawy. Zaokr\u0105glony kszta\u0142t i lekka konstrukcja nadaj\u0105 im subtelny, inteligentny charakter.<\/p>\n<p data-start=\"1031\" data-end=\"1158\"><strong data-start=\"1031\" data-end=\"1051\">Dane techniczne:<\/strong><br data-start=\"1051\" data-end=\"1054\" \/>\u2022 Soczewka: 48 mm<br data-start=\"1071\" data-end=\"1074\" \/>\u2022 Mostek: 20 mm<br data-start=\"1089\" data-end=\"1092\" \/>\u2022 Zausznik: 145 mm<br data-start=\"1110\" data-end=\"1113\" \/>\u2022 Materia\u0142: acetat<br data-start=\"1131\" data-end=\"1134\" \/>\u2022 Rodzaj oprawy: pe\u0142na<\/p>\n<p data-start=\"1160\" data-end=\"1315\"><strong data-start=\"1160\" data-end=\"1197\">Dlaczego warto wybra\u0107 DZ2374 c15?<\/strong><br data-start=\"1197\" data-end=\"1200\" \/>\u2022 Lekka i komfortowa forma<br data-start=\"1226\" data-end=\"1229\" \/>\u2022 Idealne do mniejszych twarzy<br data-start=\"1259\" data-end=\"1262\" \/>\u2022 Stylowa prostota w duchu nowoczesnego minimalizmu<\/p>\n","protected":false},"excerpt":{"rendered":"<p>DUTZ DZ2374 c15 Model DZ2374 c15 to propozycja dla os\u00f3b ceni\u0105cych delikatniejsze, bardziej kompaktowe oprawy. Zaokr\u0105glony kszta\u0142t i lekka konstrukcja nadaj\u0105 im subtelny, inteligentny charakter. Dane techniczne:\u2022 Soczewka: 48 mm\u2022 Mostek: 20 mm\u2022 Zausznik: 145 mm\u2022 Materia\u0142: acetat\u2022 Rodzaj oprawy: pe\u0142na Dlaczego warto wybra\u0107 DZ2374 c15?\u2022 Lekka i komfortowa forma\u2022 Idealne do mniejszych twarzy\u2022 Stylowa [&hellip;]<\/p>\n","protected":false},"featured_media":9080,"comment_status":"open","ping_status":"closed","template":"","meta":{"_acf_changed":false},"product_brand":[514],"product_cat":[50],"product_tag":[343,519,368,320,341,366,516,155,517,515],"class_list":{"0":"post-8795","1":"product","2":"type-product","3":"status-publish","4":"has-post-thumbnail","6":"product_brand-dutz","7":"product_cat-okulary-korekcyjne","8":"product_tag-codzienne-okulary","9":"product_tag-klasyczny-ksztalt","10":"product_tag-komfortowe-oprawki","11":"product_tag-lekkie-okulary","12":"product_tag-male-oprawki","13":"product_tag-minimalistyczny-styl","14":"product_tag-okulary-dutz","15":"product_tag-okulary-unisex","16":"product_tag-oprawki-acetatowe","17":"product_tag-oprawy-korekcyjne","19":"first","20":"instock","21":"shipping-taxable","22":"purchasable","23":"product-type-simple"},"acf":[],"_links":{"self":[{"href":"https:\/\/www.strzodowie.pl\/sklep\/wp-json\/wp\/v2\/product\/8795","targetHints":{"allow":["GET"]}}],"collection":[{"href":"https:\/\/www.strzodowie.pl\/sklep\/wp-json\/wp\/v2\/product"}],"about":[{"href":"https:\/\/www.strzodowie.pl\/sklep\/wp-json\/wp\/v2\/types\/product"}],"replies":[{"embeddable":true,"href":"https:\/\/www.strzodowie.pl\/sklep\/wp-json\/wp\/v2\/comments?post=8795"}],"wp:featuredmedia":[{"embeddable":true,"href":"https:\/\/www.strzodowie.pl\/sklep\/wp-json\/wp\/v2\/media\/9080"}],"wp:attachment":[{"href":"https:\/\/www.strzodowie.pl\/sklep\/wp-json\/wp\/v2\/media?parent=8795"}],"wp:term":[{"taxonomy":"product_brand","embeddable":true,"href":"https:\/\/www.strzodowie.pl\/sklep\/wp-json\/wp\/v2\/product_brand?post=8795"},{"taxonomy":"product_cat","embeddable":true,"href":"https:\/\/www.strzodowie.pl\/sklep\/wp-json\/wp\/v2\/product_cat?post=8795"},{"taxonomy":"product_tag","embeddable":true,"href":"https:\/\/www.strzodowie.pl\/sklep\/wp-json\/wp\/v2\/product_tag?post=8795"}],"curies":[{"name":"wp","href":"https:\/\/api.w.org\/{rel}","templated":true}]}}