{"id":8785,"date":"2025-12-16T12:57:31","date_gmt":"2025-12-16T11:57:31","guid":{"rendered":"https:\/\/www.strzodowie.pl\/sklep\/?post_type=product&#038;p=8785"},"modified":"2026-01-28T10:32:52","modified_gmt":"2026-01-28T09:32:52","slug":"8785","status":"publish","type":"product","link":"https:\/\/www.strzodowie.pl\/sklep\/product\/8785\/","title":{"rendered":"Naples Street NST01"},"content":{"rendered":"<h2 data-start=\"5936\" data-end=\"6004\"><strong data-start=\"5939\" data-end=\"6004\">Original Vintage Sunglasses \u2013 Naples Street NST01<\/strong><\/h2>\n<p data-start=\"6006\" data-end=\"6266\">Model <strong data-start=\"6012\" data-end=\"6035\">Naples Street NST01<\/strong> to miejskie okulary przeciws\u0142oneczne o nieco sportowym, ale nadal klasycznym charakterze. Czarne szk\u0142a gradientowe oraz harmonijna forma czyni\u0105 je idealnym dodatkiem do codziennych stylizacji.<\/p>\n<p data-start=\"6268\" data-end=\"6447\"><strong data-start=\"6268\" data-end=\"6288\">Dane techniczne:<\/strong><br data-start=\"6288\" data-end=\"6291\" \/>\u2022 Soczewka: 53 mm<br data-start=\"6308\" data-end=\"6311\" \/>\u2022 Mostek: 18 mm<br data-start=\"6326\" data-end=\"6329\" \/>\u2022 Zausznik: 148 mm<br data-start=\"6347\" data-end=\"6350\" \/>\u2022 Materia\u0142: acetat<br data-start=\"6368\" data-end=\"6371\" \/>\u2022 Kolor soczewek: czarny gradient<br data-start=\"6404\" data-end=\"6407\" \/>\u2022 Rodzaj oprawy: pe\u0142na<br data-start=\"6429\" data-end=\"6432\" \/>\u2022 Made in Italy<\/p>\n<p data-start=\"6449\" data-end=\"6594\"><strong data-start=\"6449\" data-end=\"6481\">Dlaczego warto wybra\u0107 NST01?<\/strong><br data-start=\"6481\" data-end=\"6484\" \/>\u2022 Miejska, nowoczesna forma.<br data-start=\"6512\" data-end=\"6515\" \/>\u2022 Czarne gradientowe szk\u0142a \u2014 komfort i styl.<br data-start=\"6559\" data-end=\"6562\" \/>\u2022 Solidne wykonanie we W\u0142oszech.<\/p>\n","protected":false},"excerpt":{"rendered":"<p>Original Vintage Sunglasses \u2013 Naples Street NST01 Model Naples Street NST01 to miejskie okulary przeciws\u0142oneczne o nieco sportowym, ale nadal klasycznym charakterze. Czarne szk\u0142a gradientowe oraz harmonijna forma czyni\u0105 je idealnym dodatkiem do codziennych stylizacji. Dane techniczne:\u2022 Soczewka: 53 mm\u2022 Mostek: 18 mm\u2022 Zausznik: 148 mm\u2022 Materia\u0142: acetat\u2022 Kolor soczewek: czarny gradient\u2022 Rodzaj oprawy: pe\u0142na\u2022 [&hellip;]<\/p>\n","protected":false},"featured_media":8999,"comment_status":"open","ping_status":"closed","template":"","meta":{"_acf_changed":false},"product_brand":[477],"product_cat":[70,51],"product_tag":[174,502,483,513,511,512,150,478,381],"class_list":{"0":"post-8785","1":"product","2":"type-product","3":"status-publish","4":"has-post-thumbnail","6":"product_brand-original-vintage-sunglasses","7":"product_cat-modne","8":"product_cat-okulary-przeciwsloneczne","9":"product_tag-acetat","10":"product_tag-czarne-gradienty","11":"product_tag-made-in-italy","12":"product_tag-miejski-styl","13":"product_tag-naples-street","14":"product_tag-nst01","15":"product_tag-okulary-przeciwsloneczne","16":"product_tag-original-vintage-sunglasses","17":"product_tag-premium-eyewear","19":"first","20":"onbackorder","21":"shipping-taxable","22":"purchasable","23":"product-type-simple"},"acf":[],"_links":{"self":[{"href":"https:\/\/www.strzodowie.pl\/sklep\/wp-json\/wp\/v2\/product\/8785","targetHints":{"allow":["GET"]}}],"collection":[{"href":"https:\/\/www.strzodowie.pl\/sklep\/wp-json\/wp\/v2\/product"}],"about":[{"href":"https:\/\/www.strzodowie.pl\/sklep\/wp-json\/wp\/v2\/types\/product"}],"replies":[{"embeddable":true,"href":"https:\/\/www.strzodowie.pl\/sklep\/wp-json\/wp\/v2\/comments?post=8785"}],"wp:featuredmedia":[{"embeddable":true,"href":"https:\/\/www.strzodowie.pl\/sklep\/wp-json\/wp\/v2\/media\/8999"}],"wp:attachment":[{"href":"https:\/\/www.strzodowie.pl\/sklep\/wp-json\/wp\/v2\/media?parent=8785"}],"wp:term":[{"taxonomy":"product_brand","embeddable":true,"href":"https:\/\/www.strzodowie.pl\/sklep\/wp-json\/wp\/v2\/product_brand?post=8785"},{"taxonomy":"product_cat","embeddable":true,"href":"https:\/\/www.strzodowie.pl\/sklep\/wp-json\/wp\/v2\/product_cat?post=8785"},{"taxonomy":"product_tag","embeddable":true,"href":"https:\/\/www.strzodowie.pl\/sklep\/wp-json\/wp\/v2\/product_tag?post=8785"}],"curies":[{"name":"wp","href":"https:\/\/api.w.org\/{rel}","templated":true}]}}