{"id":8777,"date":"2025-12-16T12:39:43","date_gmt":"2025-12-16T11:39:43","guid":{"rendered":"https:\/\/www.strzodowie.pl\/sklep\/?post_type=product&#038;p=8777"},"modified":"2026-01-28T10:32:52","modified_gmt":"2026-01-28T09:32:52","slug":"capri-special","status":"publish","type":"product","link":"https:\/\/www.strzodowie.pl\/sklep\/product\/capri-special\/","title":{"rendered":"Capri Special\u00a0"},"content":{"rendered":"<h2 data-start=\"3368\" data-end=\"3430\"><strong data-start=\"3371\" data-end=\"3430\">Original Vintage Sunglasses \u2013 Capri Special\u00a0<\/strong><\/h2>\n<p data-start=\"3432\" data-end=\"3729\">Model <strong data-start=\"3438\" data-end=\"3455\">Capri Special<\/strong> to <strong data-start=\"3459\" data-end=\"3508\">wyj\u0105tkowo eleganckie oprawki przeciws\u0142oneczne<\/strong> inspirowane klimatem w\u0142oskiego wybrze\u017ca. Ich proporcje oraz czarne szk\u0142a gradientowe dodaj\u0105 stylu \u201edolce vita\u201d ka\u017cdej stylizacji. Rozmiar potwierdzony r\u00f3wnie\u017c dla wersji korekcyjnej. <span class=\"\" data-state=\"closed\"><span class=\"ms-1 inline-flex max-w-full items-center relative top-[-0.094rem] animate-[show_150ms_ease-in]\" data-testid=\"webpage-citation-pill\"><a class=\"flex h-4.5 overflow-hidden rounded-xl px-2 text-[9px] font-medium transition-colors duration-150 ease-in-out text-token-text-secondary! bg-[#F4F4F4]! dark:bg-[#303030]!\" href=\"https:\/\/4eyes.pl\/pl\/c\/Original-Vintage-Sunglasses\/747?srsltid=AfmBOop4fmGPaU5UgOTV4VDnUJWyTD-TZkBRWjNWsdedZlpHamKbCLpT&amp;utm_source=chatgpt.com\" target=\"_blank\" rel=\"noopener\"><span class=\"relative start-0 bottom-0 flex h-full w-full items-center\"><span class=\"flex h-4 w-full items-center justify-between overflow-hidden\"><span class=\"max-w-[15ch] grow truncate overflow-hidden text-center\">4 Eyes Optyka<\/span><\/span><\/span><\/a><\/span><\/span><\/p>\n<p data-start=\"3731\" data-end=\"3910\"><strong data-start=\"3731\" data-end=\"3751\">Dane techniczne:<\/strong><br data-start=\"3751\" data-end=\"3754\" \/>\u2022 Soczewka: 51 mm<br data-start=\"3771\" data-end=\"3774\" \/>\u2022 Mostek: 21 mm<br data-start=\"3789\" data-end=\"3792\" \/>\u2022 Zausznik: 148 mm<br data-start=\"3810\" data-end=\"3813\" \/>\u2022 Materia\u0142: acetat<br data-start=\"3831\" data-end=\"3834\" \/>\u2022 Kolor soczewek: czarny gradient<br data-start=\"3867\" data-end=\"3870\" \/>\u2022 Rodzaj oprawy: pe\u0142na<br data-start=\"3892\" data-end=\"3895\" \/>\u2022 Made in Italy<\/p>\n<p data-start=\"3912\" data-end=\"4079\"><strong data-start=\"3912\" data-end=\"3952\">Dlaczego warto wybra\u0107 Capri Special?<\/strong><br data-start=\"3952\" data-end=\"3955\" \/>\u2022 Kompaktowe proporcje i wysoka elegancja.<br data-start=\"3997\" data-end=\"4000\" \/>\u2022 Czarne szk\u0142a gradientowe \u2014 doskona\u0142e w s\u0142o\u0144cu.<br data-start=\"4048\" data-end=\"4051\" \/>\u2022 Klasyczna w\u0142oska estetyka.<\/p>\n","protected":false},"excerpt":{"rendered":"<p>Original Vintage Sunglasses \u2013 Capri Special\u00a0 Model Capri Special to wyj\u0105tkowo eleganckie oprawki przeciws\u0142oneczne inspirowane klimatem w\u0142oskiego wybrze\u017ca. Ich proporcje oraz czarne szk\u0142a gradientowe dodaj\u0105 stylu \u201edolce vita\u201d ka\u017cdej stylizacji. Rozmiar potwierdzony r\u00f3wnie\u017c dla wersji korekcyjnej. 4 Eyes Optyka Dane techniczne:\u2022 Soczewka: 51 mm\u2022 Mostek: 21 mm\u2022 Zausznik: 148 mm\u2022 Materia\u0142: acetat\u2022 Kolor soczewek: czarny [&hellip;]<\/p>\n","protected":false},"featured_media":9002,"comment_status":"open","ping_status":"closed","template":"","meta":{"_acf_changed":false},"product_brand":[477],"product_cat":[70,51],"product_tag":[174,507,502,362,483,150,478,381,508],"class_list":{"0":"post-8777","1":"product","2":"type-product","3":"status-publish","4":"has-post-thumbnail","6":"product_brand-original-vintage-sunglasses","7":"product_cat-modne","8":"product_cat-okulary-przeciwsloneczne","9":"product_tag-acetat","10":"product_tag-capri-special","11":"product_tag-czarne-gradienty","12":"product_tag-eleganckie-oprawki","13":"product_tag-made-in-italy","14":"product_tag-okulary-przeciwsloneczne","15":"product_tag-original-vintage-sunglasses","16":"product_tag-premium-eyewear","17":"product_tag-styl-wakacyjny","19":"first","20":"onbackorder","21":"shipping-taxable","22":"purchasable","23":"product-type-simple"},"acf":[],"_links":{"self":[{"href":"https:\/\/www.strzodowie.pl\/sklep\/wp-json\/wp\/v2\/product\/8777","targetHints":{"allow":["GET"]}}],"collection":[{"href":"https:\/\/www.strzodowie.pl\/sklep\/wp-json\/wp\/v2\/product"}],"about":[{"href":"https:\/\/www.strzodowie.pl\/sklep\/wp-json\/wp\/v2\/types\/product"}],"replies":[{"embeddable":true,"href":"https:\/\/www.strzodowie.pl\/sklep\/wp-json\/wp\/v2\/comments?post=8777"}],"wp:featuredmedia":[{"embeddable":true,"href":"https:\/\/www.strzodowie.pl\/sklep\/wp-json\/wp\/v2\/media\/9002"}],"wp:attachment":[{"href":"https:\/\/www.strzodowie.pl\/sklep\/wp-json\/wp\/v2\/media?parent=8777"}],"wp:term":[{"taxonomy":"product_brand","embeddable":true,"href":"https:\/\/www.strzodowie.pl\/sklep\/wp-json\/wp\/v2\/product_brand?post=8777"},{"taxonomy":"product_cat","embeddable":true,"href":"https:\/\/www.strzodowie.pl\/sklep\/wp-json\/wp\/v2\/product_cat?post=8777"},{"taxonomy":"product_tag","embeddable":true,"href":"https:\/\/www.strzodowie.pl\/sklep\/wp-json\/wp\/v2\/product_tag?post=8777"}],"curies":[{"name":"wp","href":"https:\/\/api.w.org\/{rel}","templated":true}]}}