{"id":8773,"date":"2025-12-16T12:30:15","date_gmt":"2025-12-16T11:30:15","guid":{"rendered":"https:\/\/www.strzodowie.pl\/sklep\/?post_type=product&#038;p=8773"},"modified":"2026-01-28T10:32:52","modified_gmt":"2026-01-28T09:32:52","slug":"naples-treasure-ntr02","status":"publish","type":"product","link":"https:\/\/www.strzodowie.pl\/sklep\/product\/naples-treasure-ntr02\/","title":{"rendered":"Naples Treasure NTR02\u00a0"},"content":{"rendered":"<h2 data-start=\"2552\" data-end=\"2622\"><strong data-start=\"2555\" data-end=\"2622\">Original Vintage Sunglasses \u2013 Naples Treasure NTR02\u00a0<\/strong><\/h2>\n<p data-start=\"2624\" data-end=\"2850\">Model <strong data-start=\"2630\" data-end=\"2655\">Naples Treasure NTR02<\/strong> to oprawki przeciws\u0142oneczne o <strong data-start=\"2686\" data-end=\"2737\">klasycznej twarzowej formie z akcentami vintage<\/strong>. Styl inspirowany po\u0142udniem W\u0142och tworzy luksusowy look, a czarne szk\u0142a gradientowe dodaj\u0105 komfortu u\u017cytkowania.<\/p>\n<p data-start=\"2852\" data-end=\"3031\"><strong data-start=\"2852\" data-end=\"2872\">Dane techniczne:<\/strong><br data-start=\"2872\" data-end=\"2875\" \/>\u2022 Soczewka: 53 mm<br data-start=\"2892\" data-end=\"2895\" \/>\u2022 Mostek: 21 mm<br data-start=\"2910\" data-end=\"2913\" \/>\u2022 Zausznik: 148 mm<br data-start=\"2931\" data-end=\"2934\" \/>\u2022 Materia\u0142: acetat<br data-start=\"2952\" data-end=\"2955\" \/>\u2022 Kolor soczewek: czarny gradient<br data-start=\"2988\" data-end=\"2991\" \/>\u2022 Rodzaj oprawy: pe\u0142na<br data-start=\"3013\" data-end=\"3016\" \/>\u2022 Made in Italy<\/p>\n<p data-start=\"3033\" data-end=\"3187\"><strong data-start=\"3033\" data-end=\"3065\">Dlaczego warto wybra\u0107 NTR02?<\/strong><br data-start=\"3065\" data-end=\"3068\" \/>\u2022 Klasyczna, harmonijna forma.<br data-start=\"3098\" data-end=\"3101\" \/>\u2022 Czarne szk\u0142a gradientowe podkre\u015blaj\u0105ce styl.<br data-start=\"3147\" data-end=\"3150\" \/>\u2022 Wysokiej jako\u015bci w\u0142oskie wykonanie.<\/p>\n","protected":false},"excerpt":{"rendered":"<p>Original Vintage Sunglasses \u2013 Naples Treasure NTR02\u00a0 Model Naples Treasure NTR02 to oprawki przeciws\u0142oneczne o klasycznej twarzowej formie z akcentami vintage. Styl inspirowany po\u0142udniem W\u0142och tworzy luksusowy look, a czarne szk\u0142a gradientowe dodaj\u0105 komfortu u\u017cytkowania. Dane techniczne:\u2022 Soczewka: 53 mm\u2022 Mostek: 21 mm\u2022 Zausznik: 148 mm\u2022 Materia\u0142: acetat\u2022 Kolor soczewek: czarny gradient\u2022 Rodzaj oprawy: pe\u0142na\u2022 [&hellip;]<\/p>\n","protected":false},"featured_media":9003,"comment_status":"open","ping_status":"closed","template":"","meta":{"_acf_changed":false},"product_brand":[477],"product_cat":[70,51],"product_tag":[174,502,483,505,506,150,478,381,482],"class_list":{"0":"post-8773","1":"product","2":"type-product","3":"status-publish","4":"has-post-thumbnail","6":"product_brand-original-vintage-sunglasses","7":"product_cat-modne","8":"product_cat-okulary-przeciwsloneczne","9":"product_tag-acetat","10":"product_tag-czarne-gradienty","11":"product_tag-made-in-italy","12":"product_tag-naples-treasure","13":"product_tag-ntr02","14":"product_tag-okulary-przeciwsloneczne","15":"product_tag-original-vintage-sunglasses","16":"product_tag-premium-eyewear","17":"product_tag-styl-vintage","19":"first","20":"onbackorder","21":"shipping-taxable","22":"purchasable","23":"product-type-simple"},"acf":[],"_links":{"self":[{"href":"https:\/\/www.strzodowie.pl\/sklep\/wp-json\/wp\/v2\/product\/8773","targetHints":{"allow":["GET"]}}],"collection":[{"href":"https:\/\/www.strzodowie.pl\/sklep\/wp-json\/wp\/v2\/product"}],"about":[{"href":"https:\/\/www.strzodowie.pl\/sklep\/wp-json\/wp\/v2\/types\/product"}],"replies":[{"embeddable":true,"href":"https:\/\/www.strzodowie.pl\/sklep\/wp-json\/wp\/v2\/comments?post=8773"}],"wp:featuredmedia":[{"embeddable":true,"href":"https:\/\/www.strzodowie.pl\/sklep\/wp-json\/wp\/v2\/media\/9003"}],"wp:attachment":[{"href":"https:\/\/www.strzodowie.pl\/sklep\/wp-json\/wp\/v2\/media?parent=8773"}],"wp:term":[{"taxonomy":"product_brand","embeddable":true,"href":"https:\/\/www.strzodowie.pl\/sklep\/wp-json\/wp\/v2\/product_brand?post=8773"},{"taxonomy":"product_cat","embeddable":true,"href":"https:\/\/www.strzodowie.pl\/sklep\/wp-json\/wp\/v2\/product_cat?post=8773"},{"taxonomy":"product_tag","embeddable":true,"href":"https:\/\/www.strzodowie.pl\/sklep\/wp-json\/wp\/v2\/product_tag?post=8773"}],"curies":[{"name":"wp","href":"https:\/\/api.w.org\/{rel}","templated":true}]}}