{"id":8763,"date":"2025-12-16T11:43:33","date_gmt":"2025-12-16T10:43:33","guid":{"rendered":"https:\/\/www.strzodowie.pl\/sklep\/?post_type=product&#038;p=8763"},"modified":"2026-01-28T10:32:52","modified_gmt":"2026-01-28T09:32:52","slug":"hipster-zero-hz01","status":"publish","type":"product","link":"https:\/\/www.strzodowie.pl\/sklep\/product\/hipster-zero-hz01\/","title":{"rendered":"Hipster Zero HZ01"},"content":{"rendered":"<h2 data-start=\"851\" data-end=\"917\"><strong data-start=\"854\" data-end=\"917\">Original Vintage Sunglasses \u2013 Hipster Zero HZ01<\/strong><\/h2>\n<p data-start=\"919\" data-end=\"1167\">Model <strong data-start=\"925\" data-end=\"946\">Hipster Zero HZ01<\/strong> to klasyczne oprawki przeciws\u0142oneczne o <strong data-start=\"987\" data-end=\"1029\">prostok\u0105tnym, lekko wyd\u0142u\u017conym profilu<\/strong>. Ich uniwersalna forma inspirowana retro \u015bwietnie sprawdza si\u0119 w stylizacjach miejskich i casual, podkre\u015blaj\u0105c charakter i twarzowy styl.<\/p>\n<p data-start=\"1169\" data-end=\"1348\"><strong data-start=\"1169\" data-end=\"1189\">Dane techniczne:<\/strong><br data-start=\"1189\" data-end=\"1192\" \/>\u2022 Soczewka: 56 mm<br data-start=\"1209\" data-end=\"1212\" \/>\u2022 Mostek: 16 mm<br data-start=\"1227\" data-end=\"1230\" \/>\u2022 Zausznik: 148 mm<br data-start=\"1248\" data-end=\"1251\" \/>\u2022 Materia\u0142: acetat<br data-start=\"1269\" data-end=\"1272\" \/>\u2022 Kolor soczewek: czarny gradient<br data-start=\"1305\" data-end=\"1308\" \/>\u2022 Rodzaj oprawy: pe\u0142na<br data-start=\"1330\" data-end=\"1333\" \/>\u2022 Made in Italy<\/p>\n<p data-start=\"1350\" data-end=\"1554\"><strong data-start=\"1350\" data-end=\"1381\">Dlaczego warto wybra\u0107 HZ01?<\/strong><br data-start=\"1381\" data-end=\"1384\" \/>\u2022 Klasyczna, lekko wyd\u0142u\u017cona forma.<br data-start=\"1419\" data-end=\"1422\" \/>\u2022 Czarne szk\u0142a gradientowe dla komfortu i stylu.<br data-start=\"1470\" data-end=\"1473\" \/>\u2022 W\u0142oski acetat o premium wyko\u0144czeniu.<br data-start=\"1511\" data-end=\"1514\" \/>\u2022 Idealne do miejskich i modnych look\u00f3w.<\/p>\n","protected":false},"excerpt":{"rendered":"<p>Original Vintage Sunglasses \u2013 Hipster Zero HZ01 Model Hipster Zero HZ01 to klasyczne oprawki przeciws\u0142oneczne o prostok\u0105tnym, lekko wyd\u0142u\u017conym profilu. Ich uniwersalna forma inspirowana retro \u015bwietnie sprawdza si\u0119 w stylizacjach miejskich i casual, podkre\u015blaj\u0105c charakter i twarzowy styl. Dane techniczne:\u2022 Soczewka: 56 mm\u2022 Mostek: 16 mm\u2022 Zausznik: 148 mm\u2022 Materia\u0142: acetat\u2022 Kolor soczewek: czarny gradient\u2022 [&hellip;]<\/p>\n","protected":false},"featured_media":9005,"comment_status":"open","ping_status":"closed","template":"","meta":{"_acf_changed":false},"product_brand":[477],"product_cat":[70,51],"product_tag":[174,502,499,500,483,150,478,381,482],"class_list":{"0":"post-8763","1":"product","2":"type-product","3":"status-publish","4":"has-post-thumbnail","6":"product_brand-original-vintage-sunglasses","7":"product_cat-modne","8":"product_cat-okulary-przeciwsloneczne","9":"product_tag-acetat","10":"product_tag-czarne-gradienty","11":"product_tag-hipster-zero","12":"product_tag-hz01","13":"product_tag-made-in-italy","14":"product_tag-okulary-przeciwsloneczne","15":"product_tag-original-vintage-sunglasses","16":"product_tag-premium-eyewear","17":"product_tag-styl-vintage","19":"first","20":"onbackorder","21":"shipping-taxable","22":"purchasable","23":"product-type-simple"},"acf":[],"_links":{"self":[{"href":"https:\/\/www.strzodowie.pl\/sklep\/wp-json\/wp\/v2\/product\/8763","targetHints":{"allow":["GET"]}}],"collection":[{"href":"https:\/\/www.strzodowie.pl\/sklep\/wp-json\/wp\/v2\/product"}],"about":[{"href":"https:\/\/www.strzodowie.pl\/sklep\/wp-json\/wp\/v2\/types\/product"}],"replies":[{"embeddable":true,"href":"https:\/\/www.strzodowie.pl\/sklep\/wp-json\/wp\/v2\/comments?post=8763"}],"wp:featuredmedia":[{"embeddable":true,"href":"https:\/\/www.strzodowie.pl\/sklep\/wp-json\/wp\/v2\/media\/9005"}],"wp:attachment":[{"href":"https:\/\/www.strzodowie.pl\/sklep\/wp-json\/wp\/v2\/media?parent=8763"}],"wp:term":[{"taxonomy":"product_brand","embeddable":true,"href":"https:\/\/www.strzodowie.pl\/sklep\/wp-json\/wp\/v2\/product_brand?post=8763"},{"taxonomy":"product_cat","embeddable":true,"href":"https:\/\/www.strzodowie.pl\/sklep\/wp-json\/wp\/v2\/product_cat?post=8763"},{"taxonomy":"product_tag","embeddable":true,"href":"https:\/\/www.strzodowie.pl\/sklep\/wp-json\/wp\/v2\/product_tag?post=8763"}],"curies":[{"name":"wp","href":"https:\/\/api.w.org\/{rel}","templated":true}]}}