{"id":8760,"date":"2025-12-16T09:41:14","date_gmt":"2025-12-16T08:41:14","guid":{"rendered":"https:\/\/www.strzodowie.pl\/sklep\/?post_type=product&#038;p=8760"},"modified":"2026-01-28T10:32:52","modified_gmt":"2026-01-28T09:32:52","slug":"tuleto-tl01","status":"publish","type":"product","link":"https:\/\/www.strzodowie.pl\/sklep\/product\/tuleto-tl01\/","title":{"rendered":"Tuleto TL01"},"content":{"rendered":"<h2 data-start=\"4234\" data-end=\"4307\"><strong data-start=\"4237\" data-end=\"4307\">Original Vintage Sunglasses \u2013 Tuleto TL01 Smoke Marble\u00a0<\/strong><\/h2>\n<p data-start=\"4309\" data-end=\"4574\">Model <strong data-start=\"4315\" data-end=\"4343\">Tuleto TL01 Smoke Marble<\/strong> to wyj\u0105tkowe oprawki o kompaktowym, wyrafinowanym kszta\u0142cie. Efekt marmurkowego wyko\u0144czenia w odcieniu smoke nadaje im artystycznego charakteru, doskonale wpisuj\u0105c si\u0119 w estetyk\u0119 marki Original Vintage Sunglasses.<\/p>\n<p data-start=\"4576\" data-end=\"4797\"><strong data-start=\"4576\" data-end=\"4596\">Dane techniczne:<\/strong><br data-start=\"4596\" data-end=\"4599\" \/>\u2022 Szeroko\u015b\u0107 soczewki: 50 mm<br data-start=\"4626\" data-end=\"4629\" \/>\u2022 Szeroko\u015b\u0107 mostka: 22 mm<br data-start=\"4654\" data-end=\"4657\" \/>\u2022 D\u0142ugo\u015b\u0107 zausznika: 148 mm<br data-start=\"4684\" data-end=\"4687\" \/>\u2022 Materia\u0142 oprawy: acetat<br data-start=\"4712\" data-end=\"4715\" \/>\u2022 Kolor oprawy: Smoke Marble<br data-start=\"4743\" data-end=\"4746\" \/>\u2022 Rodzaj oprawy: pe\u0142na<br data-start=\"4768\" data-end=\"4771\" \/>\u2022 Produkcja: Made in Italy<\/p>\n<p data-start=\"4799\" data-end=\"5032\"><strong data-start=\"4799\" data-end=\"4849\">Dlaczego warto wybra\u0107 model TL01 Smoke Marble?<\/strong><br data-start=\"4849\" data-end=\"4852\" \/>\u2022 Unikatowe marmurkowe wyko\u0144czenie.<br data-start=\"4887\" data-end=\"4890\" \/>\u2022 Kompaktowy, designerski kszta\u0142t.<br data-start=\"4924\" data-end=\"4927\" \/>\u2022 Styl vintage z artystycznym akcentem.<br data-start=\"4966\" data-end=\"4969\" \/>\u2022 Wysoki komfort u\u017cytkowania.<br data-start=\"4998\" data-end=\"5001\" \/>\u2022 R\u0119cznie wykonane we W\u0142oszech.<\/p>\n","protected":false},"excerpt":{"rendered":"<p>Original Vintage Sunglasses \u2013 Tuleto TL01 Smoke Marble\u00a0 Model Tuleto TL01 Smoke Marble to wyj\u0105tkowe oprawki o kompaktowym, wyrafinowanym kszta\u0142cie. Efekt marmurkowego wyko\u0144czenia w odcieniu smoke nadaje im artystycznego charakteru, doskonale wpisuj\u0105c si\u0119 w estetyk\u0119 marki Original Vintage Sunglasses. Dane techniczne:\u2022 Szeroko\u015b\u0107 soczewki: 50 mm\u2022 Szeroko\u015b\u0107 mostka: 22 mm\u2022 D\u0142ugo\u015b\u0107 zausznika: 148 mm\u2022 Materia\u0142 oprawy: [&hellip;]<\/p>\n","protected":false},"featured_media":9006,"comment_status":"open","ping_status":"closed","template":"","meta":{"_acf_changed":false},"product_brand":[477],"product_cat":[50],"product_tag":[174,498,483,478,381,497,482,496,495],"class_list":{"0":"post-8760","1":"product","2":"type-product","3":"status-publish","4":"has-post-thumbnail","6":"product_brand-original-vintage-sunglasses","7":"product_cat-okulary-korekcyjne","8":"product_tag-acetat","9":"product_tag-designerskie-oprawki","10":"product_tag-made-in-italy","11":"product_tag-original-vintage-sunglasses","12":"product_tag-premium-eyewear","13":"product_tag-smoke-marble","14":"product_tag-styl-vintage","15":"product_tag-tl01","16":"product_tag-tuleto","18":"first","19":"instock","20":"shipping-taxable","21":"purchasable","22":"product-type-simple"},"acf":[],"_links":{"self":[{"href":"https:\/\/www.strzodowie.pl\/sklep\/wp-json\/wp\/v2\/product\/8760","targetHints":{"allow":["GET"]}}],"collection":[{"href":"https:\/\/www.strzodowie.pl\/sklep\/wp-json\/wp\/v2\/product"}],"about":[{"href":"https:\/\/www.strzodowie.pl\/sklep\/wp-json\/wp\/v2\/types\/product"}],"replies":[{"embeddable":true,"href":"https:\/\/www.strzodowie.pl\/sklep\/wp-json\/wp\/v2\/comments?post=8760"}],"wp:featuredmedia":[{"embeddable":true,"href":"https:\/\/www.strzodowie.pl\/sklep\/wp-json\/wp\/v2\/media\/9006"}],"wp:attachment":[{"href":"https:\/\/www.strzodowie.pl\/sklep\/wp-json\/wp\/v2\/media?parent=8760"}],"wp:term":[{"taxonomy":"product_brand","embeddable":true,"href":"https:\/\/www.strzodowie.pl\/sklep\/wp-json\/wp\/v2\/product_brand?post=8760"},{"taxonomy":"product_cat","embeddable":true,"href":"https:\/\/www.strzodowie.pl\/sklep\/wp-json\/wp\/v2\/product_cat?post=8760"},{"taxonomy":"product_tag","embeddable":true,"href":"https:\/\/www.strzodowie.pl\/sklep\/wp-json\/wp\/v2\/product_tag?post=8760"}],"curies":[{"name":"wp","href":"https:\/\/api.w.org\/{rel}","templated":true}]}}