{"id":8757,"date":"2025-12-16T09:39:20","date_gmt":"2025-12-16T08:39:20","guid":{"rendered":"https:\/\/www.strzodowie.pl\/sklep\/?post_type=product&#038;p=8757"},"modified":"2026-01-28T10:32:52","modified_gmt":"2026-01-28T09:32:52","slug":"naples-wave-nw02","status":"publish","type":"product","link":"https:\/\/www.strzodowie.pl\/sklep\/product\/naples-wave-nw02\/","title":{"rendered":"Naples Wave NW02"},"content":{"rendered":"<h2 data-start=\"3336\" data-end=\"3406\"><strong data-start=\"3339\" data-end=\"3406\">Original Vintage Sunglasses \u2013 Naples Wave NW02 Wine\u00a0<\/strong><\/h2>\n<p data-start=\"3408\" data-end=\"3626\">Model <strong data-start=\"3414\" data-end=\"3439\">Naples Wave NW02 Wine<\/strong> to nowoczesna interpretacja klasycznego stylu vintage. G\u0142\u0119boki odcie\u0144 wine nadaje oprawkom charakteru i elegancji, a mi\u0119kka linia frontu sprawia, \u017ce model doskonale uk\u0142ada si\u0119 na twarzy.<\/p>\n<p data-start=\"3628\" data-end=\"3841\"><strong data-start=\"3628\" data-end=\"3648\">Dane techniczne:<\/strong><br data-start=\"3648\" data-end=\"3651\" \/>\u2022 Szeroko\u015b\u0107 soczewki: 52 mm<br data-start=\"3678\" data-end=\"3681\" \/>\u2022 Szeroko\u015b\u0107 mostka: 21 mm<br data-start=\"3706\" data-end=\"3709\" \/>\u2022 D\u0142ugo\u015b\u0107 zausznika: 148 mm<br data-start=\"3736\" data-end=\"3739\" \/>\u2022 Materia\u0142 oprawy: acetat<br data-start=\"3764\" data-end=\"3767\" \/>\u2022 Kolor oprawy: Wine<br data-start=\"3787\" data-end=\"3790\" \/>\u2022 Rodzaj oprawy: pe\u0142na<br data-start=\"3812\" data-end=\"3815\" \/>\u2022 Produkcja: Made in Italy<\/p>\n<p data-start=\"3843\" data-end=\"4066\"><strong data-start=\"3843\" data-end=\"3885\">Dlaczego warto wybra\u0107 model NW02 Wine?<\/strong><br data-start=\"3885\" data-end=\"3888\" \/>\u2022 Stylowa, g\u0142\u0119boka kolorystyka.<br data-start=\"3919\" data-end=\"3922\" \/>\u2022 Mi\u0119kka, twarzowa forma.<br data-start=\"3947\" data-end=\"3950\" \/>\u2022 Idealne po\u0142\u0105czenie vintage i nowoczesno\u015bci.<br data-start=\"3995\" data-end=\"3998\" \/>\u2022 Wysoka jako\u015b\u0107 w\u0142oskiego acetatu.<br data-start=\"4032\" data-end=\"4035\" \/>\u2022 R\u0119czne wykonanie we W\u0142oszech.<\/p>\n","protected":false},"excerpt":{"rendered":"<p>Original Vintage Sunglasses \u2013 Naples Wave NW02 Wine\u00a0 Model Naples Wave NW02 Wine to nowoczesna interpretacja klasycznego stylu vintage. G\u0142\u0119boki odcie\u0144 wine nadaje oprawkom charakteru i elegancji, a mi\u0119kka linia frontu sprawia, \u017ce model doskonale uk\u0142ada si\u0119 na twarzy. Dane techniczne:\u2022 Szeroko\u015b\u0107 soczewki: 52 mm\u2022 Szeroko\u015b\u0107 mostka: 21 mm\u2022 D\u0142ugo\u015b\u0107 zausznika: 148 mm\u2022 Materia\u0142 oprawy: [&hellip;]<\/p>\n","protected":false},"featured_media":9007,"comment_status":"open","ping_status":"closed","template":"","meta":{"_acf_changed":false},"product_brand":[477],"product_cat":[50],"product_tag":[174,494,483,229,491,492,150,478,482,493],"class_list":{"0":"post-8757","1":"product","2":"type-product","3":"status-publish","4":"has-post-thumbnail","6":"product_brand-original-vintage-sunglasses","7":"product_cat-okulary-korekcyjne","8":"product_tag-acetat","9":"product_tag-italian-eyewear","10":"product_tag-made-in-italy","11":"product_tag-modne-oprawki","12":"product_tag-naples-wave","13":"product_tag-nw02","14":"product_tag-okulary-przeciwsloneczne","15":"product_tag-original-vintage-sunglasses","16":"product_tag-styl-vintage","17":"product_tag-wine","19":"first","20":"instock","21":"shipping-taxable","22":"purchasable","23":"product-type-simple"},"acf":[],"_links":{"self":[{"href":"https:\/\/www.strzodowie.pl\/sklep\/wp-json\/wp\/v2\/product\/8757","targetHints":{"allow":["GET"]}}],"collection":[{"href":"https:\/\/www.strzodowie.pl\/sklep\/wp-json\/wp\/v2\/product"}],"about":[{"href":"https:\/\/www.strzodowie.pl\/sklep\/wp-json\/wp\/v2\/types\/product"}],"replies":[{"embeddable":true,"href":"https:\/\/www.strzodowie.pl\/sklep\/wp-json\/wp\/v2\/comments?post=8757"}],"wp:featuredmedia":[{"embeddable":true,"href":"https:\/\/www.strzodowie.pl\/sklep\/wp-json\/wp\/v2\/media\/9007"}],"wp:attachment":[{"href":"https:\/\/www.strzodowie.pl\/sklep\/wp-json\/wp\/v2\/media?parent=8757"}],"wp:term":[{"taxonomy":"product_brand","embeddable":true,"href":"https:\/\/www.strzodowie.pl\/sklep\/wp-json\/wp\/v2\/product_brand?post=8757"},{"taxonomy":"product_cat","embeddable":true,"href":"https:\/\/www.strzodowie.pl\/sklep\/wp-json\/wp\/v2\/product_cat?post=8757"},{"taxonomy":"product_tag","embeddable":true,"href":"https:\/\/www.strzodowie.pl\/sklep\/wp-json\/wp\/v2\/product_tag?post=8757"}],"curies":[{"name":"wp","href":"https:\/\/api.w.org\/{rel}","templated":true}]}}