{"id":8754,"date":"2025-12-16T09:36:18","date_gmt":"2025-12-16T08:36:18","guid":{"rendered":"https:\/\/www.strzodowie.pl\/sklep\/?post_type=product&#038;p=8754"},"modified":"2026-01-28T10:32:52","modified_gmt":"2026-01-28T09:32:52","slug":"zero81-club-zc04","status":"publish","type":"product","link":"https:\/\/www.strzodowie.pl\/sklep\/product\/zero81-club-zc04\/","title":{"rendered":"Zero81 Club ZC04"},"content":{"rendered":"<h2 data-start=\"239\" data-end=\"333\"><strong data-start=\"242\" data-end=\"333\">Original Vintage Sunglasses \u2013 Zero81 Club ZC04 Tabacco\u00a0<\/strong><\/h2>\n<p data-start=\"335\" data-end=\"697\">Model <strong data-start=\"341\" data-end=\"369\">Zero81 Club ZC04 Tabacco<\/strong> to klasyczne oprawki korekcyjne inspirowane estetyk\u0105 vintage, charakteryzuj\u0105ce si\u0119 smuk\u0142ym, prostok\u0105tnym kszta\u0142tem i eleganckimi proporcjami. Ciep\u0142y odcie\u0144 tabacco nadaje im ponadczasowego charakteru, idealnie wpisuj\u0105c si\u0119 w styl retro z nowoczesnym wyko\u0144czeniem. To model dla os\u00f3b ceni\u0105cych wyrazist\u0105, ale stonowan\u0105 elegancj\u0119.<\/p>\n<p data-start=\"699\" data-end=\"953\"><strong data-start=\"699\" data-end=\"719\">Dane techniczne:<\/strong><br data-start=\"719\" data-end=\"722\" \/>\u2022 Szeroko\u015b\u0107 soczewki: 57 mm<br data-start=\"749\" data-end=\"752\" \/>\u2022 Szeroko\u015b\u0107 mostka: 15 mm<br data-start=\"777\" data-end=\"780\" \/>\u2022 D\u0142ugo\u015b\u0107 zausznika: 148 mm<br data-start=\"807\" data-end=\"810\" \/>\u2022 Materia\u0142 oprawy: acetat<br data-start=\"835\" data-end=\"838\" \/>\u2022 Kolor oprawy: Tabacco<br data-start=\"861\" data-end=\"864\" data-is-only-node=\"\" \/>\u2022 Rodzaj oprawy: pe\u0142na<br data-start=\"924\" data-end=\"927\" \/>\u2022 Produkcja: Made in Italy<\/p>\n<p data-start=\"955\" data-end=\"1296\"><strong data-start=\"955\" data-end=\"1000\">Dlaczego warto wybra\u0107 model ZC04 Tabacco?<\/strong><br data-start=\"1000\" data-end=\"1003\" \/>\u2022 Smuk\u0142y, klasyczny kszta\u0142t inspirowany stylem vintage.<br data-start=\"1058\" data-end=\"1061\" \/>\u2022 Elegancka kolorystyka tabacco pasuj\u0105ca do wielu stylizacji.<br data-start=\"1122\" data-end=\"1125\" \/>\u2022 Lekka, a jednocze\u015bnie solidna konstrukcja z w\u0142oskiego acetatu.<br data-start=\"1189\" data-end=\"1192\" \/>\u2022 Komfortowe dopasowanie dzi\u0119ki wyd\u0142u\u017conym zausznikom.<br data-start=\"1246\" data-end=\"1249\" \/>\u2022 Autentyczne rzemios\u0142o i jako\u015b\u0107 Made in Italy.<\/p>\n<p data-start=\"335\" data-end=\"697\">\n<p data-start=\"955\" data-end=\"1296\">\n","protected":false},"excerpt":{"rendered":"<p>Original Vintage Sunglasses \u2013 Zero81 Club ZC04 Tabacco\u00a0 Model Zero81 Club ZC04 Tabacco to klasyczne oprawki korekcyjne inspirowane estetyk\u0105 vintage, charakteryzuj\u0105ce si\u0119 smuk\u0142ym, prostok\u0105tnym kszta\u0142tem i eleganckimi proporcjami. Ciep\u0142y odcie\u0144 tabacco nadaje im ponadczasowego charakteru, idealnie wpisuj\u0105c si\u0119 w styl retro z nowoczesnym wyko\u0144czeniem. To model dla os\u00f3b ceni\u0105cych wyrazist\u0105, ale stonowan\u0105 elegancj\u0119. Dane techniczne:\u2022 [&hellip;]<\/p>\n","protected":false},"featured_media":9008,"comment_status":"open","ping_status":"closed","template":"","meta":{"_acf_changed":false},"product_brand":[477],"product_cat":[50],"product_tag":[174,385,483,490,478,381,482,481,489,479],"class_list":{"0":"post-8754","1":"product","2":"type-product","3":"status-publish","4":"has-post-thumbnail","6":"product_brand-original-vintage-sunglasses","7":"product_cat-okulary-korekcyjne","8":"product_tag-acetat","9":"product_tag-klasyczne-oprawki","10":"product_tag-made-in-italy","11":"product_tag-oprawki-korekcyjne","12":"product_tag-original-vintage-sunglasses","13":"product_tag-premium-eyewear","14":"product_tag-styl-vintage","15":"product_tag-tabacco","16":"product_tag-zc04","17":"product_tag-zero81-club","19":"first","20":"instock","21":"shipping-taxable","22":"purchasable","23":"product-type-simple"},"acf":[],"_links":{"self":[{"href":"https:\/\/www.strzodowie.pl\/sklep\/wp-json\/wp\/v2\/product\/8754","targetHints":{"allow":["GET"]}}],"collection":[{"href":"https:\/\/www.strzodowie.pl\/sklep\/wp-json\/wp\/v2\/product"}],"about":[{"href":"https:\/\/www.strzodowie.pl\/sklep\/wp-json\/wp\/v2\/types\/product"}],"replies":[{"embeddable":true,"href":"https:\/\/www.strzodowie.pl\/sklep\/wp-json\/wp\/v2\/comments?post=8754"}],"wp:featuredmedia":[{"embeddable":true,"href":"https:\/\/www.strzodowie.pl\/sklep\/wp-json\/wp\/v2\/media\/9008"}],"wp:attachment":[{"href":"https:\/\/www.strzodowie.pl\/sklep\/wp-json\/wp\/v2\/media?parent=8754"}],"wp:term":[{"taxonomy":"product_brand","embeddable":true,"href":"https:\/\/www.strzodowie.pl\/sklep\/wp-json\/wp\/v2\/product_brand?post=8754"},{"taxonomy":"product_cat","embeddable":true,"href":"https:\/\/www.strzodowie.pl\/sklep\/wp-json\/wp\/v2\/product_cat?post=8754"},{"taxonomy":"product_tag","embeddable":true,"href":"https:\/\/www.strzodowie.pl\/sklep\/wp-json\/wp\/v2\/product_tag?post=8754"}],"curies":[{"name":"wp","href":"https:\/\/api.w.org\/{rel}","templated":true}]}}