{"id":8743,"date":"2025-12-02T16:31:41","date_gmt":"2025-12-02T15:31:41","guid":{"rendered":"https:\/\/www.strzodowie.pl\/sklep\/?post_type=product&#038;p=8743"},"modified":"2026-02-04T14:11:39","modified_gmt":"2026-02-04T13:11:39","slug":"nenu-f022","status":"publish","type":"product","link":"https:\/\/www.strzodowie.pl\/sklep\/product\/nenu-f022\/","title":{"rendered":"N\u00e9nu F022"},"content":{"rendered":"<h1 data-start=\"6839\" data-end=\"6872\"><strong data-start=\"6841\" data-end=\"6872\">N\u00e9nu F022 c.347<\/strong><\/h1>\n<p data-start=\"6874\" data-end=\"7026\">Model <strong data-start=\"6880\" data-end=\"6894\">F022 c.347<\/strong> to modne oprawki o eleganckim, wi\u0119kszym kwadratowym kszta\u0142cie. Wyraziste, ale lekkie \u2013 idealne do podkre\u015blenia wsp\u00f3\u0142czesnego stylu.<\/p>\n<h3 data-start=\"7028\" data-end=\"7054\"><strong data-start=\"7032\" data-end=\"7052\">Dane techniczne:<\/strong><\/h3>\n<p data-start=\"7055\" data-end=\"7186\">\u2022 Szeroko\u015b\u0107 soczewki: 54 mm<br data-start=\"7082\" data-end=\"7085\" \/>\u2022 Szeroko\u015b\u0107 mostka: 18 mm<br data-start=\"7110\" data-end=\"7113\" \/>\u2022 D\u0142ugo\u015b\u0107 zausznika: 140 mm<br data-start=\"7140\" data-end=\"7143\" \/>\u2022 Materia\u0142: acetat<br data-start=\"7161\" data-end=\"7164\" \/>\u2022 Rodzaj oprawy: pe\u0142na<\/p>\n<h3 data-start=\"7188\" data-end=\"7231\"><strong data-start=\"7192\" data-end=\"7229\">Dlaczego warto wybra\u0107 F022 c.347?<\/strong><\/h3>\n<p data-start=\"7232\" data-end=\"7340\">\u2022 Modna, kwadratowa forma.<br data-start=\"7258\" data-end=\"7261\" \/>\u2022 Wygodna i lekka konstrukcja.<br data-start=\"7291\" data-end=\"7294\" \/>\u2022 Idealne do stylowych, nowoczesnych outfit\u00f3w.<\/p>\n","protected":false},"excerpt":{"rendered":"<p>N\u00e9nu F022 c.347 Model F022 c.347 to modne oprawki o eleganckim, wi\u0119kszym kwadratowym kszta\u0142cie. Wyraziste, ale lekkie \u2013 idealne do podkre\u015blenia wsp\u00f3\u0142czesnego stylu. Dane techniczne: \u2022 Szeroko\u015b\u0107 soczewki: 54 mm\u2022 Szeroko\u015b\u0107 mostka: 18 mm\u2022 D\u0142ugo\u015b\u0107 zausznika: 140 mm\u2022 Materia\u0142: acetat\u2022 Rodzaj oprawy: pe\u0142na Dlaczego warto wybra\u0107 F022 c.347? \u2022 Modna, kwadratowa forma.\u2022 Wygodna i lekka [&hellip;]<\/p>\n","protected":false},"featured_media":9103,"comment_status":"open","ping_status":"closed","template":"","meta":{"_acf_changed":false},"product_brand":[452],"product_cat":[50],"product_tag":[174,454,362,476,460,146,453,379,227,335],"class_list":{"0":"post-8743","1":"product","2":"type-product","3":"status-publish","4":"has-post-thumbnail","6":"product_brand-nenu-by-dekoptica","7":"product_cat-okulary-korekcyjne","8":"product_tag-acetat","9":"product_tag-dekoptica","10":"product_tag-eleganckie-oprawki","11":"product_tag-f022","12":"product_tag-fashion-look","13":"product_tag-kwadratowe-oprawki","14":"product_tag-nenu","15":"product_tag-nowoczesny-styl","16":"product_tag-pelna-oprawa","17":"product_tag-wyraziste-okulary","19":"first","20":"onbackorder","21":"shipping-taxable","22":"purchasable","23":"product-type-simple"},"acf":[],"_links":{"self":[{"href":"https:\/\/www.strzodowie.pl\/sklep\/wp-json\/wp\/v2\/product\/8743","targetHints":{"allow":["GET"]}}],"collection":[{"href":"https:\/\/www.strzodowie.pl\/sklep\/wp-json\/wp\/v2\/product"}],"about":[{"href":"https:\/\/www.strzodowie.pl\/sklep\/wp-json\/wp\/v2\/types\/product"}],"replies":[{"embeddable":true,"href":"https:\/\/www.strzodowie.pl\/sklep\/wp-json\/wp\/v2\/comments?post=8743"}],"wp:featuredmedia":[{"embeddable":true,"href":"https:\/\/www.strzodowie.pl\/sklep\/wp-json\/wp\/v2\/media\/9103"}],"wp:attachment":[{"href":"https:\/\/www.strzodowie.pl\/sklep\/wp-json\/wp\/v2\/media?parent=8743"}],"wp:term":[{"taxonomy":"product_brand","embeddable":true,"href":"https:\/\/www.strzodowie.pl\/sklep\/wp-json\/wp\/v2\/product_brand?post=8743"},{"taxonomy":"product_cat","embeddable":true,"href":"https:\/\/www.strzodowie.pl\/sklep\/wp-json\/wp\/v2\/product_cat?post=8743"},{"taxonomy":"product_tag","embeddable":true,"href":"https:\/\/www.strzodowie.pl\/sklep\/wp-json\/wp\/v2\/product_tag?post=8743"}],"curies":[{"name":"wp","href":"https:\/\/api.w.org\/{rel}","templated":true}]}}