{"id":8736,"date":"2025-12-02T16:03:58","date_gmt":"2025-12-02T15:03:58","guid":{"rendered":"https:\/\/www.strzodowie.pl\/sklep\/?post_type=product&#038;p=8736"},"modified":"2026-02-04T14:11:02","modified_gmt":"2026-02-04T13:11:02","slug":"nenu-f019","status":"publish","type":"product","link":"https:\/\/www.strzodowie.pl\/sklep\/product\/nenu-f019\/","title":{"rendered":"N\u00e9nu F019"},"content":{"rendered":"<h1 data-start=\"5601\" data-end=\"5634\"><strong data-start=\"5603\" data-end=\"5634\">N\u00e9nu F019 c.012<\/strong><\/h1>\n<p data-start=\"5636\" data-end=\"5758\">Model <strong data-start=\"5642\" data-end=\"5656\">F019 c.012<\/strong> to klasyczne, smuk\u0142e prostok\u0105tne oprawki idealne dla zwolennik\u00f3w lekkiej, minimalistycznej elegancji.<\/p>\n<h3 data-start=\"5760\" data-end=\"5786\"><strong data-start=\"5764\" data-end=\"5784\">Dane techniczne:<\/strong><\/h3>\n<p data-start=\"5787\" data-end=\"5918\">\u2022 Szeroko\u015b\u0107 soczewki: 54 mm<br data-start=\"5814\" data-end=\"5817\" \/>\u2022 Szeroko\u015b\u0107 mostka: 18 mm<br data-start=\"5842\" data-end=\"5845\" \/>\u2022 D\u0142ugo\u015b\u0107 zausznika: 140 mm<br data-start=\"5872\" data-end=\"5875\" \/>\u2022 Materia\u0142: acetat<br data-start=\"5893\" data-end=\"5896\" \/>\u2022 Rodzaj oprawy: pe\u0142na<\/p>\n<h3 data-start=\"5920\" data-end=\"5963\"><strong data-start=\"5924\" data-end=\"5961\">Dlaczego warto wybra\u0107 F019 c.012?<\/strong><\/h3>\n<p data-start=\"5964\" data-end=\"6065\">\u2022 Klasyczna prostok\u0105tna forma.<br data-start=\"5994\" data-end=\"5997\" \/>\u2022 Minimalistyczna, lekka estetyka.<br data-start=\"6031\" data-end=\"6034\" \/>\u2022 \u015awietne do codziennego stylu.<\/p>\n","protected":false},"excerpt":{"rendered":"<p>N\u00e9nu F019 c.012 Model F019 c.012 to klasyczne, smuk\u0142e prostok\u0105tne oprawki idealne dla zwolennik\u00f3w lekkiej, minimalistycznej elegancji. Dane techniczne: \u2022 Szeroko\u015b\u0107 soczewki: 54 mm\u2022 Szeroko\u015b\u0107 mostka: 18 mm\u2022 D\u0142ugo\u015b\u0107 zausznika: 140 mm\u2022 Materia\u0142: acetat\u2022 Rodzaj oprawy: pe\u0142na Dlaczego warto wybra\u0107 F019 c.012? \u2022 Klasyczna prostok\u0105tna forma.\u2022 Minimalistyczna, lekka estetyka.\u2022 \u015awietne do codziennego stylu.<\/p>\n","protected":false},"featured_media":9101,"comment_status":"open","ping_status":"closed","template":"","meta":{"_acf_changed":false},"product_brand":[452],"product_cat":[50],"product_tag":[174,454,188,474,245,453,227,153,440,466],"class_list":{"0":"post-8736","1":"product","2":"type-product","3":"status-publish","4":"has-post-thumbnail","6":"product_brand-nenu-by-dekoptica","7":"product_cat-okulary-korekcyjne","8":"product_tag-acetat","9":"product_tag-dekoptica","10":"product_tag-elegancja","11":"product_tag-f019","12":"product_tag-klasyczny-styl","13":"product_tag-nenu","14":"product_tag-pelna-oprawa","15":"product_tag-prostokatne-okulary","16":"product_tag-subtelne-okulary","17":"product_tag-uniwersalne-oprawki","19":"first","20":"onbackorder","21":"shipping-taxable","22":"purchasable","23":"product-type-simple"},"acf":[],"_links":{"self":[{"href":"https:\/\/www.strzodowie.pl\/sklep\/wp-json\/wp\/v2\/product\/8736","targetHints":{"allow":["GET"]}}],"collection":[{"href":"https:\/\/www.strzodowie.pl\/sklep\/wp-json\/wp\/v2\/product"}],"about":[{"href":"https:\/\/www.strzodowie.pl\/sklep\/wp-json\/wp\/v2\/types\/product"}],"replies":[{"embeddable":true,"href":"https:\/\/www.strzodowie.pl\/sklep\/wp-json\/wp\/v2\/comments?post=8736"}],"wp:featuredmedia":[{"embeddable":true,"href":"https:\/\/www.strzodowie.pl\/sklep\/wp-json\/wp\/v2\/media\/9101"}],"wp:attachment":[{"href":"https:\/\/www.strzodowie.pl\/sklep\/wp-json\/wp\/v2\/media?parent=8736"}],"wp:term":[{"taxonomy":"product_brand","embeddable":true,"href":"https:\/\/www.strzodowie.pl\/sklep\/wp-json\/wp\/v2\/product_brand?post=8736"},{"taxonomy":"product_cat","embeddable":true,"href":"https:\/\/www.strzodowie.pl\/sklep\/wp-json\/wp\/v2\/product_cat?post=8736"},{"taxonomy":"product_tag","embeddable":true,"href":"https:\/\/www.strzodowie.pl\/sklep\/wp-json\/wp\/v2\/product_tag?post=8736"}],"curies":[{"name":"wp","href":"https:\/\/api.w.org\/{rel}","templated":true}]}}