{"id":8723,"date":"2025-12-02T14:47:57","date_gmt":"2025-12-02T13:47:57","guid":{"rendered":"https:\/\/www.strzodowie.pl\/sklep\/?post_type=product&#038;p=8723"},"modified":"2026-02-04T14:09:48","modified_gmt":"2026-02-04T13:09:48","slug":"nenu-f014","status":"publish","type":"product","link":"https:\/\/www.strzodowie.pl\/sklep\/product\/nenu-f014\/","title":{"rendered":"N\u00e9nu F014"},"content":{"rendered":"<h1 data-start=\"3015\" data-end=\"3048\"><strong data-start=\"3017\" data-end=\"3048\">N\u00e9nu F014 c.310<\/strong><\/h1>\n<p data-start=\"3050\" data-end=\"3226\">Model <strong data-start=\"3056\" data-end=\"3070\">F014 c.310<\/strong> to klasyczne, prostok\u0105tne oprawki z szerokim mostkiem, zapewniaj\u0105cym wygod\u0119 i \u015bwietne dopasowanie. Lekko wyd\u0142u\u017cona forma nadaje im eleganckiego charakteru.<\/p>\n<h3 data-start=\"3228\" data-end=\"3254\"><strong data-start=\"3232\" data-end=\"3252\">Dane techniczne:<\/strong><\/h3>\n<p data-start=\"3255\" data-end=\"3386\">\u2022 Szeroko\u015b\u0107 soczewki: 55 mm<br data-start=\"3282\" data-end=\"3285\" \/>\u2022 Szeroko\u015b\u0107 mostka: 21 mm<br data-start=\"3310\" data-end=\"3313\" \/>\u2022 D\u0142ugo\u015b\u0107 zausznika: 140 mm<br data-start=\"3340\" data-end=\"3343\" \/>\u2022 Materia\u0142: acetat<br data-start=\"3361\" data-end=\"3364\" \/>\u2022 Rodzaj oprawy: pe\u0142na<\/p>\n<h3 data-start=\"3388\" data-end=\"3431\"><strong data-start=\"3392\" data-end=\"3429\">Dlaczego warto wybra\u0107 F014 c.310?<\/strong><\/h3>\n<p data-start=\"3432\" data-end=\"3532\">\u2022 Klasyczna, prostok\u0105tna estetyka.<br data-start=\"3466\" data-end=\"3469\" \/>\u2022 Szeroki i wygodny mostek.<br data-start=\"3496\" data-end=\"3499\" \/>\u2022 Idealne na co dzie\u0144 i do pracy.<\/p>\n","protected":false},"excerpt":{"rendered":"<p>N\u00e9nu F014 c.310 Model F014 c.310 to klasyczne, prostok\u0105tne oprawki z szerokim mostkiem, zapewniaj\u0105cym wygod\u0119 i \u015bwietne dopasowanie. Lekko wyd\u0142u\u017cona forma nadaje im eleganckiego charakteru. Dane techniczne: \u2022 Szeroko\u015b\u0107 soczewki: 55 mm\u2022 Szeroko\u015b\u0107 mostka: 21 mm\u2022 D\u0142ugo\u015b\u0107 zausznika: 140 mm\u2022 Materia\u0142: acetat\u2022 Rodzaj oprawy: pe\u0142na Dlaczego warto wybra\u0107 F014 c.310? \u2022 Klasyczna, prostok\u0105tna estetyka.\u2022 Szeroki [&hellip;]<\/p>\n","protected":false},"featured_media":9097,"comment_status":"open","ping_status":"closed","template":"","meta":{"_acf_changed":false},"product_brand":[452],"product_cat":[50],"product_tag":[174,454,186,464,191,453,227,244,466,465],"class_list":{"0":"post-8723","1":"product","2":"type-product","3":"status-publish","4":"has-post-thumbnail","6":"product_brand-nenu-by-dekoptica","7":"product_cat-okulary-korekcyjne","8":"product_tag-acetat","9":"product_tag-dekoptica","10":"product_tag-elegancki-styl","11":"product_tag-f014","12":"product_tag-klasyczne-okulary","13":"product_tag-nenu","14":"product_tag-pelna-oprawa","15":"product_tag-prostokatne-oprawki","16":"product_tag-uniwersalne-oprawki","17":"product_tag-wygodny-mostek","19":"first","20":"onbackorder","21":"shipping-taxable","22":"purchasable","23":"product-type-simple"},"acf":[],"_links":{"self":[{"href":"https:\/\/www.strzodowie.pl\/sklep\/wp-json\/wp\/v2\/product\/8723","targetHints":{"allow":["GET"]}}],"collection":[{"href":"https:\/\/www.strzodowie.pl\/sklep\/wp-json\/wp\/v2\/product"}],"about":[{"href":"https:\/\/www.strzodowie.pl\/sklep\/wp-json\/wp\/v2\/types\/product"}],"replies":[{"embeddable":true,"href":"https:\/\/www.strzodowie.pl\/sklep\/wp-json\/wp\/v2\/comments?post=8723"}],"wp:featuredmedia":[{"embeddable":true,"href":"https:\/\/www.strzodowie.pl\/sklep\/wp-json\/wp\/v2\/media\/9097"}],"wp:attachment":[{"href":"https:\/\/www.strzodowie.pl\/sklep\/wp-json\/wp\/v2\/media?parent=8723"}],"wp:term":[{"taxonomy":"product_brand","embeddable":true,"href":"https:\/\/www.strzodowie.pl\/sklep\/wp-json\/wp\/v2\/product_brand?post=8723"},{"taxonomy":"product_cat","embeddable":true,"href":"https:\/\/www.strzodowie.pl\/sklep\/wp-json\/wp\/v2\/product_cat?post=8723"},{"taxonomy":"product_tag","embeddable":true,"href":"https:\/\/www.strzodowie.pl\/sklep\/wp-json\/wp\/v2\/product_tag?post=8723"}],"curies":[{"name":"wp","href":"https:\/\/api.w.org\/{rel}","templated":true}]}}