{"id":8719,"date":"2025-12-02T14:32:22","date_gmt":"2025-12-02T13:32:22","guid":{"rendered":"https:\/\/www.strzodowie.pl\/sklep\/?post_type=product&#038;p=8719"},"modified":"2026-02-04T14:08:58","modified_gmt":"2026-02-04T13:08:58","slug":"nenu-f013","status":"publish","type":"product","link":"https:\/\/www.strzodowie.pl\/sklep\/product\/nenu-f013\/","title":{"rendered":"N\u00e9nu F013"},"content":{"rendered":"<h1 data-start=\"2382\" data-end=\"2415\"><strong data-start=\"2384\" data-end=\"2415\">N\u00e9nu F013 c.300\u00a0<\/strong><\/h1>\n<p data-start=\"2417\" data-end=\"2558\">Model <strong data-start=\"2423\" data-end=\"2437\">F013 c.300<\/strong> to mocniejsza, geometryczna oprawa o du\u017cych proporcjach. Idealna dla os\u00f3b, kt\u00f3re preferuj\u0105 wyrazisty, nowoczesny wygl\u0105d.<\/p>\n<h3 data-start=\"2560\" data-end=\"2586\"><strong data-start=\"2564\" data-end=\"2584\">Dane techniczne:<\/strong><\/h3>\n<p data-start=\"2587\" data-end=\"2718\">\u2022 Szeroko\u015b\u0107 soczewki: 56 mm<br data-start=\"2614\" data-end=\"2617\" \/>\u2022 Szeroko\u015b\u0107 mostka: 17 mm<br data-start=\"2642\" data-end=\"2645\" \/>\u2022 D\u0142ugo\u015b\u0107 zausznika: 140 mm<br data-start=\"2672\" data-end=\"2675\" \/>\u2022 Materia\u0142: acetat<br data-start=\"2693\" data-end=\"2696\" \/>\u2022 Rodzaj oprawy: pe\u0142na<\/p>\n<h3 data-start=\"2720\" data-end=\"2763\"><strong data-start=\"2724\" data-end=\"2761\">Dlaczego warto wybra\u0107 F013 c.300?<\/strong><\/h3>\n<p data-start=\"2764\" data-end=\"2858\">\u2022 Du\u017cy, modowy kszta\u0142t.<br data-start=\"2787\" data-end=\"2790\" \/>\u2022 \u015awietne do wi\u0119kszych twarzy.<br data-start=\"2820\" data-end=\"2823\" \/>\u2022 Geometryczna, wyrazista estetyka.<\/p>\n","protected":false},"excerpt":{"rendered":"<p>N\u00e9nu F013 c.300\u00a0 Model F013 c.300 to mocniejsza, geometryczna oprawa o du\u017cych proporcjach. Idealna dla os\u00f3b, kt\u00f3re preferuj\u0105 wyrazisty, nowoczesny wygl\u0105d. Dane techniczne: \u2022 Szeroko\u015b\u0107 soczewki: 56 mm\u2022 Szeroko\u015b\u0107 mostka: 17 mm\u2022 D\u0142ugo\u015b\u0107 zausznika: 140 mm\u2022 Materia\u0142: acetat\u2022 Rodzaj oprawy: pe\u0142na Dlaczego warto wybra\u0107 F013 c.300? \u2022 Du\u017cy, modowy kszta\u0142t.\u2022 \u015awietne do wi\u0119kszych twarzy.\u2022 Geometryczna, [&hellip;]<\/p>\n","protected":false},"featured_media":9096,"comment_status":"open","ping_status":"closed","template":"","meta":{"_acf_changed":false},"product_brand":[452],"product_cat":[50],"product_tag":[174,454,180,461,437,424,453,379,227,403],"class_list":{"0":"post-8719","1":"product","2":"type-product","3":"status-publish","4":"has-post-thumbnail","6":"product_brand-nenu-by-dekoptica","7":"product_cat-okulary-korekcyjne","8":"product_tag-acetat","9":"product_tag-dekoptica","10":"product_tag-duze-okulary","11":"product_tag-f013","12":"product_tag-fashion-eyewear","13":"product_tag-geometryczne-oprawki","14":"product_tag-nenu","15":"product_tag-nowoczesny-styl","16":"product_tag-pelna-oprawa","17":"product_tag-wyraziste-oprawki","19":"first","20":"onbackorder","21":"shipping-taxable","22":"purchasable","23":"product-type-simple"},"acf":[],"_links":{"self":[{"href":"https:\/\/www.strzodowie.pl\/sklep\/wp-json\/wp\/v2\/product\/8719","targetHints":{"allow":["GET"]}}],"collection":[{"href":"https:\/\/www.strzodowie.pl\/sklep\/wp-json\/wp\/v2\/product"}],"about":[{"href":"https:\/\/www.strzodowie.pl\/sklep\/wp-json\/wp\/v2\/types\/product"}],"replies":[{"embeddable":true,"href":"https:\/\/www.strzodowie.pl\/sklep\/wp-json\/wp\/v2\/comments?post=8719"}],"wp:featuredmedia":[{"embeddable":true,"href":"https:\/\/www.strzodowie.pl\/sklep\/wp-json\/wp\/v2\/media\/9096"}],"wp:attachment":[{"href":"https:\/\/www.strzodowie.pl\/sklep\/wp-json\/wp\/v2\/media?parent=8719"}],"wp:term":[{"taxonomy":"product_brand","embeddable":true,"href":"https:\/\/www.strzodowie.pl\/sklep\/wp-json\/wp\/v2\/product_brand?post=8719"},{"taxonomy":"product_cat","embeddable":true,"href":"https:\/\/www.strzodowie.pl\/sklep\/wp-json\/wp\/v2\/product_cat?post=8719"},{"taxonomy":"product_tag","embeddable":true,"href":"https:\/\/www.strzodowie.pl\/sklep\/wp-json\/wp\/v2\/product_tag?post=8719"}],"curies":[{"name":"wp","href":"https:\/\/api.w.org\/{rel}","templated":true}]}}