{"id":8715,"date":"2025-12-02T14:29:44","date_gmt":"2025-12-02T13:29:44","guid":{"rendered":"https:\/\/www.strzodowie.pl\/sklep\/?post_type=product&#038;p=8715"},"modified":"2026-02-04T14:07:45","modified_gmt":"2026-02-04T13:07:45","slug":"nenu-f012","status":"publish","type":"product","link":"https:\/\/www.strzodowie.pl\/sklep\/product\/nenu-f012\/","title":{"rendered":"N\u00e9nu F012"},"content":{"rendered":"<h1 data-start=\"1752\" data-end=\"1773\"><strong data-start=\"1754\" data-end=\"1773\">N\u00e9nu F012 c.407<\/strong><\/h1>\n<p data-start=\"1775\" data-end=\"1957\">Model <strong data-start=\"1781\" data-end=\"1795\">F012 c.407<\/strong> to delikatne, subtelnie kwadratowe oprawki o mi\u0119kkiej i eleganckiej linii. Styl klasyczny z lekkim, modowym wyko\u0144czeniem sprawia, \u017ce pasuj\u0105 do wielu typ\u00f3w urody.<\/p>\n<h3 data-start=\"1959\" data-end=\"1985\"><strong data-start=\"1963\" data-end=\"1983\">Dane techniczne:<\/strong><\/h3>\n<p data-start=\"1986\" data-end=\"2096\">\u2022 Szeroko\u015b\u0107 soczewki: 51 mm<br data-start=\"1324\" data-end=\"1327\" \/>\u2022 Szeroko\u015b\u0107 mostka: 19 mm<br data-start=\"1352\" data-end=\"1355\" \/>\u2022 D\u0142ugo\u015b\u0107 zausznika: 140 mm<br data-start=\"1382\" data-end=\"1385\" \/>\u2022 Materia\u0142: acetat<br data-start=\"1403\" data-end=\"1406\" \/>\u2022 Rodzaj oprawy: pe\u0142na<\/p>\n<h3 data-start=\"2098\" data-end=\"2141\"><strong data-start=\"2102\" data-end=\"2139\">Dlaczego warto wybra\u0107 F012 c.407?<\/strong><\/h3>\n<p data-start=\"2142\" data-end=\"2230\">\u2022 Mi\u0119kka kwadratowa forma.<br data-start=\"2168\" data-end=\"2171\" \/>\u2022 Elegancja w lekkim wydaniu.<br data-start=\"2200\" data-end=\"2203\" \/>\u2022 Bardzo uniwersalny model.<\/p>\n","protected":false},"excerpt":{"rendered":"<p>N\u00e9nu F012 c.407 Model F012 c.407 to delikatne, subtelnie kwadratowe oprawki o mi\u0119kkiej i eleganckiej linii. Styl klasyczny z lekkim, modowym wyko\u0144czeniem sprawia, \u017ce pasuj\u0105 do wielu typ\u00f3w urody. Dane techniczne: \u2022 Szeroko\u015b\u0107 soczewki: 51 mm\u2022 Szeroko\u015b\u0107 mostka: 19 mm\u2022 D\u0142ugo\u015b\u0107 zausznika: 140 mm\u2022 Materia\u0142: acetat\u2022 Rodzaj oprawy: pe\u0142na Dlaczego warto wybra\u0107 F012 c.407? \u2022 [&hellip;]<\/p>\n","protected":false},"featured_media":9095,"comment_status":"open","ping_status":"closed","template":"","meta":{"_acf_changed":false},"product_brand":[452],"product_cat":[50],"product_tag":[174,454,182,462,192,463,229,453,227,457],"class_list":{"0":"post-8715","1":"product","2":"type-product","3":"status-publish","4":"has-post-thumbnail","6":"product_brand-nenu-by-dekoptica","7":"product_cat-okulary-korekcyjne","8":"product_tag-acetat","9":"product_tag-dekoptica","10":"product_tag-elegancki-design","11":"product_tag-f012","12":"product_tag-kwadratowe-okulary","13":"product_tag-lekka-forma","14":"product_tag-modne-oprawki","15":"product_tag-nenu","16":"product_tag-pelna-oprawa","17":"product_tag-uniwersalny-styl","19":"first","20":"onbackorder","21":"shipping-taxable","22":"purchasable","23":"product-type-simple"},"acf":[],"_links":{"self":[{"href":"https:\/\/www.strzodowie.pl\/sklep\/wp-json\/wp\/v2\/product\/8715","targetHints":{"allow":["GET"]}}],"collection":[{"href":"https:\/\/www.strzodowie.pl\/sklep\/wp-json\/wp\/v2\/product"}],"about":[{"href":"https:\/\/www.strzodowie.pl\/sklep\/wp-json\/wp\/v2\/types\/product"}],"replies":[{"embeddable":true,"href":"https:\/\/www.strzodowie.pl\/sklep\/wp-json\/wp\/v2\/comments?post=8715"}],"wp:featuredmedia":[{"embeddable":true,"href":"https:\/\/www.strzodowie.pl\/sklep\/wp-json\/wp\/v2\/media\/9095"}],"wp:attachment":[{"href":"https:\/\/www.strzodowie.pl\/sklep\/wp-json\/wp\/v2\/media?parent=8715"}],"wp:term":[{"taxonomy":"product_brand","embeddable":true,"href":"https:\/\/www.strzodowie.pl\/sklep\/wp-json\/wp\/v2\/product_brand?post=8715"},{"taxonomy":"product_cat","embeddable":true,"href":"https:\/\/www.strzodowie.pl\/sklep\/wp-json\/wp\/v2\/product_cat?post=8715"},{"taxonomy":"product_tag","embeddable":true,"href":"https:\/\/www.strzodowie.pl\/sklep\/wp-json\/wp\/v2\/product_tag?post=8715"}],"curies":[{"name":"wp","href":"https:\/\/api.w.org\/{rel}","templated":true}]}}