{"id":8712,"date":"2025-12-02T13:26:57","date_gmt":"2025-12-02T12:26:57","guid":{"rendered":"https:\/\/www.strzodowie.pl\/sklep\/?post_type=product&#038;p=8712"},"modified":"2026-01-28T10:32:52","modified_gmt":"2026-01-28T09:32:52","slug":"nenu-f011","status":"publish","type":"product","link":"https:\/\/www.strzodowie.pl\/sklep\/product\/nenu-f011\/","title":{"rendered":"N\u00e9nu F011"},"content":{"rendered":"<h1 data-start=\"1075\" data-end=\"1108\"><strong data-start=\"1077\" data-end=\"1108\">N\u00e9nu F011 c.316<\/strong><\/h1>\n<p data-start=\"1110\" data-end=\"1268\">Model <strong data-start=\"1116\" data-end=\"1130\">F011 c.316<\/strong> to du\u017ce, geometryczne oprawki, kt\u00f3re \u0142\u0105cz\u0105 wyrazisty styl z lekko\u015bci\u0105 formy. Idealne dla os\u00f3b, kt\u00f3re lubi\u0105 nowoczesny, mocniejszy akcent.<\/p>\n<h3 data-start=\"1270\" data-end=\"1296\"><strong data-start=\"1274\" data-end=\"1294\">Dane techniczne:<\/strong><\/h3>\n<p data-start=\"1297\" data-end=\"1428\">\u2022 Szeroko\u015b\u0107 soczewki: 56 mm<br data-start=\"1324\" data-end=\"1327\" \/>\u2022 Szeroko\u015b\u0107 mostka: 18 mm<br data-start=\"1352\" data-end=\"1355\" \/>\u2022 D\u0142ugo\u015b\u0107 zausznika: 140 mm<br data-start=\"1382\" data-end=\"1385\" \/>\u2022 Materia\u0142: acetat<br data-start=\"1403\" data-end=\"1406\" \/>\u2022 Rodzaj oprawy: pe\u0142na<\/p>\n<h3 data-start=\"1430\" data-end=\"1473\"><strong data-start=\"1434\" data-end=\"1471\">Dlaczego warto wybra\u0107 F011 c.316?<\/strong><\/h3>\n<p data-start=\"1474\" data-end=\"1596\">\u2022 Wyrazista, geometryczna forma.<br data-start=\"1506\" data-end=\"1509\" \/>\u2022 Du\u017ca powierzchnia soczewki.<br data-start=\"1538\" data-end=\"1541\" \/>\u2022 Idealne dla wi\u0119kszych twarzy.<br data-start=\"1572\" data-end=\"1575\" \/>\u2022 Komfortowe i modne.<\/p>\n","protected":false},"excerpt":{"rendered":"<p>N\u00e9nu F011 c.316 Model F011 c.316 to du\u017ce, geometryczne oprawki, kt\u00f3re \u0142\u0105cz\u0105 wyrazisty styl z lekko\u015bci\u0105 formy. Idealne dla os\u00f3b, kt\u00f3re lubi\u0105 nowoczesny, mocniejszy akcent. Dane techniczne: \u2022 Szeroko\u015b\u0107 soczewki: 56 mm\u2022 Szeroko\u015b\u0107 mostka: 18 mm\u2022 D\u0142ugo\u015b\u0107 zausznika: 140 mm\u2022 Materia\u0142: acetat\u2022 Rodzaj oprawy: pe\u0142na Dlaczego warto wybra\u0107 F011 c.316? \u2022 Wyrazista, geometryczna forma.\u2022 Du\u017ca [&hellip;]<\/p>\n","protected":false},"featured_media":8713,"comment_status":"open","ping_status":"closed","template":"","meta":{"_acf_changed":false},"product_brand":[452],"product_cat":[50],"product_tag":[174,454,330,459,460,193,453,177,227,403],"class_list":{"0":"post-8712","1":"product","2":"type-product","3":"status-publish","4":"has-post-thumbnail","6":"product_brand-nenu-by-dekoptica","7":"product_cat-okulary-korekcyjne","8":"product_tag-acetat","9":"product_tag-dekoptica","10":"product_tag-duze-oprawki","11":"product_tag-f011","12":"product_tag-fashion-look","13":"product_tag-geometryczne-okulary","14":"product_tag-nenu","15":"product_tag-nowoczesny-design","16":"product_tag-pelna-oprawa","17":"product_tag-wyraziste-oprawki","19":"first","20":"onbackorder","21":"shipping-taxable","22":"purchasable","23":"product-type-simple"},"acf":[],"_links":{"self":[{"href":"https:\/\/www.strzodowie.pl\/sklep\/wp-json\/wp\/v2\/product\/8712","targetHints":{"allow":["GET"]}}],"collection":[{"href":"https:\/\/www.strzodowie.pl\/sklep\/wp-json\/wp\/v2\/product"}],"about":[{"href":"https:\/\/www.strzodowie.pl\/sklep\/wp-json\/wp\/v2\/types\/product"}],"replies":[{"embeddable":true,"href":"https:\/\/www.strzodowie.pl\/sklep\/wp-json\/wp\/v2\/comments?post=8712"}],"wp:featuredmedia":[{"embeddable":true,"href":"https:\/\/www.strzodowie.pl\/sklep\/wp-json\/wp\/v2\/media\/8713"}],"wp:attachment":[{"href":"https:\/\/www.strzodowie.pl\/sklep\/wp-json\/wp\/v2\/media?parent=8712"}],"wp:term":[{"taxonomy":"product_brand","embeddable":true,"href":"https:\/\/www.strzodowie.pl\/sklep\/wp-json\/wp\/v2\/product_brand?post=8712"},{"taxonomy":"product_cat","embeddable":true,"href":"https:\/\/www.strzodowie.pl\/sklep\/wp-json\/wp\/v2\/product_cat?post=8712"},{"taxonomy":"product_tag","embeddable":true,"href":"https:\/\/www.strzodowie.pl\/sklep\/wp-json\/wp\/v2\/product_tag?post=8712"}],"curies":[{"name":"wp","href":"https:\/\/api.w.org\/{rel}","templated":true}]}}