{"id":8709,"date":"2025-12-02T13:18:17","date_gmt":"2025-12-02T12:18:17","guid":{"rendered":"https:\/\/www.strzodowie.pl\/sklep\/?post_type=product&#038;p=8709"},"modified":"2026-01-28T10:32:52","modified_gmt":"2026-01-28T09:32:52","slug":"nenu-f010","status":"publish","type":"product","link":"https:\/\/www.strzodowie.pl\/sklep\/product\/nenu-f010\/","title":{"rendered":"N\u00e9nu F010"},"content":{"rendered":"<h1 data-start=\"321\" data-end=\"354\"><strong data-start=\"323\" data-end=\"354\">N\u00e9nu F010 c.400<\/strong><\/h1>\n<p data-start=\"356\" data-end=\"574\">Model <strong data-start=\"362\" data-end=\"376\">F010 c.400<\/strong> to eleganckie oprawki o mi\u0119kkiej, lekko zaokr\u0105glonej linii. Subtelny, klasyczny kszta\u0142t oraz delikatne wyko\u0144czenie nadaj\u0105 im uniwersalny i ponadczasowy charakter. Idealne do codziennych stylizacji.<\/p>\n<h3 data-start=\"576\" data-end=\"602\"><strong data-start=\"580\" data-end=\"600\">Dane techniczne:<\/strong><\/h3>\n<p data-start=\"603\" data-end=\"734\">\u2022 Szeroko\u015b\u0107 soczewki: 53 mm<br data-start=\"630\" data-end=\"633\" \/>\u2022 Szeroko\u015b\u0107 mostka: 19 mm<br data-start=\"658\" data-end=\"661\" \/>\u2022 D\u0142ugo\u015b\u0107 zausznika: 140 mm<br data-start=\"688\" data-end=\"691\" \/>\u2022 Materia\u0142: acetat<br data-start=\"709\" data-end=\"712\" \/>\u2022 Rodzaj oprawy: pe\u0142na<\/p>\n<h3 data-start=\"736\" data-end=\"779\"><strong data-start=\"740\" data-end=\"777\">Dlaczego warto wybra\u0107 F010 c.400?<\/strong><\/h3>\n<p data-start=\"780\" data-end=\"919\">\u2022 Delikatna, owalna forma.<br data-start=\"806\" data-end=\"809\" \/>\u2022 Uniwersalny model \u2013 pasuje do wielu twarzy.<br data-start=\"854\" data-end=\"857\" \/>\u2022 Lekka, elegancka estetyka.<br data-start=\"885\" data-end=\"888\" \/>\u2022 Trwa\u0142a konstrukcja z acetatu.<\/p>\n","protected":false},"excerpt":{"rendered":"<p>N\u00e9nu F010 c.400 Model F010 c.400 to eleganckie oprawki o mi\u0119kkiej, lekko zaokr\u0105glonej linii. Subtelny, klasyczny kszta\u0142t oraz delikatne wyko\u0144czenie nadaj\u0105 im uniwersalny i ponadczasowy charakter. Idealne do codziennych stylizacji. Dane techniczne: \u2022 Szeroko\u015b\u0107 soczewki: 53 mm\u2022 Szeroko\u015b\u0107 mostka: 19 mm\u2022 D\u0142ugo\u015b\u0107 zausznika: 140 mm\u2022 Materia\u0142: acetat\u2022 Rodzaj oprawy: pe\u0142na Dlaczego warto wybra\u0107 F010 c.400? [&hellip;]<\/p>\n","protected":false},"featured_media":8710,"comment_status":"open","ping_status":"closed","template":"","meta":{"_acf_changed":false},"product_brand":[452],"product_cat":[50],"product_tag":[174,454,165,455,456,453,458,442,227,457],"class_list":{"0":"post-8709","1":"product","2":"type-product","3":"status-publish","4":"has-post-thumbnail","6":"product_brand-nenu-by-dekoptica","7":"product_cat-okulary-korekcyjne","8":"product_tag-acetat","9":"product_tag-dekoptica","10":"product_tag-eleganckie-okulary","11":"product_tag-f010","12":"product_tag-lekki-design","13":"product_tag-nenu","14":"product_tag-nowoczesne-oprawki","15":"product_tag-owalne-oprawki","16":"product_tag-pelna-oprawa","17":"product_tag-uniwersalny-styl","19":"first","20":"onbackorder","21":"shipping-taxable","22":"purchasable","23":"product-type-simple"},"acf":[],"_links":{"self":[{"href":"https:\/\/www.strzodowie.pl\/sklep\/wp-json\/wp\/v2\/product\/8709","targetHints":{"allow":["GET"]}}],"collection":[{"href":"https:\/\/www.strzodowie.pl\/sklep\/wp-json\/wp\/v2\/product"}],"about":[{"href":"https:\/\/www.strzodowie.pl\/sklep\/wp-json\/wp\/v2\/types\/product"}],"replies":[{"embeddable":true,"href":"https:\/\/www.strzodowie.pl\/sklep\/wp-json\/wp\/v2\/comments?post=8709"}],"wp:featuredmedia":[{"embeddable":true,"href":"https:\/\/www.strzodowie.pl\/sklep\/wp-json\/wp\/v2\/media\/8710"}],"wp:attachment":[{"href":"https:\/\/www.strzodowie.pl\/sklep\/wp-json\/wp\/v2\/media?parent=8709"}],"wp:term":[{"taxonomy":"product_brand","embeddable":true,"href":"https:\/\/www.strzodowie.pl\/sklep\/wp-json\/wp\/v2\/product_brand?post=8709"},{"taxonomy":"product_cat","embeddable":true,"href":"https:\/\/www.strzodowie.pl\/sklep\/wp-json\/wp\/v2\/product_cat?post=8709"},{"taxonomy":"product_tag","embeddable":true,"href":"https:\/\/www.strzodowie.pl\/sklep\/wp-json\/wp\/v2\/product_tag?post=8709"}],"curies":[{"name":"wp","href":"https:\/\/api.w.org\/{rel}","templated":true}]}}