{"id":8706,"date":"2025-12-01T13:30:50","date_gmt":"2025-12-01T12:30:50","guid":{"rendered":"https:\/\/www.strzodowie.pl\/sklep\/?post_type=product&#038;p=8706"},"modified":"2026-01-28T10:32:52","modified_gmt":"2026-01-28T09:32:52","slug":"caroline-abram-blush-fatale","status":"publish","type":"product","link":"https:\/\/www.strzodowie.pl\/sklep\/product\/caroline-abram-blush-fatale\/","title":{"rendered":"Caroline Abram &#8211; Blush Fatale"},"content":{"rendered":"<h1 data-start=\"4691\" data-end=\"4728\"><strong data-start=\"4693\" data-end=\"4728\">Blush \u2013 Fatale 1085\u00a0<\/strong><\/h1>\n<p data-start=\"4730\" data-end=\"4938\">Model <strong data-start=\"4736\" data-end=\"4751\">Fatale 1085<\/strong> to wyraziste oprawki o <strong data-start=\"4775\" data-end=\"4816\">zmys\u0142owym, mocno zarysowanym konturze<\/strong>, idealne dla kobiet pewnych siebie, szukaj\u0105cych modnej oprawki premium. Kolorystyka Blush nadaje im nowoczesnej lekko\u015bci.<\/p>\n<h3 data-start=\"4940\" data-end=\"4966\"><strong data-start=\"4944\" data-end=\"4964\">Dane techniczne:<\/strong><\/h3>\n<p data-start=\"4967\" data-end=\"5098\">\u2022 Szeroko\u015b\u0107 soczewki: 51 mm<br data-start=\"4994\" data-end=\"4997\" \/>\u2022 Szeroko\u015b\u0107 mostka: 20 mm<br data-start=\"5022\" data-end=\"5025\" \/>\u2022 D\u0142ugo\u015b\u0107 zausznika: 140 mm<br data-start=\"5052\" data-end=\"5055\" \/>\u2022 Materia\u0142: acetat<br data-start=\"5073\" data-end=\"5076\" \/>\u2022 Rodzaj oprawy: pe\u0142na<\/p>\n<h3 data-start=\"5100\" data-end=\"5144\"><strong data-start=\"5104\" data-end=\"5142\">Dlaczego warto wybra\u0107 Fatale 1085?<\/strong><\/h3>\n<p data-start=\"5145\" data-end=\"5277\">\u2022 Mocny, modny akcent w stylizacji.<br data-start=\"5180\" data-end=\"5183\" \/>\u2022 Bardzo kobiecy, wyrazisty kszta\u0142t.<br data-start=\"5219\" data-end=\"5222\" \/>\u2022 Efekt premium w po\u0142\u0105czeniu z pastelow\u0105 delikatno\u015bci\u0105.<\/p>\n","protected":false},"excerpt":{"rendered":"<p>Blush \u2013 Fatale 1085\u00a0 Model Fatale 1085 to wyraziste oprawki o zmys\u0142owym, mocno zarysowanym konturze, idealne dla kobiet pewnych siebie, szukaj\u0105cych modnej oprawki premium. Kolorystyka Blush nadaje im nowoczesnej lekko\u015bci. Dane techniczne: \u2022 Szeroko\u015b\u0107 soczewki: 51 mm\u2022 Szeroko\u015b\u0107 mostka: 20 mm\u2022 D\u0142ugo\u015b\u0107 zausznika: 140 mm\u2022 Materia\u0142: acetat\u2022 Rodzaj oprawy: pe\u0142na Dlaczego warto wybra\u0107 Fatale 1085? [&hellip;]<\/p>\n","protected":false},"featured_media":8986,"comment_status":"open","ping_status":"closed","template":"","meta":{"_acf_changed":false},"product_brand":[426],"product_cat":[50],"product_tag":[174,444,427,437,449,451,344,166,450,403],"class_list":{"0":"post-8706","1":"product","2":"type-product","3":"status-publish","4":"has-post-thumbnail","6":"product_brand-caroline-abram","7":"product_cat-okulary-korekcyjne","8":"product_tag-acetat","9":"product_tag-blush","10":"product_tag-caroline-abram","11":"product_tag-fashion-eyewear","12":"product_tag-fatale","13":"product_tag-francuska-elegancja","14":"product_tag-kobiecy-design","15":"product_tag-modne-okulary","16":"product_tag-premium-style","17":"product_tag-wyraziste-oprawki","19":"first","20":"instock","21":"shipping-taxable","22":"purchasable","23":"product-type-simple"},"acf":[],"_links":{"self":[{"href":"https:\/\/www.strzodowie.pl\/sklep\/wp-json\/wp\/v2\/product\/8706","targetHints":{"allow":["GET"]}}],"collection":[{"href":"https:\/\/www.strzodowie.pl\/sklep\/wp-json\/wp\/v2\/product"}],"about":[{"href":"https:\/\/www.strzodowie.pl\/sklep\/wp-json\/wp\/v2\/types\/product"}],"replies":[{"embeddable":true,"href":"https:\/\/www.strzodowie.pl\/sklep\/wp-json\/wp\/v2\/comments?post=8706"}],"wp:featuredmedia":[{"embeddable":true,"href":"https:\/\/www.strzodowie.pl\/sklep\/wp-json\/wp\/v2\/media\/8986"}],"wp:attachment":[{"href":"https:\/\/www.strzodowie.pl\/sklep\/wp-json\/wp\/v2\/media?parent=8706"}],"wp:term":[{"taxonomy":"product_brand","embeddable":true,"href":"https:\/\/www.strzodowie.pl\/sklep\/wp-json\/wp\/v2\/product_brand?post=8706"},{"taxonomy":"product_cat","embeddable":true,"href":"https:\/\/www.strzodowie.pl\/sklep\/wp-json\/wp\/v2\/product_cat?post=8706"},{"taxonomy":"product_tag","embeddable":true,"href":"https:\/\/www.strzodowie.pl\/sklep\/wp-json\/wp\/v2\/product_tag?post=8706"}],"curies":[{"name":"wp","href":"https:\/\/api.w.org\/{rel}","templated":true}]}}