{"id":8703,"date":"2025-12-01T13:10:18","date_gmt":"2025-12-01T12:10:18","guid":{"rendered":"https:\/\/www.strzodowie.pl\/sklep\/?post_type=product&#038;p=8703"},"modified":"2026-01-28T10:32:52","modified_gmt":"2026-01-28T09:32:52","slug":"caroline-abram-blush-cutie","status":"publish","type":"product","link":"https:\/\/www.strzodowie.pl\/sklep\/product\/caroline-abram-blush-cutie\/","title":{"rendered":"Caroline Abram &#8211; Blush Cutie"},"content":{"rendered":"<h1 data-start=\"3998\" data-end=\"4034\"><strong data-start=\"4000\" data-end=\"4034\">Blush \u2013 Cutie 1044\u00a0<\/strong><\/h1>\n<p data-start=\"4036\" data-end=\"4211\">Model <strong data-start=\"4042\" data-end=\"4056\">Cutie 1044<\/strong> to kobiece oprawki o <strong data-start=\"4078\" data-end=\"4102\">owalno-kocim profilu<\/strong>, delikatne, lekkie i bardzo eleganckie. Pastelowe barwy pi\u0119knie roz\u015bwietlaj\u0105 twarz, dodaj\u0105c jej subtelno\u015bci.<\/p>\n<h3 data-start=\"4213\" data-end=\"4239\"><strong data-start=\"4217\" data-end=\"4237\">Dane techniczne:<\/strong><\/h3>\n<p data-start=\"4240\" data-end=\"4371\">\u2022 Szeroko\u015b\u0107 soczewki: 53 mm<br data-start=\"4267\" data-end=\"4270\" \/>\u2022 Szeroko\u015b\u0107 mostka: 16 mm<br data-start=\"4295\" data-end=\"4298\" \/>\u2022 D\u0142ugo\u015b\u0107 zausznika: 140 mm<br data-start=\"4325\" data-end=\"4328\" \/>\u2022 Materia\u0142: acetat<br data-start=\"4346\" data-end=\"4349\" \/>\u2022 Rodzaj oprawy: pe\u0142na<\/p>\n<h3 data-start=\"4373\" data-end=\"4416\"><strong data-start=\"4377\" data-end=\"4414\">Dlaczego warto wybra\u0107 Cutie 1044?<\/strong><\/h3>\n<p data-start=\"4417\" data-end=\"4538\">\u2022 Subtelny, kobiecy kszta\u0142t cat-eye.<br data-start=\"4453\" data-end=\"4456\" \/>\u2022 Lekko\u015b\u0107 i elegancja w pastelowych tonach.<br data-start=\"4499\" data-end=\"4502\" \/>\u2022 Idealne do codziennych stylizacji.<\/p>\n","protected":false},"excerpt":{"rendered":"<p>Blush \u2013 Cutie 1044\u00a0 Model Cutie 1044 to kobiece oprawki o owalno-kocim profilu, delikatne, lekkie i bardzo eleganckie. Pastelowe barwy pi\u0119knie roz\u015bwietlaj\u0105 twarz, dodaj\u0105c jej subtelno\u015bci. Dane techniczne: \u2022 Szeroko\u015b\u0107 soczewki: 53 mm\u2022 Szeroko\u015b\u0107 mostka: 16 mm\u2022 D\u0142ugo\u015b\u0107 zausznika: 140 mm\u2022 Materia\u0142: acetat\u2022 Rodzaj oprawy: pe\u0142na Dlaczego warto wybra\u0107 Cutie 1044? \u2022 Subtelny, kobiecy kszta\u0142t [&hellip;]<\/p>\n","protected":false},"featured_media":8984,"comment_status":"open","ping_status":"closed","template":"","meta":{"_acf_changed":false},"product_brand":[426],"product_cat":[50],"product_tag":[],"class_list":{"0":"post-8703","1":"product","2":"type-product","3":"status-publish","4":"has-post-thumbnail","6":"product_brand-caroline-abram","7":"product_cat-okulary-korekcyjne","9":"first","10":"instock","11":"shipping-taxable","12":"purchasable","13":"product-type-simple"},"acf":[],"_links":{"self":[{"href":"https:\/\/www.strzodowie.pl\/sklep\/wp-json\/wp\/v2\/product\/8703","targetHints":{"allow":["GET"]}}],"collection":[{"href":"https:\/\/www.strzodowie.pl\/sklep\/wp-json\/wp\/v2\/product"}],"about":[{"href":"https:\/\/www.strzodowie.pl\/sklep\/wp-json\/wp\/v2\/types\/product"}],"replies":[{"embeddable":true,"href":"https:\/\/www.strzodowie.pl\/sklep\/wp-json\/wp\/v2\/comments?post=8703"}],"wp:featuredmedia":[{"embeddable":true,"href":"https:\/\/www.strzodowie.pl\/sklep\/wp-json\/wp\/v2\/media\/8984"}],"wp:attachment":[{"href":"https:\/\/www.strzodowie.pl\/sklep\/wp-json\/wp\/v2\/media?parent=8703"}],"wp:term":[{"taxonomy":"product_brand","embeddable":true,"href":"https:\/\/www.strzodowie.pl\/sklep\/wp-json\/wp\/v2\/product_brand?post=8703"},{"taxonomy":"product_cat","embeddable":true,"href":"https:\/\/www.strzodowie.pl\/sklep\/wp-json\/wp\/v2\/product_cat?post=8703"},{"taxonomy":"product_tag","embeddable":true,"href":"https:\/\/www.strzodowie.pl\/sklep\/wp-json\/wp\/v2\/product_tag?post=8703"}],"curies":[{"name":"wp","href":"https:\/\/api.w.org\/{rel}","templated":true}]}}