{"id":8700,"date":"2025-12-01T13:06:15","date_gmt":"2025-12-01T12:06:15","guid":{"rendered":"https:\/\/www.strzodowie.pl\/sklep\/?post_type=product&#038;p=8700"},"modified":"2026-01-28T10:32:52","modified_gmt":"2026-01-28T09:32:52","slug":"caroline-abram-blush-fiction","status":"publish","type":"product","link":"https:\/\/www.strzodowie.pl\/sklep\/product\/caroline-abram-blush-fiction\/","title":{"rendered":"Caroline Abram- Blush Fiction"},"content":{"rendered":"<h1 data-start=\"3251\" data-end=\"3289\"><strong data-start=\"3253\" data-end=\"3289\">Blush \u2013 Fiction 1086\u00a0<\/strong><\/h1>\n<p data-start=\"3291\" data-end=\"3484\">Model <strong data-start=\"3297\" data-end=\"3313\">Fiction 1086<\/strong> to ma\u0142e, stylowe oprawki o <strong data-start=\"3341\" data-end=\"3375\">geometrycznej, wyra\u017anej formie<\/strong>, idealne dla kobiet ceni\u0105cych oryginalno\u015b\u0107 i artystyczny wyraz. To niewielkie okulary o wielkim charakterze.<\/p>\n<h3 data-start=\"3486\" data-end=\"3512\"><strong data-start=\"3490\" data-end=\"3510\">Dane techniczne:<\/strong><\/h3>\n<p data-start=\"3513\" data-end=\"3644\">\u2022 Szeroko\u015b\u0107 soczewki: 46 mm<br data-start=\"3540\" data-end=\"3543\" \/>\u2022 Szeroko\u015b\u0107 mostka: 21 mm<br data-start=\"3568\" data-end=\"3571\" \/>\u2022 D\u0142ugo\u015b\u0107 zausznika: 140 mm<br data-start=\"3598\" data-end=\"3601\" \/>\u2022 Materia\u0142: acetat<br data-start=\"3619\" data-end=\"3622\" \/>\u2022 Rodzaj oprawy: pe\u0142na<\/p>\n<h3 data-start=\"3646\" data-end=\"3691\"><strong data-start=\"3650\" data-end=\"3689\">Dlaczego warto wybra\u0107 Fiction 1086?<\/strong><\/h3>\n<p data-start=\"3692\" data-end=\"3829\">\u2022 Oryginalny, geometryczny kszta\u0142t.<br data-start=\"3727\" data-end=\"3730\" \/>\u2022 Idealne do modowych, kreatywnych stylizacji.<br data-start=\"3776\" data-end=\"3779\" \/>\u2022 Pastelowe i kontrastowe wyko\u0144czenia linii Blush.<\/p>\n","protected":false},"excerpt":{"rendered":"<p>Blush \u2013 Fiction 1086\u00a0 Model Fiction 1086 to ma\u0142e, stylowe oprawki o geometrycznej, wyra\u017anej formie, idealne dla kobiet ceni\u0105cych oryginalno\u015b\u0107 i artystyczny wyraz. To niewielkie okulary o wielkim charakterze. Dane techniczne: \u2022 Szeroko\u015b\u0107 soczewki: 46 mm\u2022 Szeroko\u015b\u0107 mostka: 21 mm\u2022 D\u0142ugo\u015b\u0107 zausznika: 140 mm\u2022 Materia\u0142: acetat\u2022 Rodzaj oprawy: pe\u0142na Dlaczego warto wybra\u0107 Fiction 1086? \u2022 [&hellip;]<\/p>\n","protected":false},"featured_media":8992,"comment_status":"open","ping_status":"closed","template":"","meta":{"_acf_changed":false},"product_brand":[426],"product_cat":[50],"product_tag":[],"class_list":{"0":"post-8700","1":"product","2":"type-product","3":"status-publish","4":"has-post-thumbnail","6":"product_brand-caroline-abram","7":"product_cat-okulary-korekcyjne","9":"first","10":"instock","11":"shipping-taxable","12":"purchasable","13":"product-type-simple"},"acf":[],"_links":{"self":[{"href":"https:\/\/www.strzodowie.pl\/sklep\/wp-json\/wp\/v2\/product\/8700","targetHints":{"allow":["GET"]}}],"collection":[{"href":"https:\/\/www.strzodowie.pl\/sklep\/wp-json\/wp\/v2\/product"}],"about":[{"href":"https:\/\/www.strzodowie.pl\/sklep\/wp-json\/wp\/v2\/types\/product"}],"replies":[{"embeddable":true,"href":"https:\/\/www.strzodowie.pl\/sklep\/wp-json\/wp\/v2\/comments?post=8700"}],"wp:featuredmedia":[{"embeddable":true,"href":"https:\/\/www.strzodowie.pl\/sklep\/wp-json\/wp\/v2\/media\/8992"}],"wp:attachment":[{"href":"https:\/\/www.strzodowie.pl\/sklep\/wp-json\/wp\/v2\/media?parent=8700"}],"wp:term":[{"taxonomy":"product_brand","embeddable":true,"href":"https:\/\/www.strzodowie.pl\/sklep\/wp-json\/wp\/v2\/product_brand?post=8700"},{"taxonomy":"product_cat","embeddable":true,"href":"https:\/\/www.strzodowie.pl\/sklep\/wp-json\/wp\/v2\/product_cat?post=8700"},{"taxonomy":"product_tag","embeddable":true,"href":"https:\/\/www.strzodowie.pl\/sklep\/wp-json\/wp\/v2\/product_tag?post=8700"}],"curies":[{"name":"wp","href":"https:\/\/api.w.org\/{rel}","templated":true}]}}