{"id":8696,"date":"2025-12-01T12:56:23","date_gmt":"2025-12-01T11:56:23","guid":{"rendered":"https:\/\/www.strzodowie.pl\/sklep\/?post_type=product&#038;p=8696"},"modified":"2026-01-28T10:32:52","modified_gmt":"2026-01-28T09:32:52","slug":"caroline-abram-blush-etoile","status":"publish","type":"product","link":"https:\/\/www.strzodowie.pl\/sklep\/product\/caroline-abram-blush-etoile\/","title":{"rendered":"Caroline Abram- Blush Etoile"},"content":{"rendered":"<h1 data-start=\"2517\" data-end=\"2553\"><strong data-start=\"2519\" data-end=\"2553\">Blush \u2013 Etoile 673\u00a0<\/strong><\/h1>\n<p data-start=\"2555\" data-end=\"2739\">Model <strong data-start=\"2561\" data-end=\"2575\">Etoile 673<\/strong> to eleganckie oprawki o <strong data-start=\"2600\" data-end=\"2640\">mi\u0119kkim, lekko kwadratowym kszta\u0142cie<\/strong>. S\u0105 subtelne, harmonijne i idealne dla os\u00f3b szukaj\u0105cych po\u0142\u0105czenia klasyki z nowoczesn\u0105 lekko\u015bci\u0105.<\/p>\n<h3 data-start=\"2741\" data-end=\"2767\"><strong data-start=\"2745\" data-end=\"2765\">Dane techniczne:<\/strong><\/h3>\n<p data-start=\"2768\" data-end=\"2899\">\u2022 Szeroko\u015b\u0107 soczewki: 51 mm<br data-start=\"2795\" data-end=\"2798\" \/>\u2022 Szeroko\u015b\u0107 mostka: 19 mm<br data-start=\"2823\" data-end=\"2826\" \/>\u2022 D\u0142ugo\u015b\u0107 zausznika: 140 mm<br data-start=\"2853\" data-end=\"2856\" \/>\u2022 Materia\u0142: acetat<br data-start=\"2874\" data-end=\"2877\" \/>\u2022 Rodzaj oprawy: pe\u0142na<\/p>\n<h3 data-start=\"2901\" data-end=\"2944\"><strong data-start=\"2905\" data-end=\"2942\">Dlaczego warto wybra\u0107 Etoile 673?<\/strong><\/h3>\n<p data-start=\"2945\" data-end=\"3085\">\u2022 Klasyczna forma w mi\u0119kkiej, kobiecej ods\u0142onie.<br data-start=\"2993\" data-end=\"2996\" \/>\u2022 Pastelowe, roz\u015bwietlaj\u0105ce kolory.<br data-start=\"3031\" data-end=\"3034\" \/>\u2022 Wygodna konstrukcja do noszenia przez ca\u0142y dzie\u0144.<\/p>\n","protected":false},"excerpt":{"rendered":"<p>Blush \u2013 Etoile 673\u00a0 Model Etoile 673 to eleganckie oprawki o mi\u0119kkim, lekko kwadratowym kszta\u0142cie. S\u0105 subtelne, harmonijne i idealne dla os\u00f3b szukaj\u0105cych po\u0142\u0105czenia klasyki z nowoczesn\u0105 lekko\u015bci\u0105. Dane techniczne: \u2022 Szeroko\u015b\u0107 soczewki: 51 mm\u2022 Szeroko\u015b\u0107 mostka: 19 mm\u2022 D\u0142ugo\u015b\u0107 zausznika: 140 mm\u2022 Materia\u0142: acetat\u2022 Rodzaj oprawy: pe\u0142na Dlaczego warto wybra\u0107 Etoile 673? \u2022 Klasyczna [&hellip;]<\/p>\n","protected":false},"featured_media":8698,"comment_status":"open","ping_status":"closed","template":"","meta":{"_acf_changed":false},"product_brand":[426],"product_cat":[50],"product_tag":[174,444,427,362,447,437,431,146,448,322],"class_list":{"0":"post-8696","1":"product","2":"type-product","3":"status-publish","4":"has-post-thumbnail","6":"product_brand-caroline-abram","7":"product_cat-okulary-korekcyjne","8":"product_tag-acetat","9":"product_tag-blush","10":"product_tag-caroline-abram","11":"product_tag-eleganckie-oprawki","12":"product_tag-etoile","13":"product_tag-fashion-eyewear","14":"product_tag-kobiecy-styl","15":"product_tag-kwadratowe-oprawki","16":"product_tag-pastelowe-okulary","17":"product_tag-styl-premium","19":"first","20":"instock","21":"shipping-taxable","22":"purchasable","23":"product-type-simple"},"acf":[],"_links":{"self":[{"href":"https:\/\/www.strzodowie.pl\/sklep\/wp-json\/wp\/v2\/product\/8696","targetHints":{"allow":["GET"]}}],"collection":[{"href":"https:\/\/www.strzodowie.pl\/sklep\/wp-json\/wp\/v2\/product"}],"about":[{"href":"https:\/\/www.strzodowie.pl\/sklep\/wp-json\/wp\/v2\/types\/product"}],"replies":[{"embeddable":true,"href":"https:\/\/www.strzodowie.pl\/sklep\/wp-json\/wp\/v2\/comments?post=8696"}],"wp:featuredmedia":[{"embeddable":true,"href":"https:\/\/www.strzodowie.pl\/sklep\/wp-json\/wp\/v2\/media\/8698"}],"wp:attachment":[{"href":"https:\/\/www.strzodowie.pl\/sklep\/wp-json\/wp\/v2\/media?parent=8696"}],"wp:term":[{"taxonomy":"product_brand","embeddable":true,"href":"https:\/\/www.strzodowie.pl\/sklep\/wp-json\/wp\/v2\/product_brand?post=8696"},{"taxonomy":"product_cat","embeddable":true,"href":"https:\/\/www.strzodowie.pl\/sklep\/wp-json\/wp\/v2\/product_cat?post=8696"},{"taxonomy":"product_tag","embeddable":true,"href":"https:\/\/www.strzodowie.pl\/sklep\/wp-json\/wp\/v2\/product_tag?post=8696"}],"curies":[{"name":"wp","href":"https:\/\/api.w.org\/{rel}","templated":true}]}}