{"id":8693,"date":"2025-12-01T12:50:50","date_gmt":"2025-12-01T11:50:50","guid":{"rendered":"https:\/\/www.strzodowie.pl\/sklep\/?post_type=product&#038;p=8693"},"modified":"2026-01-28T10:32:52","modified_gmt":"2026-01-28T09:32:52","slug":"caroline-abram-blush-fame","status":"publish","type":"product","link":"https:\/\/www.strzodowie.pl\/sklep\/product\/caroline-abram-blush-fame\/","title":{"rendered":"Caroline Abram &#8211; Blush Fame"},"content":{"rendered":"<h1 data-start=\"1729\" data-end=\"1764\"><strong data-start=\"1731\" data-end=\"1764\">Blush \u2013 Fame 1085\u00a0<\/strong><\/h1>\n<p data-start=\"1766\" data-end=\"1993\">Model <strong data-start=\"1772\" data-end=\"1785\">Fame 1085<\/strong> to subtelne, kompaktowe oprawki o <strong data-start=\"1820\" data-end=\"1850\">owalnym, mi\u0119kkim kszta\u0142cie<\/strong>, kt\u00f3re delikatnie podkre\u015blaj\u0105 rysy twarzy. Pastelowe odcienie charakterystyczne dla kolekcji Blush nadaj\u0105 im \u015bwie\u017co\u015bci i dziewcz\u0119cej lekko\u015bci.<\/p>\n<h3 data-start=\"1995\" data-end=\"2021\"><strong data-start=\"1999\" data-end=\"2019\">Dane techniczne:<\/strong><\/h3>\n<p data-start=\"2022\" data-end=\"2153\">\u2022 Szeroko\u015b\u0107 soczewki: 46 mm<br data-start=\"2049\" data-end=\"2052\" \/>\u2022 Szeroko\u015b\u0107 mostka: 20 mm<br data-start=\"2077\" data-end=\"2080\" \/>\u2022 D\u0142ugo\u015b\u0107 zausznika: 140 mm<br data-start=\"2107\" data-end=\"2110\" \/>\u2022 Materia\u0142: acetat<br data-start=\"2128\" data-end=\"2131\" \/>\u2022 Rodzaj oprawy: pe\u0142na<\/p>\n<h3 data-start=\"2155\" data-end=\"2197\"><strong data-start=\"2159\" data-end=\"2195\">Dlaczego warto wybra\u0107 Fame 1085?<\/strong><\/h3>\n<p data-start=\"2198\" data-end=\"2361\">\u2022 Idealne dla mi\u0142o\u015bniczek ma\u0142ych, subtelnych oprawek.<br data-start=\"2251\" data-end=\"2254\" \/>\u2022 Harmonijny, mi\u0119kki owal.<br data-start=\"2280\" data-end=\"2283\" \/>\u2022 Lekko\u015b\u0107 i pastelowe barwy typowe dla Blush.<br data-start=\"2328\" data-end=\"2331\" \/>\u2022 Kobieca, delikatna estetyka.<\/p>\n","protected":false},"excerpt":{"rendered":"<p>Blush \u2013 Fame 1085\u00a0 Model Fame 1085 to subtelne, kompaktowe oprawki o owalnym, mi\u0119kkim kszta\u0142cie, kt\u00f3re delikatnie podkre\u015blaj\u0105 rysy twarzy. Pastelowe odcienie charakterystyczne dla kolekcji Blush nadaj\u0105 im \u015bwie\u017co\u015bci i dziewcz\u0119cej lekko\u015bci. Dane techniczne: \u2022 Szeroko\u015b\u0107 soczewki: 46 mm\u2022 Szeroko\u015b\u0107 mostka: 20 mm\u2022 D\u0142ugo\u015b\u0107 zausznika: 140 mm\u2022 Materia\u0142: acetat\u2022 Rodzaj oprawy: pe\u0142na Dlaczego warto wybra\u0107 [&hellip;]<\/p>\n","protected":false},"featured_media":8985,"comment_status":"open","ping_status":"closed","template":"","meta":{"_acf_changed":false},"product_brand":[426],"product_cat":[50],"product_tag":[174,444,427,443,445,431,341,229,442,446],"class_list":{"0":"post-8693","1":"product","2":"type-product","3":"status-publish","4":"has-post-thumbnail","6":"product_brand-caroline-abram","7":"product_cat-okulary-korekcyjne","8":"product_tag-acetat","9":"product_tag-blush","10":"product_tag-caroline-abram","11":"product_tag-delikatne-okulary","12":"product_tag-fame","13":"product_tag-kobiecy-styl","14":"product_tag-male-oprawki","15":"product_tag-modne-oprawki","16":"product_tag-owalne-oprawki","17":"product_tag-pastelowe-kolory","19":"first","20":"instock","21":"shipping-taxable","22":"purchasable","23":"product-type-simple"},"acf":[],"_links":{"self":[{"href":"https:\/\/www.strzodowie.pl\/sklep\/wp-json\/wp\/v2\/product\/8693","targetHints":{"allow":["GET"]}}],"collection":[{"href":"https:\/\/www.strzodowie.pl\/sklep\/wp-json\/wp\/v2\/product"}],"about":[{"href":"https:\/\/www.strzodowie.pl\/sklep\/wp-json\/wp\/v2\/types\/product"}],"replies":[{"embeddable":true,"href":"https:\/\/www.strzodowie.pl\/sklep\/wp-json\/wp\/v2\/comments?post=8693"}],"wp:featuredmedia":[{"embeddable":true,"href":"https:\/\/www.strzodowie.pl\/sklep\/wp-json\/wp\/v2\/media\/8985"}],"wp:attachment":[{"href":"https:\/\/www.strzodowie.pl\/sklep\/wp-json\/wp\/v2\/media?parent=8693"}],"wp:term":[{"taxonomy":"product_brand","embeddable":true,"href":"https:\/\/www.strzodowie.pl\/sklep\/wp-json\/wp\/v2\/product_brand?post=8693"},{"taxonomy":"product_cat","embeddable":true,"href":"https:\/\/www.strzodowie.pl\/sklep\/wp-json\/wp\/v2\/product_cat?post=8693"},{"taxonomy":"product_tag","embeddable":true,"href":"https:\/\/www.strzodowie.pl\/sklep\/wp-json\/wp\/v2\/product_tag?post=8693"}],"curies":[{"name":"wp","href":"https:\/\/api.w.org\/{rel}","templated":true}]}}