{"id":8690,"date":"2025-12-01T12:44:48","date_gmt":"2025-12-01T11:44:48","guid":{"rendered":"https:\/\/www.strzodowie.pl\/sklep\/?post_type=product&#038;p=8690"},"modified":"2026-01-28T10:32:52","modified_gmt":"2026-01-28T09:32:52","slug":"caroline-abram-orea-767","status":"publish","type":"product","link":"https:\/\/www.strzodowie.pl\/sklep\/product\/caroline-abram-orea-767\/","title":{"rendered":"Caroline Abram Orea 767"},"content":{"rendered":"<h1 data-start=\"5176\" data-end=\"5219\"><strong data-start=\"5178\" data-end=\"5219\">Caroline Abram \u2013 Orea 767\u00a0<\/strong><\/h1>\n<p data-start=\"5221\" data-end=\"5418\">Model <strong data-start=\"5227\" data-end=\"5239\">Orea 767<\/strong> wyr\u00f3\u017cnia si\u0119 kobiecym, mi\u0119kkim kszta\u0142tem z delikatnym, artystycznym profilem. To oprawki stworzone dla kobiet, kt\u00f3re lubi\u0105 romantyczn\u0105 elegancj\u0119 po\u0142\u0105czon\u0105 z nowoczesn\u0105 lekko\u015bci\u0105.<\/p>\n<p data-start=\"5420\" data-end=\"5574\"><strong data-start=\"5420\" data-end=\"5440\">Dane techniczne:<\/strong><br data-start=\"5440\" data-end=\"5443\" \/>\u2022 Szeroko\u015b\u0107 soczewki: 51 mm<br data-start=\"5470\" data-end=\"5473\" \/>\u2022 Szeroko\u015b\u0107 mostka: 19 mm<br data-start=\"5498\" data-end=\"5501\" \/>\u2022 D\u0142ugo\u015b\u0107 zausznika: 140 mm<br data-start=\"5528\" data-end=\"5531\" \/>\u2022 Materia\u0142: acetat<br data-start=\"5549\" data-end=\"5552\" \/>\u2022 Rodzaj oprawy: pe\u0142na<\/p>\n<p data-start=\"5576\" data-end=\"5779\"><strong data-start=\"5576\" data-end=\"5611\">Dlaczego warto wybra\u0107 Orea 767?<\/strong><br data-start=\"5611\" data-end=\"5614\" \/>\u2022 Romantyczny, kobiecy design.<br data-start=\"5644\" data-end=\"5647\" \/>\u2022 Mi\u0119kki, harmonijny kszta\u0142t.<br data-start=\"5676\" data-end=\"5679\" \/>\u2022 Stylowa lekko\u015b\u0107 Caroline Abram.<br data-start=\"5712\" data-end=\"5715\" \/>\u2022 Idealne do subtelnych stylizacji.<br data-start=\"5750\" data-end=\"5753\" \/>\u2022 Wysoka jako\u015b\u0107 wykonania.<\/p>\n","protected":false},"excerpt":{"rendered":"<p>Caroline Abram \u2013 Orea 767\u00a0 Model Orea 767 wyr\u00f3\u017cnia si\u0119 kobiecym, mi\u0119kkim kszta\u0142tem z delikatnym, artystycznym profilem. To oprawki stworzone dla kobiet, kt\u00f3re lubi\u0105 romantyczn\u0105 elegancj\u0119 po\u0142\u0105czon\u0105 z nowoczesn\u0105 lekko\u015bci\u0105. Dane techniczne:\u2022 Szeroko\u015b\u0107 soczewki: 51 mm\u2022 Szeroko\u015b\u0107 mostka: 19 mm\u2022 D\u0142ugo\u015b\u0107 zausznika: 140 mm\u2022 Materia\u0142: acetat\u2022 Rodzaj oprawy: pe\u0142na Dlaczego warto wybra\u0107 Orea 767?\u2022 Romantyczny, [&hellip;]<\/p>\n","protected":false},"featured_media":8990,"comment_status":"open","ping_status":"closed","template":"","meta":{"_acf_changed":false},"product_brand":[426],"product_cat":[50],"product_tag":[174,427,443,428,344,229,441,442,227,322],"class_list":{"0":"post-8690","1":"product","2":"type-product","3":"status-publish","4":"has-post-thumbnail","6":"product_brand-caroline-abram","7":"product_cat-okulary-korekcyjne","8":"product_tag-acetat","9":"product_tag-caroline-abram","10":"product_tag-delikatne-okulary","11":"product_tag-francuski-styl","12":"product_tag-kobiecy-design","13":"product_tag-modne-oprawki","14":"product_tag-orea","15":"product_tag-owalne-oprawki","16":"product_tag-pelna-oprawa","17":"product_tag-styl-premium","19":"first","20":"instock","21":"shipping-taxable","22":"purchasable","23":"product-type-simple"},"acf":[],"_links":{"self":[{"href":"https:\/\/www.strzodowie.pl\/sklep\/wp-json\/wp\/v2\/product\/8690","targetHints":{"allow":["GET"]}}],"collection":[{"href":"https:\/\/www.strzodowie.pl\/sklep\/wp-json\/wp\/v2\/product"}],"about":[{"href":"https:\/\/www.strzodowie.pl\/sklep\/wp-json\/wp\/v2\/types\/product"}],"replies":[{"embeddable":true,"href":"https:\/\/www.strzodowie.pl\/sklep\/wp-json\/wp\/v2\/comments?post=8690"}],"wp:featuredmedia":[{"embeddable":true,"href":"https:\/\/www.strzodowie.pl\/sklep\/wp-json\/wp\/v2\/media\/8990"}],"wp:attachment":[{"href":"https:\/\/www.strzodowie.pl\/sklep\/wp-json\/wp\/v2\/media?parent=8690"}],"wp:term":[{"taxonomy":"product_brand","embeddable":true,"href":"https:\/\/www.strzodowie.pl\/sklep\/wp-json\/wp\/v2\/product_brand?post=8690"},{"taxonomy":"product_cat","embeddable":true,"href":"https:\/\/www.strzodowie.pl\/sklep\/wp-json\/wp\/v2\/product_cat?post=8690"},{"taxonomy":"product_tag","embeddable":true,"href":"https:\/\/www.strzodowie.pl\/sklep\/wp-json\/wp\/v2\/product_tag?post=8690"}],"curies":[{"name":"wp","href":"https:\/\/api.w.org\/{rel}","templated":true}]}}